	{"id":21349,"date":"2024-06-07T11:46:22","date_gmt":"2024-06-07T09:46:22","guid":{"rendered":"https:\/\/rebub.u-bordeaux.fr\/?page_id=21349"},"modified":"2024-11-05T15:56:37","modified_gmt":"2024-11-05T14:56:37","slug":"transferer-un-portfolio-dune-notice-bibliographique-a-une-autre","status":"publish","type":"page","link":"https:\/\/rebub.u-bordeaux.fr\/index.php\/alma\/procedures\/documentation-electronique\/portfolios-collections\/transferer-un-portfolio-dune-notice-bibliographique-a-une-autre\/","title":{"rendered":"Transf\u00e9rer un portfolio d\u2019une notice bibliographique \u00e0 une autre"},"content":{"rendered":"<div id='wpig-floatingbar' class='wpig-floatingbar'><div id='wpig-switch-wrapper' class='wpig-switch-wrapper'><span id='wpig-floating-switch' class='wpig-floating-switch'><img src='https:\/\/rebub.u-bordeaux.fr\/wp-content\/plugins\/sticky-toc-advance-table-of-contents\/\\assets\\menu.png'><\/span><\/div><\/div><p><\/p>\n<div class=\"is-layout-constrained wp-block-group bord-bloc-reutilisable\"><div class=\"wp-block-group__inner-container\">\n<div class=\"is-layout-flex wp-container-3 wp-block-columns alignfull bord-bloc-reutilisable has-background\" style=\"background-color:#ff303047\">\n<div class=\"is-layout-flow wp-block-column is-vertically-aligned-center\" style=\"flex-basis:7%\">\n<figure class=\"wp-block-image alignfull size-full\"><img decoding=\"async\" loading=\"lazy\" width=\"512\" height=\"512\" src=\"https:\/\/rebub.u-bordeaux.fr\/wp-content\/uploads\/2024\/04\/point-dexclamation.png\" alt=\"\" class=\"wp-image-19898\" srcset=\"https:\/\/rebub.u-bordeaux.fr\/wp-content\/uploads\/2024\/04\/point-dexclamation.png 512w, https:\/\/rebub.u-bordeaux.fr\/wp-content\/uploads\/2024\/04\/point-dexclamation-300x300.png 300w, https:\/\/rebub.u-bordeaux.fr\/wp-content\/uploads\/2024\/04\/point-dexclamation-150x150.png 150w\" sizes=\"(max-width: 512px) 100vw, 512px\" \/><\/figure>\n<\/div>\n\n\n\n<div class=\"is-layout-flow wp-block-column is-vertically-aligned-center\" style=\"flex-basis:85%\">\n<p><strong>Attention !<\/strong> Si votre portfolio est actif et fait partie d&rsquo;une collection synchronis\u00e9e avec le SUDOC, il faudra <strong>supprimer l&rsquo;inventaire existant<\/strong> dans le SUDOC <strong>avant de faire le transfert<\/strong>.<\/p>\n\n\n\n<p>S&rsquo;il y a plusieurs localisations dans le SUDOC, il faudra se baser sur l&rsquo;identifiant du portfolio dans la zone E 919$a pour \u00eatre s\u00fbr de supprimer le bon exemplaire.<\/p>\n<\/div>\n<\/div>\n<\/div><\/div>\n\n\n\n<p>Se positionner sur le portfolio que vous voulez d\u00e9placer.<\/p>\n\n\n\n<p>Dans l&rsquo;\u00e9diteur de portfolio, cliquer sur le bouton \u00ab&nbsp;Lier \u00e0 une autre notice bibliographique&nbsp;\u00bb<\/p>\n\n\n\n<figure class=\"wp-block-image size-large\"><img decoding=\"async\" loading=\"lazy\" width=\"1024\" height=\"85\" src=\"https:\/\/rebub.u-bordeaux.fr\/wp-content\/uploads\/2024\/06\/editeurportfolio-1024x85.png\" alt=\"\" class=\"wp-image-21350\" srcset=\"https:\/\/rebub.u-bordeaux.fr\/wp-content\/uploads\/2024\/06\/editeurportfolio-1024x85.png 1024w, https:\/\/rebub.u-bordeaux.fr\/wp-content\/uploads\/2024\/06\/editeurportfolio-300x25.png 300w, https:\/\/rebub.u-bordeaux.fr\/wp-content\/uploads\/2024\/06\/editeurportfolio-768x63.png 768w, https:\/\/rebub.u-bordeaux.fr\/wp-content\/uploads\/2024\/06\/editeurportfolio-1536x127.png 1536w, https:\/\/rebub.u-bordeaux.fr\/wp-content\/uploads\/2024\/06\/editeurportfolio-2048x169.png 2048w\" sizes=\"(max-width: 1024px) 100vw, 1024px\" \/><\/figure>\n\n\n\n<p>Dans le pop-up qui apparait, cliquer sur \u00ab&nbsp;S\u00e9lectionner le titre dans une liste&nbsp;\u00bb pour acc\u00e9der \u00e0 la recherche.<\/p>\n\n\n\n<figure class=\"wp-block-image size-full\"><img decoding=\"async\" loading=\"lazy\" width=\"900\" height=\"270\" src=\"https:\/\/rebub.u-bordeaux.fr\/wp-content\/uploads\/2024\/06\/confirmationpourrelier.png\" alt=\"\" class=\"wp-image-21353\" srcset=\"https:\/\/rebub.u-bordeaux.fr\/wp-content\/uploads\/2024\/06\/confirmationpourrelier.png 900w, https:\/\/rebub.u-bordeaux.fr\/wp-content\/uploads\/2024\/06\/confirmationpourrelier-300x90.png 300w, https:\/\/rebub.u-bordeaux.fr\/wp-content\/uploads\/2024\/06\/confirmationpourrelier-768x230.png 768w\" sizes=\"(max-width: 900px) 100vw, 900px\" \/><\/figure>\n\n\n\n<p>Rechercher votre notice cible. S\u00e9lectionner la notice sous laquelle vous voulez transf\u00e9rer votre portfolio en cliquant dessus.<\/p>\n\n\n\n<figure class=\"wp-block-image size-large\"><img decoding=\"async\" loading=\"lazy\" width=\"1024\" height=\"323\" src=\"https:\/\/rebub.u-bordeaux.fr\/wp-content\/uploads\/2024\/06\/rechercheportfolio-1-1024x323.png\" alt=\"\" class=\"wp-image-21352\" srcset=\"https:\/\/rebub.u-bordeaux.fr\/wp-content\/uploads\/2024\/06\/rechercheportfolio-1-1024x323.png 1024w, https:\/\/rebub.u-bordeaux.fr\/wp-content\/uploads\/2024\/06\/rechercheportfolio-1-300x94.png 300w, https:\/\/rebub.u-bordeaux.fr\/wp-content\/uploads\/2024\/06\/rechercheportfolio-1-768x242.png 768w, https:\/\/rebub.u-bordeaux.fr\/wp-content\/uploads\/2024\/06\/rechercheportfolio-1-1536x484.png 1536w, https:\/\/rebub.u-bordeaux.fr\/wp-content\/uploads\/2024\/06\/rechercheportfolio-1.png 2048w\" sizes=\"(max-width: 1024px) 100vw, 1024px\" \/><\/figure>\n\n\n\n<p>Avant de cliquer sur confirmer, choisir ce qu\u2019il doit se passer pour la notice de d\u00e9part&nbsp;:<\/p>\n\n\n\n<figure class=\"wp-block-image size-full\"><img decoding=\"async\" loading=\"lazy\" width=\"923\" height=\"372\" src=\"https:\/\/rebub.u-bordeaux.fr\/wp-content\/uploads\/2024\/06\/portfoliochoixfinal.png\" alt=\"\" class=\"wp-image-21355\" srcset=\"https:\/\/rebub.u-bordeaux.fr\/wp-content\/uploads\/2024\/06\/portfoliochoixfinal.png 923w, https:\/\/rebub.u-bordeaux.fr\/wp-content\/uploads\/2024\/06\/portfoliochoixfinal-300x121.png 300w, https:\/\/rebub.u-bordeaux.fr\/wp-content\/uploads\/2024\/06\/portfoliochoixfinal-768x310.png 768w\" sizes=\"(max-width: 923px) 100vw, 923px\" \/><\/figure>\n\n\n\n<ul>\n<li>Ne rien faire&nbsp;: \u00e0 choisir s\u2019il y a d\u2019autres portfolios sous la notice<\/li>\n\n\n\n<li>Supprimer la\/les notices bibliographiques sans inventaire&nbsp;: \u00e0 choisir si la notice de d\u00e9part doit \u00eatre supprim\u00e9e.<\/li>\n\n\n\n<li>Ne pas utiliser le troisi\u00e8me choix.<\/li>\n<\/ul>\n\n\n\n<p>Cliquer sur \u00ab\u00a0Confirmer\u00a0\u00bb<\/p>\n\n\n\n<p>Un message vous informe du succ\u00e8s du d\u00e9placement du portfolio.<\/p>\n\n\n\n<p>Cliquer sur \u00ab&nbsp;Enregistrer&nbsp;\u00bb dans l&rsquo;\u00e9diteur de portfolio. <\/p>\n\n\n\n<figure class=\"wp-block-image size-full\"><img decoding=\"async\" loading=\"lazy\" width=\"857\" height=\"71\" src=\"https:\/\/rebub.u-bordeaux.fr\/wp-content\/uploads\/2024\/06\/portfolioenregistrer.png\" alt=\"\" class=\"wp-image-21354\" srcset=\"https:\/\/rebub.u-bordeaux.fr\/wp-content\/uploads\/2024\/06\/portfolioenregistrer.png 857w, https:\/\/rebub.u-bordeaux.fr\/wp-content\/uploads\/2024\/06\/portfolioenregistrer-300x25.png 300w, https:\/\/rebub.u-bordeaux.fr\/wp-content\/uploads\/2024\/06\/portfolioenregistrer-768x64.png 768w\" sizes=\"(max-width: 857px) 100vw, 857px\" \/><\/figure>\n\n\n\n<p>Votre portfolio a \u00e9t\u00e9 d\u00e9plac\u00e9 vers une autre notice.<\/p>\n\n\n\n<div class=\"is-layout-flex wp-container-10 wp-block-columns bord-bloc-reutilisable has-background\" style=\"background-color:#d9edf7\">\n<div class=\"is-layout-flow wp-block-column is-vertically-aligned-center\" style=\"font-size:15px;flex-basis:20%\">\n<p style=\"font-size:15px\"><strong>Date de publication<\/strong> <\/p>\n\n\n<div style=\"font-size:15px;\" class=\"wp-block-post-date\"><time datetime=\"2024-06-07T11:46:22+02:00\">7 juin 2024<\/time><\/div><\/div>\n\n\n\n<div class=\"is-layout-flow wp-block-column is-vertically-aligned-center\" style=\"font-size:15px;flex-basis:20%\">\n<p><strong>Mis \u00e0 jour le <\/strong><\/p>\n\n\n<div style=\"font-size:15px;\" class=\"wp-block-post-date\"><time datetime=\"2024-11-05T15:56:37+01:00\">5 novembre 2024<\/time><\/div><\/div>\n\n\n\n<div class=\"is-layout-flow wp-block-column is-vertically-aligned-center\" style=\"font-size:15px;flex-basis:40%\">\n<p><\/p>\n\n\n\n<p><strong>Attention ! <\/strong>Certains \u00e9tablissements utilisent parfois de proc\u00e9dures compl\u00e9mentaires <\/p>\n<\/div>\n\n\n\n<div class=\"is-layout-flow wp-block-column is-vertically-aligned-center\" style=\"font-size:15px;flex-basis:25%\">\n<div class=\"is-horizontal is-content-justification-center is-layout-flex wp-container-8 wp-block-buttons alignfull has-custom-font-size\" style=\"font-size:16px\">\n<div class=\"wp-block-button has-custom-width wp-block-button__width-75 has-custom-font-size is-style-fill\" style=\"font-size:15px\"><a class=\"wp-block-button__link has-white-color has-text-color has-background wp-element-button\" href=\"mailto:scoop@u-bordeaux.fr\" style=\"border-radius:65px;background-color:#000000db\"><strong>Signaler une erreur<\/strong><\/a><\/div>\n<\/div>\n<\/div>\n<\/div>\n","protected":false},"excerpt":{"rendered":"<p>Attention ! Si votre portfolio est actif et fait partie d&rsquo;une collection synchronis\u00e9e avec le SUDOC, il faudra supprimer l&rsquo;inventaire existant dans le SUDOC avant de faire le transfert. S&rsquo;il y a plusieurs localisations dans le SUDOC, il faudra se&#8230;<\/p>\n","protected":false},"author":82,"featured_media":0,"parent":18610,"menu_order":11,"comment_status":"closed","ping_status":"closed","template":"","meta":[],"post_mailing_queue_ids":[],"_links":{"self":[{"href":"https:\/\/rebub.u-bordeaux.fr\/index.php\/wp-json\/wp\/v2\/pages\/21349"}],"collection":[{"href":"https:\/\/rebub.u-bordeaux.fr\/index.php\/wp-json\/wp\/v2\/pages"}],"about":[{"href":"https:\/\/rebub.u-bordeaux.fr\/index.php\/wp-json\/wp\/v2\/types\/page"}],"author":[{"embeddable":true,"href":"https:\/\/rebub.u-bordeaux.fr\/index.php\/wp-json\/wp\/v2\/users\/82"}],"replies":[{"embeddable":true,"href":"https:\/\/rebub.u-bordeaux.fr\/index.php\/wp-json\/wp\/v2\/comments?post=21349"}],"version-history":[{"count":4,"href":"https:\/\/rebub.u-bordeaux.fr\/index.php\/wp-json\/wp\/v2\/pages\/21349\/revisions"}],"predecessor-version":[{"id":22662,"href":"https:\/\/rebub.u-bordeaux.fr\/index.php\/wp-json\/wp\/v2\/pages\/21349\/revisions\/22662"}],"up":[{"embeddable":true,"href":"https:\/\/rebub.u-bordeaux.fr\/index.php\/wp-json\/wp\/v2\/pages\/18610"}],"wp:attachment":[{"href":"https:\/\/rebub.u-bordeaux.fr\/index.php\/wp-json\/wp\/v2\/media?parent=21349"}],"curies":[{"name":"wp","href":"https:\/\/api.w.org\/{rel}","templated":true}]}}