	{"id":21708,"date":"2024-06-28T10:07:42","date_gmt":"2024-06-28T08:07:42","guid":{"rendered":"https:\/\/rebub.u-bordeaux.fr\/?page_id=21708"},"modified":"2024-06-28T10:36:05","modified_gmt":"2024-06-28T08:36:05","slug":"ressources","status":"publish","type":"page","link":"https:\/\/rebub.u-bordeaux.fr\/index.php\/le-patrimoine-documentaire\/latelier\/ressources\/","title":{"rendered":"Les actualit\u00e9s"},"content":{"rendered":"<div id='wpig-floatingbar' class='wpig-floatingbar'><div id='wpig-switch-wrapper' class='wpig-switch-wrapper'><span id='wpig-floating-switch' class='wpig-floating-switch'><img src='https:\/\/rebub.u-bordeaux.fr\/wp-content\/plugins\/sticky-toc-advance-table-of-contents\/\\assets\\menu.png'><\/span><\/div><\/div><p><\/p><ul class=\"wp-block-latest-posts__list is-grid columns-2 has-dates has-author aligncenter wp-block-latest-posts\"><li><div class=\"wp-block-latest-posts__featured-image\"><img width=\"640\" height=\"480\" src=\"https:\/\/rebub.u-bordeaux.fr\/wp-content\/uploads\/2021\/09\/IMG_1652-1024x768.jpg\" class=\"attachment-large size-large wp-post-image\" alt=\"\" decoding=\"async\" loading=\"lazy\" style=\"\" srcset=\"https:\/\/rebub.u-bordeaux.fr\/wp-content\/uploads\/2021\/09\/IMG_1652-1024x768.jpg 1024w, https:\/\/rebub.u-bordeaux.fr\/wp-content\/uploads\/2021\/09\/IMG_1652-300x225.jpg 300w, https:\/\/rebub.u-bordeaux.fr\/wp-content\/uploads\/2021\/09\/IMG_1652-768x576.jpg 768w, https:\/\/rebub.u-bordeaux.fr\/wp-content\/uploads\/2021\/09\/IMG_1652-1536x1152.jpg 1536w, https:\/\/rebub.u-bordeaux.fr\/wp-content\/uploads\/2021\/09\/IMG_1652-2048x1536.jpg 2048w\" sizes=\"(max-width: 640px) 100vw, 640px\" \/><\/div><a class=\"wp-block-latest-posts__post-title\" href=\"https:\/\/rebub.u-bordeaux.fr\/index.php\/un-nouveau-materiel-de-taille-pour-latelier-de-numerisation\/\">Un nouveau mat\u00e9riel (de taille) pour l\u2019atelier de num\u00e9risation<\/a><div class=\"wp-block-latest-posts__post-author\">par Zambau Fabrice<\/div><time datetime=\"2021-09-23T13:50:39+02:00\" class=\"wp-block-latest-posts__post-date\">23 septembre 2021<\/time><div class=\"wp-block-latest-posts__post-excerpt\">Le Copy Book, pr\u00e9sent \u00e0 l\u2019atelier depuis 2018, a accueilli, il y a un peu plus d\u2019une semaine, son petit fr\u00e8re, le Copy Book V Shape ou peut-\u00eatre devrait-on dire son grand fr\u00e8re au vu de ses dimensions. En effet&#8230;<\/div><\/li>\n<li><div class=\"wp-block-latest-posts__featured-image\"><img width=\"360\" height=\"480\" src=\"https:\/\/rebub.u-bordeaux.fr\/wp-content\/uploads\/2018\/02\/P1070918_resultat.jpg\" class=\"attachment-large size-large wp-post-image\" alt=\"\" decoding=\"async\" loading=\"lazy\" style=\"\" srcset=\"https:\/\/rebub.u-bordeaux.fr\/wp-content\/uploads\/2018\/02\/P1070918_resultat.jpg 360w, https:\/\/rebub.u-bordeaux.fr\/wp-content\/uploads\/2018\/02\/P1070918_resultat-225x300.jpg 225w\" sizes=\"(max-width: 360px) 100vw, 360px\" \/><\/div><a class=\"wp-block-latest-posts__post-title\" href=\"https:\/\/rebub.u-bordeaux.fr\/index.php\/une-arrivee-a-latelier\/\">Une arriv\u00e9e \u00e0 l&rsquo;atelier&#8230;<\/a><div class=\"wp-block-latest-posts__post-author\">par Zambau Fabrice<\/div><time datetime=\"2018-02-01T10:34:30+01:00\" class=\"wp-block-latest-posts__post-date\">1 f\u00e9vrier 2018<\/time><div class=\"wp-block-latest-posts__post-excerpt\">Il mesure 1m37 et p\u00e8se 90 kg. Il porte des lentilles et a plut\u00f4t le bras long. Son nom\u00a0: Copy Book Et non, il n\u2019est pas question d\u2019un nouveau coll\u00e8gue pour Jean-Pascal Bax et Daniel Gourd\u00e9, mais d\u2019un num\u00e9riseur de&#8230;<\/div><\/li>\n<li><div class=\"wp-block-latest-posts__featured-image\"><img width=\"640\" height=\"459\" src=\"https:\/\/rebub.u-bordeaux.fr\/wp-content\/uploads\/2017\/11\/Reliure_comics-Copier-1024x734.png\" class=\"attachment-large size-large wp-post-image\" alt=\"\" decoding=\"async\" loading=\"lazy\" style=\"\" srcset=\"https:\/\/rebub.u-bordeaux.fr\/wp-content\/uploads\/2017\/11\/Reliure_comics-Copier.png 1024w, https:\/\/rebub.u-bordeaux.fr\/wp-content\/uploads\/2017\/11\/Reliure_comics-Copier-300x215.png 300w, https:\/\/rebub.u-bordeaux.fr\/wp-content\/uploads\/2017\/11\/Reliure_comics-Copier-768x551.png 768w, https:\/\/rebub.u-bordeaux.fr\/wp-content\/uploads\/2017\/11\/Reliure_comics-Copier-321x229.png 321w\" sizes=\"(max-width: 640px) 100vw, 640px\" \/><\/div><a class=\"wp-block-latest-posts__post-title\" href=\"https:\/\/rebub.u-bordeaux.fr\/index.php\/la-reliure-contre-les-comics\/\">La reliure contre les comics !<\/a><div class=\"wp-block-latest-posts__post-author\">par Zambau Fabrice<\/div><time datetime=\"2017-12-07T11:00:12+01:00\" class=\"wp-block-latest-posts__post-date\">7 d\u00e9cembre 2017<\/time><div class=\"wp-block-latest-posts__post-excerpt\">Il y a quelques mois, l&rsquo;atelier de reliure a re\u00e7u une commande qui sort de l&rsquo;ordinaire. La biblioth\u00e8que Henri Guillemin de l&rsquo;Universit\u00e9 Bordeaux Montaigne a fait appel aux services de Jean-Pascal Bax et Daniel Gourd\u00e9 afin de relier une quantit\u00e9&#8230;<\/div><\/li>\n<\/ul>","protected":false},"excerpt":{"rendered":"","protected":false},"author":81,"featured_media":0,"parent":19327,"menu_order":1,"comment_status":"closed","ping_status":"closed","template":"","meta":[],"post_mailing_queue_ids":[],"_links":{"self":[{"href":"https:\/\/rebub.u-bordeaux.fr\/index.php\/wp-json\/wp\/v2\/pages\/21708"}],"collection":[{"href":"https:\/\/rebub.u-bordeaux.fr\/index.php\/wp-json\/wp\/v2\/pages"}],"about":[{"href":"https:\/\/rebub.u-bordeaux.fr\/index.php\/wp-json\/wp\/v2\/types\/page"}],"author":[{"embeddable":true,"href":"https:\/\/rebub.u-bordeaux.fr\/index.php\/wp-json\/wp\/v2\/users\/81"}],"replies":[{"embeddable":true,"href":"https:\/\/rebub.u-bordeaux.fr\/index.php\/wp-json\/wp\/v2\/comments?post=21708"}],"version-history":[{"count":4,"href":"https:\/\/rebub.u-bordeaux.fr\/index.php\/wp-json\/wp\/v2\/pages\/21708\/revisions"}],"predecessor-version":[{"id":21727,"href":"https:\/\/rebub.u-bordeaux.fr\/index.php\/wp-json\/wp\/v2\/pages\/21708\/revisions\/21727"}],"up":[{"embeddable":true,"href":"https:\/\/rebub.u-bordeaux.fr\/index.php\/wp-json\/wp\/v2\/pages\/19327"}],"wp:attachment":[{"href":"https:\/\/rebub.u-bordeaux.fr\/index.php\/wp-json\/wp\/v2\/media?parent=21708"}],"curies":[{"name":"wp","href":"https:\/\/api.w.org\/{rel}","templated":true}]}}