	{"id":22481,"date":"2024-09-02T12:05:38","date_gmt":"2024-09-02T10:05:38","guid":{"rendered":"https:\/\/rebub.u-bordeaux.fr\/?page_id=22481"},"modified":"2024-09-02T12:05:38","modified_gmt":"2024-09-02T10:05:38","slug":"utiliser-un-modele-dexemplaire","status":"publish","type":"page","link":"https:\/\/rebub.u-bordeaux.fr\/index.php\/alma\/procedures\/gestion-des-ressources\/exemplaires-holding\/utiliser-un-modele-dexemplaire\/","title":{"rendered":"Utiliser un mod\u00e8le d\u2019exemplaire"},"content":{"rendered":"<div id='wpig-floatingbar' class='wpig-floatingbar'><div id='wpig-switch-wrapper' class='wpig-switch-wrapper'><span id='wpig-floating-switch' class='wpig-floating-switch'><img src='https:\/\/rebub.u-bordeaux.fr\/wp-content\/plugins\/sticky-toc-advance-table-of-contents\/\\assets\\menu.png'><\/span><\/div><div id='wpig-contents' class='wpig-contents  wpig-sidebar-widget wpig-style-3'><span class='wpig-headline'>Table des mati\u00e8res<span><a data-action='show' class='wpig-btn-toggledisplay'>[ Show ]<\/a><\/span><\/span><!-- Table of Contents --><div id='wpig-table-of-content' class='wpig-table-of-content'><ol><li class='stoc-creer-un-modele-dexemplaire'><a href='#stoc-creer-un-modele-dexemplaire'>Cr\u00e9er un mod\u00e8le d\u2019exemplaire<\/a><\/li><li class='stoc-utiliser-un-modele-dexemplaire'><a href='#stoc-utiliser-un-modele-dexemplaire'>Utiliser un mod\u00e8le d\u2019exemplaire<\/a><ol><li class='stoc-depuis-la-liste-des-exemplaires'><a href='#stoc-depuis-la-liste-des-exemplaires'>Depuis la liste des exemplaires<\/a><\/li><li class='stoc-depuis-lediteur-de-metadonnees'><a href='#stoc-depuis-lediteur-de-metadonnees'>Depuis l\u2019\u00e9diteur de m\u00e9tadonn\u00e9es<\/a><\/li><\/ol><\/li><\/div><!-- END OF Table of Contents --><\/div><\/div><p><div id='wpig-contents' class='wpig-contents  wpig-sidebar-widget wpig-style-1'><span class='wpig-headline'>Table des mati\u00e8res<span><a data-action='show' class='wpig-btn-toggledisplay'>[ Show ]<\/a><\/span><\/span><!-- Table of Contents --><div id='wpig-table-of-content' class='wpig-table-of-content' ><ol><li class='stoc-creer-un-modele-dexemplaire'><a href='#stoc-creer-un-modele-dexemplaire'>Cr\u00e9er un mod\u00e8le d\u2019exemplaire<\/a><\/li><li class='stoc-utiliser-un-modele-dexemplaire'><a href='#stoc-utiliser-un-modele-dexemplaire'>Utiliser un mod\u00e8le d\u2019exemplaire<\/a><ol><li class='stoc-depuis-la-liste-des-exemplaires'><a href='#stoc-depuis-la-liste-des-exemplaires'>Depuis la liste des exemplaires<\/a><\/li><li class='stoc-depuis-lediteur-de-metadonnees'><a href='#stoc-depuis-lediteur-de-metadonnees'>Depuis l\u2019\u00e9diteur de m\u00e9tadonn\u00e9es<\/a><\/li><\/ol><\/li><\/div><!-- END OF Table of Contents --><\/div><\/p>\n<div class=\"is-layout-constrained wp-block-group bord-bloc-reutilisable\"><div class=\"wp-block-group__inner-container\">\n<div class=\"is-layout-flex wp-container-3 wp-block-columns alignfull bord-bloc-reutilisable has-background\" style=\"background-color:#ff303047\">\n<div class=\"is-layout-flow wp-block-column is-vertically-aligned-center\" style=\"flex-basis:7%\">\n<figure class=\"wp-block-image alignfull size-full\"><img decoding=\"async\" loading=\"lazy\" width=\"512\" height=\"512\" src=\"https:\/\/rebub.u-bordeaux.fr\/wp-content\/uploads\/2024\/04\/point-dexclamation.png\" alt=\"\" class=\"wp-image-19898\" srcset=\"https:\/\/rebub.u-bordeaux.fr\/wp-content\/uploads\/2024\/04\/point-dexclamation.png 512w, https:\/\/rebub.u-bordeaux.fr\/wp-content\/uploads\/2024\/04\/point-dexclamation-300x300.png 300w, https:\/\/rebub.u-bordeaux.fr\/wp-content\/uploads\/2024\/04\/point-dexclamation-150x150.png 150w\" sizes=\"(max-width: 512px) 100vw, 512px\" \/><\/figure>\n<\/div>\n\n\n\n<div class=\"is-layout-flow wp-block-column is-vertically-aligned-center\" style=\"flex-basis:85%\">\n<p><strong>Attention !<\/strong> Pr\u00e9alable\u00a0: la notice bibliographique doit \u00eatre pr\u00e9sente dans Alma et il doit y avoir une notice de fonds.<\/p>\n<\/div>\n<\/div>\n\n\n\n<p><\/p>\n<\/div><\/div>\n\n\n\n<h2 id=\"stoc-creer-un-modele-dexemplaire\" class=\"wpig-heading\">Cr\u00e9er un mod\u00e8le d\u2019exemplaire<\/h2>\n\n\n\n<ul>\n<li>Ouvrir une notice d\u2019exemplaire vierge en cliquant sur \u00ab&nbsp;ajouter un exemplaire&nbsp;\u00bb<\/li>\n\n\n\n<li>Remplir tous les champs utiles (type de mat\u00e9riel, code provenance, note de statistiques 1 etc\u2026)<\/li>\n\n\n\n<li>Une fois la notice pr\u00eate, cliquer sur \u00ab\u00a0Enregistrer comme mod\u00e8le\u00a0\u00bb<\/li>\n<\/ul>\n\n\n\n<p>Dans la fen\u00eatre&nbsp;:<\/p>\n\n\n\n<figure class=\"wp-block-image size-full\"><img decoding=\"async\" loading=\"lazy\" width=\"905\" height=\"380\" src=\"https:\/\/rebub.u-bordeaux.fr\/wp-content\/uploads\/2024\/08\/formulaire-choix-modele-exemplaire.png\" alt=\"\" class=\"wp-image-22484\" srcset=\"https:\/\/rebub.u-bordeaux.fr\/wp-content\/uploads\/2024\/08\/formulaire-choix-modele-exemplaire.png 905w, https:\/\/rebub.u-bordeaux.fr\/wp-content\/uploads\/2024\/08\/formulaire-choix-modele-exemplaire-300x126.png 300w, https:\/\/rebub.u-bordeaux.fr\/wp-content\/uploads\/2024\/08\/formulaire-choix-modele-exemplaire-768x322.png 768w\" sizes=\"(max-width: 905px) 100vw, 905px\" \/><\/figure>\n\n\n\n<ul>\n<li>Donner un nom \u00e0 votre mod\u00e8le pour le retrouver facilement.<\/li>\n\n\n\n<li>Choisir si votre mod\u00e8le ne sera visible que par vous ou par votre institution<\/li>\n\n\n\n<li>Enregistrer<\/li>\n<\/ul>\n\n\n\n<p>Votre mod\u00e8le est cr\u00e9\u00e9.<\/p>\n\n\n\n<h2 id=\"stoc-utiliser-un-modele-dexemplaire\" class=\"wpig-heading\">Utiliser un mod\u00e8le d\u2019exemplaire<\/h2>\n\n\n\n<h3 id=\"stoc-depuis-la-liste-des-exemplaires\" class=\"wpig-heading\">Depuis la liste des exemplaires<\/h3>\n\n\n\n<ul>\n<li>Se positionner sur la liste de tous les exemplaires<\/li>\n\n\n\n<li>Cliquer sur \u00ab\u00a0Ajouter un exemplaire \u00e0 partir d\u2019un mod\u00e8le\u00a0\u00bb<\/li>\n<\/ul>\n\n\n\n<figure class=\"wp-block-image size-large\"><img decoding=\"async\" loading=\"lazy\" width=\"1024\" height=\"178\" src=\"https:\/\/rebub.u-bordeaux.fr\/wp-content\/uploads\/2024\/08\/ajouter-un-ex-1-1024x178.png\" alt=\"\" class=\"wp-image-22488\" srcset=\"https:\/\/rebub.u-bordeaux.fr\/wp-content\/uploads\/2024\/08\/ajouter-un-ex-1-1024x178.png 1024w, https:\/\/rebub.u-bordeaux.fr\/wp-content\/uploads\/2024\/08\/ajouter-un-ex-1-300x52.png 300w, https:\/\/rebub.u-bordeaux.fr\/wp-content\/uploads\/2024\/08\/ajouter-un-ex-1-768x133.png 768w, https:\/\/rebub.u-bordeaux.fr\/wp-content\/uploads\/2024\/08\/ajouter-un-ex-1.png 1479w\" sizes=\"(max-width: 1024px) 100vw, 1024px\" \/><\/figure>\n\n\n\n<p>Dans la fen\u00eatre qui s\u2019ouvre<\/p>\n\n\n\n<figure class=\"wp-block-image size-full\"><img decoding=\"async\" loading=\"lazy\" width=\"898\" height=\"287\" src=\"https:\/\/rebub.u-bordeaux.fr\/wp-content\/uploads\/2024\/08\/plusieursex.png\" alt=\"\" class=\"wp-image-22486\" srcset=\"https:\/\/rebub.u-bordeaux.fr\/wp-content\/uploads\/2024\/08\/plusieursex.png 898w, https:\/\/rebub.u-bordeaux.fr\/wp-content\/uploads\/2024\/08\/plusieursex-300x96.png 300w, https:\/\/rebub.u-bordeaux.fr\/wp-content\/uploads\/2024\/08\/plusieursex-768x245.png 768w\" sizes=\"(max-width: 898px) 100vw, 898px\" \/><\/figure>\n\n\n\n<ul>\n<li>Choisir dans la liste d\u00e9roulante le mod\u00e8le qui vous int\u00e9resse.<\/li>\n\n\n\n<li>Si vous avez plusieurs exemplaires \u00e0 cr\u00e9er sous une m\u00eame notice et dans une m\u00eame notice de fonds, cocher la case \u00ab\u00a0Cr\u00e9er plusieurs exemplaires\u00a0\u00bb puis donner le nombre d\u2019exemplaires dans la case qui apparait en dessous.<\/li>\n\n\n\n<li>Cliquer sur \u00ab&nbsp;Cr\u00e9er exemplaire&nbsp;\u00bb<\/li>\n<\/ul>\n\n\n\n<p>Un message vous indique qu\u2019un traitement de cr\u00e9ation d\u2019exemplaire est en cours.<\/p>\n\n\n<div class=\"wp-block-image\">\n<figure class=\"aligncenter size-full\"><img decoding=\"async\" loading=\"lazy\" width=\"270\" height=\"222\" src=\"https:\/\/rebub.u-bordeaux.fr\/wp-content\/uploads\/2024\/08\/messagecreationex.png\" alt=\"\" class=\"wp-image-22489\"\/><\/figure><\/div>\n\n\n<p>Vous pouvez suivre l\u2019avanc\u00e9e du traitement en cliquant sur l\u2019identifiant ou mettre \u00e0 jour la page avec la touche F5<\/p>\n\n\n\n<p>Les exemplaires sont cr\u00e9\u00e9s avec des code-barres fictifs.<\/p>\n\n\n\n<p>Ouvrer les exemplaires pour proc\u00e9der aux derni\u00e8res modifications propres \u00e0 l\u2019exemplaire (Code-barre, exception de circulation, code statistiques 2 etc\u2026)<\/p>\n\n\n\n<h3 id=\"stoc-depuis-lediteur-de-metadonnees\" class=\"wpig-heading\">Depuis l\u2019\u00e9diteur de m\u00e9tadonn\u00e9es<\/h3>\n\n\n\n<p>Depuis une notice ouverte dans l\u2019\u00e9diteur de m\u00e9tadonn\u00e9es et une fois la notice de fonds concern\u00e9e en modification. (Menu \u00ab&nbsp;Consulter les donn\u00e9es li\u00e9es&nbsp;\u00bb &gt; \u00ab&nbsp;Voir l\u2019inventaire&nbsp;\u00bb &gt; \u00ab&nbsp;Modifier la notice de fonds&nbsp;\u00bb)<\/p>\n\n\n\n<ul>\n<li>Ouvrir le menu \u00ab&nbsp;Ajouter inventaire&nbsp;\u00bb<\/li>\n\n\n\n<li>Choisir \u00ab&nbsp;Ajouter un exemplaire \u00e0 partir d\u2019un mod\u00e8le&nbsp;\u00bb<\/li>\n<\/ul>\n\n\n<div class=\"wp-block-image\">\n<figure class=\"aligncenter size-full\"><img decoding=\"async\" loading=\"lazy\" width=\"388\" height=\"282\" src=\"https:\/\/rebub.u-bordeaux.fr\/wp-content\/uploads\/2024\/08\/ajouter-ex-depuis-EDM.png\" alt=\"\" class=\"wp-image-22490\" srcset=\"https:\/\/rebub.u-bordeaux.fr\/wp-content\/uploads\/2024\/08\/ajouter-ex-depuis-EDM.png 388w, https:\/\/rebub.u-bordeaux.fr\/wp-content\/uploads\/2024\/08\/ajouter-ex-depuis-EDM-300x218.png 300w\" sizes=\"(max-width: 388px) 100vw, 388px\" \/><\/figure><\/div>\n\n\n<p>Dans la fen\u00eatre qui s\u2019ouvre,<\/p>\n\n\n\n<ul>\n<li>Choisir dans la liste d\u00e9roulante le mod\u00e8le qui vous int\u00e9resse.<\/li>\n\n\n\n<li>Si vous avez plusieurs exemplaires \u00e0 cr\u00e9er sous une m\u00eame notice et dans une m\u00eame notice de fonds, cocher la case \u00ab\u00a0Cr\u00e9er plusieurs exemplaires\u00a0\u00bb puis donner le nombre d\u2019exemplaires dans la case qui apparait en dessous.<\/li>\n\n\n\n<li>Cliquer sur \u00ab&nbsp;Cr\u00e9er exemplaire&nbsp;\u00bb<\/li>\n<\/ul>\n\n\n\n<p>Un message vous indique qu\u2019un traitement de cr\u00e9ation d\u2019exemplaire est en cours.<\/p>\n\n\n\n<p>Vous pouvez suivre l\u2019avanc\u00e9e du traitement en cliquant sur l\u2019identifiant ou mettre \u00e0 jour la page avec la touche F5<\/p>\n\n\n\n<p>Les exemplaires sont cr\u00e9\u00e9s avec des code-barres fictifs.<\/p>\n\n\n\n<p>Ouvrer les exemplaires pour proc\u00e9der aux derni\u00e8res modifications propres \u00e0 l\u2019exemplaire (Code-barre, exception de circulation, code statistiques 2 etc\u2026)<\/p>\n\n\n\n<p>Lib\u00e9rer la notice de fonds et la notice bibliographique<\/p>\n","protected":false},"excerpt":{"rendered":"<p>Table des mati\u00e8res[ Show ]Cr\u00e9er un mod\u00e8le d\u2019exemplaireUtiliser un mod\u00e8le d\u2019exemplaireDepuis la liste des exemplairesDepuis l\u2019\u00e9diteur de m\u00e9tadonn\u00e9esAttention ! Pr\u00e9alable\u00a0: la notice bibliographique doit \u00eatre pr\u00e9sente dans Alma et il doit y avoir une notice de fonds. Cr\u00e9er un mod\u00e8le&#8230;<\/p>\n","protected":false},"author":82,"featured_media":0,"parent":18539,"menu_order":13,"comment_status":"closed","ping_status":"closed","template":"","meta":[],"post_mailing_queue_ids":[],"_links":{"self":[{"href":"https:\/\/rebub.u-bordeaux.fr\/index.php\/wp-json\/wp\/v2\/pages\/22481"}],"collection":[{"href":"https:\/\/rebub.u-bordeaux.fr\/index.php\/wp-json\/wp\/v2\/pages"}],"about":[{"href":"https:\/\/rebub.u-bordeaux.fr\/index.php\/wp-json\/wp\/v2\/types\/page"}],"author":[{"embeddable":true,"href":"https:\/\/rebub.u-bordeaux.fr\/index.php\/wp-json\/wp\/v2\/users\/82"}],"replies":[{"embeddable":true,"href":"https:\/\/rebub.u-bordeaux.fr\/index.php\/wp-json\/wp\/v2\/comments?post=22481"}],"version-history":[{"count":7,"href":"https:\/\/rebub.u-bordeaux.fr\/index.php\/wp-json\/wp\/v2\/pages\/22481\/revisions"}],"predecessor-version":[{"id":22496,"href":"https:\/\/rebub.u-bordeaux.fr\/index.php\/wp-json\/wp\/v2\/pages\/22481\/revisions\/22496"}],"up":[{"embeddable":true,"href":"https:\/\/rebub.u-bordeaux.fr\/index.php\/wp-json\/wp\/v2\/pages\/18539"}],"wp:attachment":[{"href":"https:\/\/rebub.u-bordeaux.fr\/index.php\/wp-json\/wp\/v2\/media?parent=22481"}],"curies":[{"name":"wp","href":"https:\/\/api.w.org\/{rel}","templated":true}]}}