	{"id":22579,"date":"2024-10-03T11:29:22","date_gmt":"2024-10-03T09:29:22","guid":{"rendered":"https:\/\/rebub.u-bordeaux.fr\/?page_id=22579"},"modified":"2024-10-17T10:24:54","modified_gmt":"2024-10-17T08:24:54","slug":"configuration-delectre-ng","status":"publish","type":"page","link":"https:\/\/rebub.u-bordeaux.fr\/index.php\/alma\/configuration-administration\/acquisitions\/configuration-delectre-ng\/","title":{"rendered":"Configuration d&rsquo;Electre NG"},"content":{"rendered":"<div id='wpig-floatingbar' class='wpig-floatingbar'><div id='wpig-switch-wrapper' class='wpig-switch-wrapper'><span id='wpig-floating-switch' class='wpig-floating-switch'><img src='https:\/\/rebub.u-bordeaux.fr\/wp-content\/plugins\/sticky-toc-advance-table-of-contents\/\\assets\\menu.png'><\/span><\/div><\/div><p><\/p>\n<h2 id=\"stoc-configuration-des-modeles-de-panier\" class=\"wpig-heading\">Configuration des mod\u00e8les de panier<\/h2>\n\n\n\n<p>Dans la roue d&rsquo;Administration, s\u00e9lectionner Mod\u00e8les de Panier puis ajouter ou \u00e9diter votre Mod\u00e8le<\/p>\n\n\n\n<figure class=\"wp-block-image size-large\"><img decoding=\"async\" loading=\"lazy\" width=\"1024\" height=\"494\" src=\"https:\/\/rebub.u-bordeaux.fr\/wp-content\/uploads\/2024\/10\/image-1024x494.png\" alt=\"\" class=\"wp-image-22580\" srcset=\"https:\/\/rebub.u-bordeaux.fr\/wp-content\/uploads\/2024\/10\/image-1024x494.png 1024w, https:\/\/rebub.u-bordeaux.fr\/wp-content\/uploads\/2024\/10\/image-300x145.png 300w, https:\/\/rebub.u-bordeaux.fr\/wp-content\/uploads\/2024\/10\/image-768x371.png 768w, https:\/\/rebub.u-bordeaux.fr\/wp-content\/uploads\/2024\/10\/image-1536x742.png 1536w, https:\/\/rebub.u-bordeaux.fr\/wp-content\/uploads\/2024\/10\/image.png 1920w\" sizes=\"(max-width: 1024px) 100vw, 1024px\" \/><\/figure>\n\n\n\n<div class=\"is-layout-flex wp-container-3 wp-block-columns bord-bloc-reutilisable has-background\" style=\"background-color:#ffeec2\">\n<div class=\"is-layout-flow wp-block-column is-vertically-aligned-center\" style=\"flex-basis:7%\">\n<figure class=\"wp-block-image alignfull size-full is-style-default\"><img decoding=\"async\" loading=\"lazy\" width=\"512\" height=\"512\" src=\"https:\/\/rebub.u-bordeaux.fr\/wp-content\/uploads\/2024\/04\/nouvelles-idees-en-cours.png\" alt=\"\" class=\"wp-image-19897\" srcset=\"https:\/\/rebub.u-bordeaux.fr\/wp-content\/uploads\/2024\/04\/nouvelles-idees-en-cours.png 512w, https:\/\/rebub.u-bordeaux.fr\/wp-content\/uploads\/2024\/04\/nouvelles-idees-en-cours-300x300.png 300w, https:\/\/rebub.u-bordeaux.fr\/wp-content\/uploads\/2024\/04\/nouvelles-idees-en-cours-150x150.png 150w\" sizes=\"(max-width: 512px) 100vw, 512px\" \/><\/figure>\n<\/div>\n\n\n\n<div class=\"is-layout-flow wp-block-column is-vertically-aligned-center\" style=\"flex-basis:85%\">\n<p>Ce type de demande peut \u00e9galement \u00eatre utilis\u00e9 pour une personne non inscrite \u00e0 l&rsquo;universit\u00e9<\/p>\n<\/div>\n<\/div>\n\n\n<div class=\"wp-block-image\">\n<figure class=\"aligncenter size-full\"><img decoding=\"async\" loading=\"lazy\" width=\"850\" height=\"671\" src=\"https:\/\/rebub.u-bordeaux.fr\/wp-content\/uploads\/2024\/10\/modele_panier_Electre_NG.jpg\" alt=\"\" class=\"wp-image-22614\" srcset=\"https:\/\/rebub.u-bordeaux.fr\/wp-content\/uploads\/2024\/10\/modele_panier_Electre_NG.jpg 850w, https:\/\/rebub.u-bordeaux.fr\/wp-content\/uploads\/2024\/10\/modele_panier_Electre_NG-300x237.jpg 300w, https:\/\/rebub.u-bordeaux.fr\/wp-content\/uploads\/2024\/10\/modele_panier_Electre_NG-768x606.jpg 768w, https:\/\/rebub.u-bordeaux.fr\/wp-content\/uploads\/2024\/10\/modele_panier_Electre_NG-280x220.jpg 280w\" sizes=\"(max-width: 850px) 100vw, 850px\" \/><\/figure><\/div>","protected":false},"excerpt":{"rendered":"<p>Configuration des mod\u00e8les de panier Dans la roue d&rsquo;Administration, s\u00e9lectionner Mod\u00e8les de Panier puis ajouter ou \u00e9diter votre Mod\u00e8le<\/p>\n","protected":false},"author":2,"featured_media":0,"parent":18420,"menu_order":2,"comment_status":"closed","ping_status":"closed","template":"template-fullwidth.php","meta":[],"post_mailing_queue_ids":[],"_links":{"self":[{"href":"https:\/\/rebub.u-bordeaux.fr\/index.php\/wp-json\/wp\/v2\/pages\/22579"}],"collection":[{"href":"https:\/\/rebub.u-bordeaux.fr\/index.php\/wp-json\/wp\/v2\/pages"}],"about":[{"href":"https:\/\/rebub.u-bordeaux.fr\/index.php\/wp-json\/wp\/v2\/types\/page"}],"author":[{"embeddable":true,"href":"https:\/\/rebub.u-bordeaux.fr\/index.php\/wp-json\/wp\/v2\/users\/2"}],"replies":[{"embeddable":true,"href":"https:\/\/rebub.u-bordeaux.fr\/index.php\/wp-json\/wp\/v2\/comments?post=22579"}],"version-history":[{"count":4,"href":"https:\/\/rebub.u-bordeaux.fr\/index.php\/wp-json\/wp\/v2\/pages\/22579\/revisions"}],"predecessor-version":[{"id":22615,"href":"https:\/\/rebub.u-bordeaux.fr\/index.php\/wp-json\/wp\/v2\/pages\/22579\/revisions\/22615"}],"up":[{"embeddable":true,"href":"https:\/\/rebub.u-bordeaux.fr\/index.php\/wp-json\/wp\/v2\/pages\/18420"}],"wp:attachment":[{"href":"https:\/\/rebub.u-bordeaux.fr\/index.php\/wp-json\/wp\/v2\/media?parent=22579"}],"curies":[{"name":"wp","href":"https:\/\/api.w.org\/{rel}","templated":true}]}}