	{"id":22767,"date":"2024-12-06T16:20:12","date_gmt":"2024-12-06T15:20:12","guid":{"rendered":"https:\/\/rebub.u-bordeaux.fr\/?page_id=22767"},"modified":"2024-12-06T16:20:12","modified_gmt":"2024-12-06T15:20:12","slug":"suppression-des-notices-bibliographiques-dans-la-zone-reseau","status":"publish","type":"page","link":"https:\/\/rebub.u-bordeaux.fr\/index.php\/alma\/configuration-administration\/gestion-des-ressources\/circuits-et-architecture-des-donnees\/suppression-des-notices-bibliographiques-dans-la-zone-reseau\/","title":{"rendered":"Suppression des notices bibliographiques dans la zone r\u00e9seau"},"content":{"rendered":"<div id='wpig-floatingbar' class='wpig-floatingbar'><div id='wpig-switch-wrapper' class='wpig-switch-wrapper'><span id='wpig-floating-switch' class='wpig-floating-switch'><img src='https:\/\/rebub.u-bordeaux.fr\/wp-content\/plugins\/sticky-toc-advance-table-of-contents\/\\assets\\menu.png'><\/span><\/div><\/div><p><\/p>\n<p>\u00c0 cause de notre topologie r\u00e9seau, la suppression des notices bibliographiques selon le contexte de la suppression n&rsquo;est pas toujours effective dans la zone r\u00e9seau. La notice dispara\u00eet de l&rsquo;institution, mais reste visible dans la zone r\u00e9seau et donc publi\u00e9e vers Babord +. Le scoop a mis en place des processus de traitement diff\u00e9rents selon la nature des notices.<\/p>\n\n\n\n<p>Le scoop a mis en place des processus de traitement diff\u00e9rents pour nettoyer la zone r\u00e9seau selon la nature des notices.<\/p>\n\n\n\n<h2 id=\"stoc-suppression-des-notices-marc21-sans-ppn\" class=\"wpig-heading\">Suppression des notices Marc21 sans PPN<\/h2>\n\n\n\n<p>\u23f0 <strong>Tous les dimanches \u00e0 6H<\/strong> : ex\u00e9cution depuis Alma du traitement <strong>Identifier les notices qui ne sont pas utilis\u00e9es dans le R\u00e9seau &#8211; Notice Marc 21 sans PPN &#8211; Planifi\u00e9<\/strong>.  <br>Le traitement utilise le jeu de r\u00e9sultats <strong>Notice Marc 21 sans PPN<\/strong> (17713829680004671).<\/p>\n\n\n\n<p><strong>\u23f0 Tous les lundis \u00e0 3h :<\/strong> ex\u00e9cution depuis le serveur scoop du script python <a href=\"https:\/\/github.com\/louxfaure\/Alma_Supprime_Bib_Depuis_NZ\">Alma_Supprime_Bib_Depuis_NZ<\/a> :<\/p>\n\n\n\n<p>Le script r\u00e9cup\u00e8re l&rsquo;identifiant du jeu de r\u00e9sultat cr\u00e9\u00e9 par le job <strong>\u00ab\u00a0Identifier les notices qui ne sont pas utilis\u00e9es dans le R\u00e9seau &#8211; Notice Marc 21 sans PPN &#8211; Planifi\u00e9\u00a0\u00bb<\/strong> afin de lancer l&rsquo;ex\u00e9cution du traitement <strong>\u00ab\u00a0Supprimer les notices bibliographiques\u00a0\u00bb<\/strong>. Il n&rsquo;attend pas la fin de l&rsquo;ex\u00e9cution de ce dernier traitement. Le rapport sera \u00e0 consulter dans la NZ Alma.<\/p>\n","protected":false},"excerpt":{"rendered":"<p>\u00c0 cause de notre topologie r\u00e9seau, la suppression des notices bibliographiques selon le contexte de la suppression n&rsquo;est pas toujours effective dans la zone r\u00e9seau. La notice dispara\u00eet de l&rsquo;institution, mais reste visible dans la zone r\u00e9seau et donc publi\u00e9e&#8230;<\/p>\n","protected":false},"author":2,"featured_media":0,"parent":18830,"menu_order":7,"comment_status":"closed","ping_status":"closed","template":"template-fullwidth.php","meta":[],"post_mailing_queue_ids":[],"_links":{"self":[{"href":"https:\/\/rebub.u-bordeaux.fr\/index.php\/wp-json\/wp\/v2\/pages\/22767"}],"collection":[{"href":"https:\/\/rebub.u-bordeaux.fr\/index.php\/wp-json\/wp\/v2\/pages"}],"about":[{"href":"https:\/\/rebub.u-bordeaux.fr\/index.php\/wp-json\/wp\/v2\/types\/page"}],"author":[{"embeddable":true,"href":"https:\/\/rebub.u-bordeaux.fr\/index.php\/wp-json\/wp\/v2\/users\/2"}],"replies":[{"embeddable":true,"href":"https:\/\/rebub.u-bordeaux.fr\/index.php\/wp-json\/wp\/v2\/comments?post=22767"}],"version-history":[{"count":1,"href":"https:\/\/rebub.u-bordeaux.fr\/index.php\/wp-json\/wp\/v2\/pages\/22767\/revisions"}],"predecessor-version":[{"id":22769,"href":"https:\/\/rebub.u-bordeaux.fr\/index.php\/wp-json\/wp\/v2\/pages\/22767\/revisions\/22769"}],"up":[{"embeddable":true,"href":"https:\/\/rebub.u-bordeaux.fr\/index.php\/wp-json\/wp\/v2\/pages\/18830"}],"wp:attachment":[{"href":"https:\/\/rebub.u-bordeaux.fr\/index.php\/wp-json\/wp\/v2\/media?parent=22767"}],"curies":[{"name":"wp","href":"https:\/\/api.w.org\/{rel}","templated":true}]}}