	{"id":22897,"date":"2025-01-06T14:46:31","date_gmt":"2025-01-06T13:46:31","guid":{"rendered":"https:\/\/rebub.u-bordeaux.fr\/?page_id=22897"},"modified":"2025-01-29T16:32:34","modified_gmt":"2025-01-29T15:32:34","slug":"analyse-des-requetes-sur-le-resolveur-de-lien","status":"publish","type":"page","link":"https:\/\/rebub.u-bordeaux.fr\/index.php\/alma\/procedures\/documentation-electronique\/rapports-analytiques\/analyse-des-requetes-sur-le-resolveur-de-lien\/","title":{"rendered":"Analyse des requ\u00eates sur le r\u00e9solveur de lien"},"content":{"rendered":"<div id='wpig-floatingbar' class='wpig-floatingbar'><div id='wpig-switch-wrapper' class='wpig-switch-wrapper'><span id='wpig-floating-switch' class='wpig-floating-switch'><img src='https:\/\/rebub.u-bordeaux.fr\/wp-content\/plugins\/sticky-toc-advance-table-of-contents\/\\assets\\menu.png'><\/span><\/div><div id='wpig-contents' class='wpig-contents  wpig-sidebar-widget wpig-style-3'><span class='wpig-headline'>Table des mati\u00e8res<span><a data-action='show' class='wpig-btn-toggledisplay'>[ Show ]<\/a><\/span><\/span><!-- Table of Contents --><div id='wpig-table-of-content' class='wpig-table-of-content'><ol><li class='stoc-les-differentes-sources-des-requetes'><a href='#stoc-les-differentes-sources-des-requetes'>Les diff\u00e9rentes sources des requ\u00eates<\/a><\/li><li class='stoc-cibles-des-requetes'><a href='#stoc-cibles-des-requetes'>Cibles des requ\u00eates<\/a><\/li><li class='stoc-requetes-sans-resultats'><a href='#stoc-requetes-sans-resultats'>Requ\u00eates sans r\u00e9sultats<\/a><\/li><\/ol><\/div><!-- END OF Table of Contents --><\/div><\/div><p><div id='wpig-contents' class='wpig-contents  wpig-sidebar-widget wpig-style-1'><span class='wpig-headline'>Table des mati\u00e8res<span><a data-action='show' class='wpig-btn-toggledisplay'>[ Show ]<\/a><\/span><\/span><!-- Table of Contents --><div id='wpig-table-of-content' class='wpig-table-of-content' ><ol><li class='stoc-les-differentes-sources-des-requetes'><a href='#stoc-les-differentes-sources-des-requetes'>Les diff\u00e9rentes sources des requ\u00eates<\/a><\/li><li class='stoc-cibles-des-requetes'><a href='#stoc-cibles-des-requetes'>Cibles des requ\u00eates<\/a><\/li><li class='stoc-requetes-sans-resultats'><a href='#stoc-requetes-sans-resultats'>Requ\u00eates sans r\u00e9sultats<\/a><\/li><\/ol><\/div><!-- END OF Table of Contents --><\/div><\/p>\n<p>Ce rapport s&rsquo;appuie sur les logs du r\u00e9solveur de lien pour d\u00e9terminer le nombre de fois o\u00f9 des services d&rsquo;acc\u00e8s \u00e0 un document \u00e9lectronique sont propos\u00e9s \u00e0 nos lecteurs via le r\u00e9solveur de lien Alma\u00a0 (Number of requests) et le nombre de fois o\u00f9 ces dernierscliquent sur le lien de redirection vers la base de donn\u00e9es proposant le texte int\u00e9gral (Number of Cliked Requests).\u00a0<\/p>\n\n\n\n<figure class=\"wp-block-image size-large\"><img decoding=\"async\" loading=\"lazy\" width=\"1024\" height=\"489\" src=\"https:\/\/rebub.u-bordeaux.fr\/wp-content\/uploads\/2024\/12\/screenshot-analytics12-eu.alma_.exlibrisgroup.com-2024.12.19-15_39_11-1024x489.png\" alt=\"\" class=\"wp-image-22905\" srcset=\"https:\/\/rebub.u-bordeaux.fr\/wp-content\/uploads\/2024\/12\/screenshot-analytics12-eu.alma_.exlibrisgroup.com-2024.12.19-15_39_11-1024x489.png 1024w, https:\/\/rebub.u-bordeaux.fr\/wp-content\/uploads\/2024\/12\/screenshot-analytics12-eu.alma_.exlibrisgroup.com-2024.12.19-15_39_11-300x143.png 300w, https:\/\/rebub.u-bordeaux.fr\/wp-content\/uploads\/2024\/12\/screenshot-analytics12-eu.alma_.exlibrisgroup.com-2024.12.19-15_39_11-768x367.png 768w, https:\/\/rebub.u-bordeaux.fr\/wp-content\/uploads\/2024\/12\/screenshot-analytics12-eu.alma_.exlibrisgroup.com-2024.12.19-15_39_11-1536x734.png 1536w, https:\/\/rebub.u-bordeaux.fr\/wp-content\/uploads\/2024\/12\/screenshot-analytics12-eu.alma_.exlibrisgroup.com-2024.12.19-15_39_11.png 1557w\" sizes=\"(max-width: 1024px) 100vw, 1024px\" \/><\/figure>\n\n\n\n<h2 id=\"stoc-les-differentes-sources-des-requetes\" class=\"wpig-heading\">Les diff\u00e9rentes sources des requ\u00eates<\/h2>\n\n\n\n<p>Le r\u00e9solveur de lien peut \u00eatre appel\u00e9 par diff\u00e9rentes sources :<\/p>\n\n\n\n<div class=\"is-layout-flex wp-container-3 wp-block-columns alignwide\">\n<div class=\"is-layout-flow wp-block-column is-vertically-aligned-center\" style=\"flex-basis:33.33%\">\n<p>Depuis Babord + \u00e0 chaque fois que le lecteur affiche la fen\u00eatre d&rsquo;information<strong> \u00ab\u00a0En ligne\u00a0\u00bb<\/strong> \u00e0 partir de l&rsquo;affichage d\u00e9taill\u00e9 d&rsquo;un r\u00e9sultat de recherche, une requ\u00eate est pass\u00e9e au r\u00e9solveur de lien. Si le lecteur clique sur lien vers un des services propos\u00e9s, ce clic est alors comptabilis\u00e9.<\/p>\n<\/div>\n\n\n\n<div class=\"is-layout-flow wp-block-column is-vertically-aligned-center\" style=\"flex-basis:66.66%\">\n<figure class=\"wp-block-image size-large is-resized\"><img decoding=\"async\" loading=\"lazy\" src=\"https:\/\/rebub.u-bordeaux.fr\/wp-content\/uploads\/2024\/12\/screenshot-babordplus.hosted.exlibrisgroup.com-2024.12.19-11_43_36-1024x497.png\" alt=\"\" class=\"wp-image-22898\" width=\"708\" height=\"343\" srcset=\"https:\/\/rebub.u-bordeaux.fr\/wp-content\/uploads\/2024\/12\/screenshot-babordplus.hosted.exlibrisgroup.com-2024.12.19-11_43_36-1024x497.png 1024w, https:\/\/rebub.u-bordeaux.fr\/wp-content\/uploads\/2024\/12\/screenshot-babordplus.hosted.exlibrisgroup.com-2024.12.19-11_43_36-300x146.png 300w, https:\/\/rebub.u-bordeaux.fr\/wp-content\/uploads\/2024\/12\/screenshot-babordplus.hosted.exlibrisgroup.com-2024.12.19-11_43_36-768x373.png 768w, https:\/\/rebub.u-bordeaux.fr\/wp-content\/uploads\/2024\/12\/screenshot-babordplus.hosted.exlibrisgroup.com-2024.12.19-11_43_36.png 1469w\" sizes=\"(max-width: 708px) 100vw, 708px\" \/><figcaption class=\"wp-element-caption\">View It Babord +<br> <\/figcaption><\/figure>\n<\/div>\n<\/div>\n\n\n\n<div class=\"is-layout-flex wp-container-6 wp-block-columns alignwide\">\n<div class=\"is-layout-flow wp-block-column\" style=\"flex-basis:66.66%\">\n<figure class=\"wp-block-image size-large\"><img decoding=\"async\" loading=\"lazy\" width=\"1024\" height=\"494\" src=\"https:\/\/rebub.u-bordeaux.fr\/wp-content\/uploads\/2024\/12\/screenshot-web-p-ebscohost-com.docelec.u-bordeaux.fr-2024.12.19-12_03_40-1024x494.png\" alt=\"\" class=\"wp-image-22900\" srcset=\"https:\/\/rebub.u-bordeaux.fr\/wp-content\/uploads\/2024\/12\/screenshot-web-p-ebscohost-com.docelec.u-bordeaux.fr-2024.12.19-12_03_40-1024x494.png 1024w, https:\/\/rebub.u-bordeaux.fr\/wp-content\/uploads\/2024\/12\/screenshot-web-p-ebscohost-com.docelec.u-bordeaux.fr-2024.12.19-12_03_40-300x145.png 300w, https:\/\/rebub.u-bordeaux.fr\/wp-content\/uploads\/2024\/12\/screenshot-web-p-ebscohost-com.docelec.u-bordeaux.fr-2024.12.19-12_03_40-768x371.png 768w, https:\/\/rebub.u-bordeaux.fr\/wp-content\/uploads\/2024\/12\/screenshot-web-p-ebscohost-com.docelec.u-bordeaux.fr-2024.12.19-12_03_40-1536x742.png 1536w, https:\/\/rebub.u-bordeaux.fr\/wp-content\/uploads\/2024\/12\/screenshot-web-p-ebscohost-com.docelec.u-bordeaux.fr-2024.12.19-12_03_40.png 1920w\" sizes=\"(max-width: 1024px) 100vw, 1024px\" \/><figcaption class=\"wp-element-caption\">Rebonds vers le r\u00e9solveur de lien \u00e0 partir de la liste des r\u00e9f\u00e9rences cit\u00e9s par un article via la base <strong>APA PsycInfo<\/strong> <\/figcaption><\/figure>\n<\/div>\n\n\n\n<div class=\"is-layout-flow wp-block-column is-vertically-aligned-center\" style=\"flex-basis:33.33%\">\n<p>Depuis les bases de donn\u00e9es pour lesquels notre r\u00e9solveur de lien a \u00e9t\u00e9 configur\u00e9, si l&rsquo;usager clique sur un lien proposant de voir si le document est disponible dans son institution.<\/p>\n<\/div>\n<\/div>\n\n\n\n<div class=\"is-layout-flex wp-container-9 wp-block-columns alignwide\">\n<div class=\"is-layout-flow wp-block-column\" style=\"flex-basis:33.33%\">\n<p>Depuis des services tels que<strong> Google Scholar<\/strong>, <strong>Lean Library<\/strong> ou encore <strong>Click &amp; Read, <\/strong>lorsqu&rsquo;ils analysent le contenu des d&rsquo;une page web pour d\u00e9terminer si le document en ligne est accessible pour l&rsquo;institution.<\/p>\n<\/div>\n\n\n\n<div class=\"is-layout-flow wp-block-column\" style=\"flex-basis:66.66%\">\n<figure class=\"wp-block-image size-large\"><img decoding=\"async\" loading=\"lazy\" width=\"1024\" height=\"494\" src=\"https:\/\/rebub.u-bordeaux.fr\/wp-content\/uploads\/2024\/12\/screenshot-scholar.google.fr-2024.12.19-13_49_30-1024x494.png\" alt=\"\" class=\"wp-image-22902\" srcset=\"https:\/\/rebub.u-bordeaux.fr\/wp-content\/uploads\/2024\/12\/screenshot-scholar.google.fr-2024.12.19-13_49_30-1024x494.png 1024w, https:\/\/rebub.u-bordeaux.fr\/wp-content\/uploads\/2024\/12\/screenshot-scholar.google.fr-2024.12.19-13_49_30-300x145.png 300w, https:\/\/rebub.u-bordeaux.fr\/wp-content\/uploads\/2024\/12\/screenshot-scholar.google.fr-2024.12.19-13_49_30-768x371.png 768w, https:\/\/rebub.u-bordeaux.fr\/wp-content\/uploads\/2024\/12\/screenshot-scholar.google.fr-2024.12.19-13_49_30-1536x742.png 1536w, https:\/\/rebub.u-bordeaux.fr\/wp-content\/uploads\/2024\/12\/screenshot-scholar.google.fr-2024.12.19-13_49_30.png 1920w\" sizes=\"(max-width: 1024px) 100vw, 1024px\" \/><\/figure>\n<\/div>\n<\/div>\n\n\n\n<p>L&rsquo;information sur la source de la requ\u00eate est extraite du param\u00e8tre <strong>rfr_id<\/strong> de l&rsquo;open URL fournie au r\u00e9solveur de liens.<\/p>\n\n\n\n<h2 id=\"stoc-cibles-des-requetes\" class=\"wpig-heading\">Cibles des requ\u00eates<\/h2>\n\n\n\n<p>Il s&rsquo;agit des donn\u00e9es sur les portfolios et les collections qui sont propos\u00e9es en r\u00e9ponse \u00e0 la requ\u00eate. Ces donn\u00e9es sont obtenues \u00e0 partir des param\u00e8tres pass\u00e9s \u00e0 l&rsquo;open URL. <\/p>\n\n\n\n<p>Par exemple l&rsquo;URL suivante :<\/p>\n\n\n\n<p>https:\/\/babordplus.hosted.exlibrisgroup.com\/primo-explore\/openurl?atitle=<strong>Integrated%20EMG%20and%20oxygen%20uptake%20during%20dynamic%20contractions%20of%20human%20muscles<\/strong>&amp;title=<strong>J.%20Appl.%20Physiol.<\/strong>&amp;isbn=&amp;volume=<strong>36<\/strong>&amp;issue=&amp;date=<strong>19740101<\/strong>&amp;aulast=<strong>BIGLAND-RITCHIE<\/strong>,%20B.&amp;spage=475&amp;pages=<strong>475-479<\/strong>&amp;sid=EBSCO:EBSCO%20Publishing%20Citations:JAP.CF.DGE.BIGLANDRITCHIE.IEOUDD&amp;vid=33PUDB_UB_VU1&amp;institution=33PUDB_UB&amp;url_ctx_val=&amp;url_ctx_fmt=null&amp;isSerivcesPage=tru<a href=\"https:\/\/babordplus.hosted.exlibrisgroup.com\/primo-explore\/openurl?atitle=Integrated%20EMG%20and%20oxygen%20uptake%20during%20dynamic%20contractions%20of%20human%20muscles&amp;title=J.%20Appl.%20Physiol.&amp;isbn=&amp;volume=36&amp;issue=&amp;date=19740101&amp;aulast=BIGLAND-RITCHIE,%20B.&amp;spage=475&amp;pages=475-479&amp;sid=EBSCO:EBSCO%20Publishing%20Citations:JAP.CF.DGE.BIGLANDRITCHIE.IEOUDD&amp;vid=33PUDB_UB_VU1&amp;institution=33PUDB_UB&amp;url_ctx_val=&amp;url_ctx_fmt=null&amp;isSerivcesPage=true\">e<\/a><\/p>\n\n\n\n<p>Demande au r\u00e9solveur de lien d&rsquo;Alma si l&rsquo;Article suivant est disponible pour l&rsquo;institution :<\/p>\n\n\n\n<p><em>Bigland-Ritchie, B., &amp; Woods, J. J. (1974). Integrated EMG and oxygen uptake during dynamic contractions of human muscles. <em>Journal of Applied Physiology (1948)<\/em>, <em>36<\/em>(4), 475\u2013479. https:\/\/doi.org\/10.1152\/jappl.1974.36.4.475<\/em><\/p>\n\n\n\n<h2 id=\"stoc-requetes-sans-resultats\" class=\"wpig-heading\">Requ\u00eates sans r\u00e9sultats<\/h2>\n\n\n\n<p>Il s&rsquo;agit des requ\u00eates au r\u00e9solveur de lien pour lequel ce dernier n&rsquo;a propos\u00e9 aucun service. Ici encore les informations bibliographiques sont extraites de l&rsquo;open url.<\/p>\n","protected":false},"excerpt":{"rendered":"<p>Table des mati\u00e8res[ Show ]Les diff\u00e9rentes sources des requ\u00eatesCibles des requ\u00eatesRequ\u00eates sans r\u00e9sultatsCe rapport s&rsquo;appuie sur les logs du r\u00e9solveur de lien pour d\u00e9terminer le nombre de fois o\u00f9 des services d&rsquo;acc\u00e8s \u00e0 un document \u00e9lectronique sont propos\u00e9s \u00e0 nos&#8230;<\/p>\n","protected":false},"author":2,"featured_media":0,"parent":22895,"menu_order":0,"comment_status":"closed","ping_status":"closed","template":"template-fullwidth.php","meta":[],"post_mailing_queue_ids":[],"_links":{"self":[{"href":"https:\/\/rebub.u-bordeaux.fr\/index.php\/wp-json\/wp\/v2\/pages\/22897"}],"collection":[{"href":"https:\/\/rebub.u-bordeaux.fr\/index.php\/wp-json\/wp\/v2\/pages"}],"about":[{"href":"https:\/\/rebub.u-bordeaux.fr\/index.php\/wp-json\/wp\/v2\/types\/page"}],"author":[{"embeddable":true,"href":"https:\/\/rebub.u-bordeaux.fr\/index.php\/wp-json\/wp\/v2\/users\/2"}],"replies":[{"embeddable":true,"href":"https:\/\/rebub.u-bordeaux.fr\/index.php\/wp-json\/wp\/v2\/comments?post=22897"}],"version-history":[{"count":8,"href":"https:\/\/rebub.u-bordeaux.fr\/index.php\/wp-json\/wp\/v2\/pages\/22897\/revisions"}],"predecessor-version":[{"id":23044,"href":"https:\/\/rebub.u-bordeaux.fr\/index.php\/wp-json\/wp\/v2\/pages\/22897\/revisions\/23044"}],"up":[{"embeddable":true,"href":"https:\/\/rebub.u-bordeaux.fr\/index.php\/wp-json\/wp\/v2\/pages\/22895"}],"wp:attachment":[{"href":"https:\/\/rebub.u-bordeaux.fr\/index.php\/wp-json\/wp\/v2\/media?parent=22897"}],"curies":[{"name":"wp","href":"https:\/\/api.w.org\/{rel}","templated":true}]}}