	{"id":22926,"date":"2025-01-14T13:37:33","date_gmt":"2025-01-14T12:37:33","guid":{"rendered":"https:\/\/rebub.u-bordeaux.fr\/?page_id=22926"},"modified":"2025-02-04T09:02:41","modified_gmt":"2025-02-04T08:02:41","slug":"faire-une-demande-de-creation-en-masse-de-recueils-factices","status":"publish","type":"page","link":"https:\/\/rebub.u-bordeaux.fr\/index.php\/le-scoop\/nos-services\/faire-une-demande-de-creation-en-masse-de-recueils-factices\/","title":{"rendered":"Faire une demande de cr\u00e9ation en masse de recueils factices ou de num\u00e9ros th\u00e9matiques"},"content":{"rendered":"<div id='wpig-floatingbar' class='wpig-floatingbar'><div id='wpig-switch-wrapper' class='wpig-switch-wrapper'><span id='wpig-floating-switch' class='wpig-floating-switch'><img src='https:\/\/rebub.u-bordeaux.fr\/wp-content\/plugins\/sticky-toc-advance-table-of-contents\/\\assets\\menu.png'><\/span><\/div><\/div><p><\/p>\n<div class=\"is-layout-flex wp-container-3 wp-block-columns bord-bloc-reutilisable has-background\" style=\"background-color:#ffeec2\">\n<div class=\"is-layout-flow wp-block-column is-vertically-aligned-center\" style=\"flex-basis:7%\">\n<figure class=\"wp-block-image alignfull size-full is-style-default\"><img decoding=\"async\" loading=\"lazy\" width=\"512\" height=\"512\" src=\"https:\/\/rebub.u-bordeaux.fr\/wp-content\/uploads\/2024\/04\/nouvelles-idees-en-cours.png\" alt=\"\" class=\"wp-image-19897\" srcset=\"https:\/\/rebub.u-bordeaux.fr\/wp-content\/uploads\/2024\/04\/nouvelles-idees-en-cours.png 512w, https:\/\/rebub.u-bordeaux.fr\/wp-content\/uploads\/2024\/04\/nouvelles-idees-en-cours-300x300.png 300w, https:\/\/rebub.u-bordeaux.fr\/wp-content\/uploads\/2024\/04\/nouvelles-idees-en-cours-150x150.png 150w\" sizes=\"(max-width: 512px) 100vw, 512px\" \/><\/figure>\n<\/div>\n\n\n\n<div class=\"is-layout-flow wp-block-column is-vertically-aligned-center\" style=\"flex-basis:85%\">\n<p>Ce service vous permet de demander la g\u00e9n\u00e9ration en masse de localisations et d&rsquo;exemplaires dans le SUDOC et Alma pour signaler les recueils factices ou les num\u00e9ros th\u00e9matiques et permet de cr\u00e9er tous les liens n\u00e9cessaires entre les notices pour que la recherche soit facilit\u00e9e pour l&rsquo;usager dans Babord+. <\/p>\n\n\n\n<p>Rappel : pour cr\u00e9er un recueil factice manuellement, rendez-vous sur <a href=\"http:\/\/rebub.u-bordeaux.fr\/index.php\/alma\/procedures\/gestion-des-ressources\/catalogage\/traiter-un-recueil-factice\/\" data-type=\"URL\" data-id=\"http:\/\/rebub.u-bordeaux.fr\/index.php\/alma\/procedures\/gestion-des-ressources\/catalogage\/traiter-un-recueil-factice\/\">cette page<\/a>.<\/p>\n\n\n\n<p>Pour cr\u00e9er un num\u00e9ro th\u00e9matique manuellement, rendez-vous sur <a href=\"http:\/\/rebub.u-bordeaux.fr\/index.php\/alma\/procedures\/gestion-des-ressources\/catalogage\/traiter-un-numero-thematique\/\" data-type=\"URL\" data-id=\"http:\/\/rebub.u-bordeaux.fr\/index.php\/alma\/procedures\/gestion-des-ressources\/catalogage\/traiter-un-numero-thematique\/\">cette page<\/a>. <\/p>\n<\/div>\n<\/div>\n\n\n\n<div class=\"is-layout-constrained wp-block-group bord-bloc-reutilisable\"><div class=\"wp-block-group__inner-container\">\n<div class=\"is-layout-flex wp-container-6 wp-block-columns alignfull bord-bloc-reutilisable has-background\" style=\"background-color:#ff303047\">\n<div class=\"is-layout-flow wp-block-column is-vertically-aligned-center\" style=\"flex-basis:7%\">\n<figure class=\"wp-block-image alignfull size-full\"><img decoding=\"async\" loading=\"lazy\" width=\"512\" height=\"512\" src=\"https:\/\/rebub.u-bordeaux.fr\/wp-content\/uploads\/2024\/04\/point-dexclamation.png\" alt=\"\" class=\"wp-image-19898\" srcset=\"https:\/\/rebub.u-bordeaux.fr\/wp-content\/uploads\/2024\/04\/point-dexclamation.png 512w, https:\/\/rebub.u-bordeaux.fr\/wp-content\/uploads\/2024\/04\/point-dexclamation-300x300.png 300w, https:\/\/rebub.u-bordeaux.fr\/wp-content\/uploads\/2024\/04\/point-dexclamation-150x150.png 150w\" sizes=\"(max-width: 512px) 100vw, 512px\" \/><\/figure>\n<\/div>\n\n\n\n<div class=\"is-layout-flow wp-block-column is-vertically-aligned-center\" style=\"flex-basis:85%\">\n<p><strong>Pr\u00e9-requis : <\/strong>Les notices bibliographiques de chaque pi\u00e8ce constituant le recueil ou du num\u00e9ro th\u00e9matique doivent exister dans le catalogue du SUDOC. <\/p>\n<\/div>\n<\/div>\n<\/div><\/div>\n\n\n\n<p>Pour faire la demande, vous devez r\u00e9colter certaines informations pour que nous puissions mener \u00e0 bien les \u00e9tapes de cette proc\u00e9dure. <\/p>\n\n\n\n<ul>\n<li>Sudoc : cr\u00e9ation des exemplaires sous les notices de chaque pi\u00e8ces<\/li>\n\n\n\n<li>Alma : cr\u00e9ation des notices de fonds et exemplaires pour les pi\u00e8ces pivots<\/li>\n\n\n\n<li>Alma : cr\u00e9ation et d\u00e9-publication des notices de fonds et ajout des zones 463 dans les notices bibliographiques <\/li>\n<\/ul>\n\n\n\n<p>A votre disposition un mod\u00e8le de fichier de r\u00e9colte de tous les \u00e9l\u00e9ments n\u00e9cessaires : <\/p>\n\n\n\n<p><a href=\"https:\/\/rebub.u-bordeaux.fr\/wp-content\/uploads\/2025\/01\/2025_Modele_fichier_recolte_elements.xlsx\" data-type=\"URL\" data-id=\"https:\/\/rebub.u-bordeaux.fr\/wp-content\/uploads\/2025\/01\/2025_Modele_fichier_recolte_elements.xlsx\">Je t\u00e9l\u00e9charge le mod\u00e8le de fichier de r\u00e9colte des \u00e9l\u00e9ments n\u00e9cessaires<\/a><\/p>\n\n\n\n<p>Ce fichier excel est compos\u00e9 de deux pages, l&rsquo;une pour les informations n\u00e9cessaires pour la cr\u00e9ation des localisations dans le SUDOC, l&rsquo;autre pour les informations n\u00e9cessaires pour Alma.<\/p>\n\n\n\n<p>Pour les num\u00e9ros th\u00e9matiques, le fichier reste le m\u00eame.<\/p>\n\n\n\n<p>Pour en savoir plus ou pour faire votre demande une fois que vous avez les informations n\u00e9cessaires, faites un ticket scoop@u-bordeaux.fr !<\/p>\n","protected":false},"excerpt":{"rendered":"<p>Ce service vous permet de demander la g\u00e9n\u00e9ration en masse de localisations et d&rsquo;exemplaires dans le SUDOC et Alma pour signaler les recueils factices ou les num\u00e9ros th\u00e9matiques et permet de cr\u00e9er tous les liens n\u00e9cessaires entre les notices pour&#8230;<\/p>\n","protected":false},"author":82,"featured_media":0,"parent":22925,"menu_order":0,"comment_status":"closed","ping_status":"closed","template":"","meta":[],"post_mailing_queue_ids":[],"_links":{"self":[{"href":"https:\/\/rebub.u-bordeaux.fr\/index.php\/wp-json\/wp\/v2\/pages\/22926"}],"collection":[{"href":"https:\/\/rebub.u-bordeaux.fr\/index.php\/wp-json\/wp\/v2\/pages"}],"about":[{"href":"https:\/\/rebub.u-bordeaux.fr\/index.php\/wp-json\/wp\/v2\/types\/page"}],"author":[{"embeddable":true,"href":"https:\/\/rebub.u-bordeaux.fr\/index.php\/wp-json\/wp\/v2\/users\/82"}],"replies":[{"embeddable":true,"href":"https:\/\/rebub.u-bordeaux.fr\/index.php\/wp-json\/wp\/v2\/comments?post=22926"}],"version-history":[{"count":7,"href":"https:\/\/rebub.u-bordeaux.fr\/index.php\/wp-json\/wp\/v2\/pages\/22926\/revisions"}],"predecessor-version":[{"id":23276,"href":"https:\/\/rebub.u-bordeaux.fr\/index.php\/wp-json\/wp\/v2\/pages\/22926\/revisions\/23276"}],"up":[{"embeddable":true,"href":"https:\/\/rebub.u-bordeaux.fr\/index.php\/wp-json\/wp\/v2\/pages\/22925"}],"wp:attachment":[{"href":"https:\/\/rebub.u-bordeaux.fr\/index.php\/wp-json\/wp\/v2\/media?parent=22926"}],"curies":[{"name":"wp","href":"https:\/\/api.w.org\/{rel}","templated":true}]}}