	{"id":22927,"date":"2025-01-14T14:44:44","date_gmt":"2025-01-14T13:44:44","guid":{"rendered":"https:\/\/rebub.u-bordeaux.fr\/?page_id=22927"},"modified":"2025-01-14T14:44:44","modified_gmt":"2025-01-14T13:44:44","slug":"faire-une-demande-de-differentiel-alma-sudoc","status":"publish","type":"page","link":"https:\/\/rebub.u-bordeaux.fr\/index.php\/le-scoop\/nos-services\/faire-une-demande-de-differentiel-alma-sudoc\/","title":{"rendered":"Faire une demande de diff\u00e9rentiel Alma\/sudoc"},"content":{"rendered":"<div id='wpig-floatingbar' class='wpig-floatingbar'><div id='wpig-switch-wrapper' class='wpig-switch-wrapper'><span id='wpig-floating-switch' class='wpig-floating-switch'><img src='https:\/\/rebub.u-bordeaux.fr\/wp-content\/plugins\/sticky-toc-advance-table-of-contents\/\\assets\\menu.png'><\/span><\/div><\/div><p><\/p>\n<div class=\"is-layout-flex wp-container-3 wp-block-columns bord-bloc-reutilisable has-background\" style=\"background-color:#ffeec2\">\n<div class=\"is-layout-flow wp-block-column is-vertically-aligned-center\" style=\"flex-basis:7%\">\n<figure class=\"wp-block-image alignfull size-full is-style-default\"><img decoding=\"async\" loading=\"lazy\" width=\"512\" height=\"512\" src=\"https:\/\/rebub.u-bordeaux.fr\/wp-content\/uploads\/2024\/04\/nouvelles-idees-en-cours.png\" alt=\"\" class=\"wp-image-19897\" srcset=\"https:\/\/rebub.u-bordeaux.fr\/wp-content\/uploads\/2024\/04\/nouvelles-idees-en-cours.png 512w, https:\/\/rebub.u-bordeaux.fr\/wp-content\/uploads\/2024\/04\/nouvelles-idees-en-cours-300x300.png 300w, https:\/\/rebub.u-bordeaux.fr\/wp-content\/uploads\/2024\/04\/nouvelles-idees-en-cours-150x150.png 150w\" sizes=\"(max-width: 512px) 100vw, 512px\" \/><\/figure>\n<\/div>\n\n\n\n<div class=\"is-layout-flow wp-block-column is-vertically-aligned-center\" style=\"flex-basis:85%\">\n<p>Ce service pour permet de vous assurer de la coh\u00e9rence entre le signalement de vos collections dans les outils du Sudoc et dans Alma. Utile si vous venez d&rsquo;effectuer un d\u00e9sherbage massif, des transferts ou des dons de collections.<\/p>\n<\/div>\n<\/div>\n\n\n\n<p>Vous pouvez demander un diff\u00e9rentiel pour une biblioth\u00e8que enti\u00e8re (niveau RCR) ou sur une partie des collections (une ou plusieurs localisations). <\/p>\n\n\n\n<p>Pour un diff\u00e9rentiel sur une biblioth\u00e8que enti\u00e8re : merci de nous indiquer le ou les RCR concern\u00e9s. <\/p>\n\n\n\n<p>Pour un diff\u00e9rentiel partiel : merci de joindre \u00e0 votre demande la liste des PPN concern\u00e9s. (Pour extraire une liste de PPN depuis Alma vous pouvez utiliser la<a href=\"http:\/\/rebub.u-bordeaux.fr\/index.php\/un-nouvel-outil-dans-la-boite-a-outils-sudoc-le-service-liste-des-ppns\/\" data-type=\"URL\" data-id=\"http:\/\/rebub.u-bordeaux.fr\/index.php\/un-nouvel-outil-dans-la-boite-a-outils-sudoc-le-service-liste-des-ppns\/\"> cloudApp \u00ab\u00a0Bo\u00eete \u00e0 outils Sudoc\u00a0\u00bb<\/a> ou bien faire un ensemble de r\u00e9sultats au niveau \u00ab\u00a0Titres physiques\u00a0\u00bb dans Alma et exporter la liste. Les PPN sont dans la colonne S \u00ab\u00a0Num\u00e9ro de notice\u00a0\u00bb.)<\/p>\n\n\n\n<p>Pour en savoir plus ou pour faire votre demande, faites un ticket scoop@u-bordeaux.fr !<\/p>\n","protected":false},"excerpt":{"rendered":"<p>Ce service pour permet de vous assurer de la coh\u00e9rence entre le signalement de vos collections dans les outils du Sudoc et dans Alma. Utile si vous venez d&rsquo;effectuer un d\u00e9sherbage massif, des transferts ou des dons de collections. Vous&#8230;<\/p>\n","protected":false},"author":82,"featured_media":0,"parent":22925,"menu_order":2,"comment_status":"closed","ping_status":"closed","template":"","meta":[],"post_mailing_queue_ids":[],"_links":{"self":[{"href":"https:\/\/rebub.u-bordeaux.fr\/index.php\/wp-json\/wp\/v2\/pages\/22927"}],"collection":[{"href":"https:\/\/rebub.u-bordeaux.fr\/index.php\/wp-json\/wp\/v2\/pages"}],"about":[{"href":"https:\/\/rebub.u-bordeaux.fr\/index.php\/wp-json\/wp\/v2\/types\/page"}],"author":[{"embeddable":true,"href":"https:\/\/rebub.u-bordeaux.fr\/index.php\/wp-json\/wp\/v2\/users\/82"}],"replies":[{"embeddable":true,"href":"https:\/\/rebub.u-bordeaux.fr\/index.php\/wp-json\/wp\/v2\/comments?post=22927"}],"version-history":[{"count":5,"href":"https:\/\/rebub.u-bordeaux.fr\/index.php\/wp-json\/wp\/v2\/pages\/22927\/revisions"}],"predecessor-version":[{"id":22955,"href":"https:\/\/rebub.u-bordeaux.fr\/index.php\/wp-json\/wp\/v2\/pages\/22927\/revisions\/22955"}],"up":[{"embeddable":true,"href":"https:\/\/rebub.u-bordeaux.fr\/index.php\/wp-json\/wp\/v2\/pages\/22925"}],"wp:attachment":[{"href":"https:\/\/rebub.u-bordeaux.fr\/index.php\/wp-json\/wp\/v2\/media?parent=22927"}],"curies":[{"name":"wp","href":"https:\/\/api.w.org\/{rel}","templated":true}]}}