	{"id":22929,"date":"2025-02-04T09:20:34","date_gmt":"2025-02-04T08:20:34","guid":{"rendered":"https:\/\/rebub.u-bordeaux.fr\/?page_id=22929"},"modified":"2025-02-17T11:11:44","modified_gmt":"2025-02-17T10:11:44","slug":"faire-une-demande-dexemplarisation-en-masse-dans-le-sudoc","status":"publish","type":"page","link":"https:\/\/rebub.u-bordeaux.fr\/index.php\/le-scoop\/nos-services\/faire-une-demande-dexemplarisation-en-masse-dans-le-sudoc\/","title":{"rendered":"Faire une demande d&rsquo;exemplarisation en masse dans le SUDOC"},"content":{"rendered":"<div id='wpig-floatingbar' class='wpig-floatingbar'><div id='wpig-switch-wrapper' class='wpig-switch-wrapper'><span id='wpig-floating-switch' class='wpig-floating-switch'><img src='https:\/\/rebub.u-bordeaux.fr\/wp-content\/plugins\/sticky-toc-advance-table-of-contents\/\\assets\\menu.png'><\/span><\/div><\/div><p><\/p>\n<p>Vous avez re\u00e7u une grande quantit\u00e9 de documents \u00e0 exemplariser dans de le SUDOC (ne s\u2019applique pas aux p\u00e9riodiques imprim\u00e9s).<\/p>\n\n\n\n<p>1<sup>er<\/sup> cas&nbsp;: vous avez les PPN correspondants&nbsp;:<\/p>\n\n\n\n<ul>\n<li>Faire un ticket GLPI \u00e0 l\u2019adresse <a href=\"mailto:scoop@u-bordeaux.fr\">scoop@u-bordeaux.fr<\/a><\/li>\n\n\n\n<li>Pr\u00e9ciser le RCR de la biblioth\u00e8que de localisation<\/li>\n\n\n\n<li>Pr\u00e9ciser le nombre de PPN concern\u00e9s.<\/li>\n\n\n\n<li>Joindre un fichier .txt ou excel avec comme informations\u00a0:<ul><li>Les PPN (un par ligne)<\/li><\/ul><ul><li>Au minimum le code peb<\/li><\/ul><ul><li>Si les cotes doivent \u00eatre remplies, chaque PPN doit \u00eatre accompagn\u00e9 de sa cote<\/li><\/ul>\n<ul>\n<li>Les autres informations et les champs \u00e0 remplir<\/li>\n<\/ul>\n<\/li>\n<\/ul>\n\n\n\n<p>2<sup>\u00e8me<\/sup> cas&nbsp;: vous n\u2019avez pas les PPN correspondants&nbsp;:<\/p>\n\n\n\n<p>Nous pouvons faire une analyse de recouvrement&nbsp;pour estimer le pourcentage de documents existants d\u00e9j\u00e0 dans le SUDOC et les PPN de ces documents. &nbsp;<\/p>\n\n\n\n<ul>\n<li>Fournir un fichier avec la liste des ISBN de vos documents ou le titre, l\u2019auteur et la date.<\/li>\n<\/ul>\n\n\n\n<p>Suivant les r\u00e9sultats vous saurez le nombre de ppn qui pourront \u00eatre localis\u00e9s en masse et ceux qui resteront \u00e0 faire \u00e0 la main.<\/p>\n","protected":false},"excerpt":{"rendered":"<p>Vous avez re\u00e7u une grande quantit\u00e9 de documents \u00e0 exemplariser dans de le SUDOC (ne s\u2019applique pas aux p\u00e9riodiques imprim\u00e9s). 1er cas&nbsp;: vous avez les PPN correspondants&nbsp;: 2\u00e8me cas&nbsp;: vous n\u2019avez pas les PPN correspondants&nbsp;: Nous pouvons faire une analyse&#8230;<\/p>\n","protected":false},"author":82,"featured_media":0,"parent":22925,"menu_order":1,"comment_status":"closed","ping_status":"closed","template":"","meta":[],"post_mailing_queue_ids":[],"_links":{"self":[{"href":"https:\/\/rebub.u-bordeaux.fr\/index.php\/wp-json\/wp\/v2\/pages\/22929"}],"collection":[{"href":"https:\/\/rebub.u-bordeaux.fr\/index.php\/wp-json\/wp\/v2\/pages"}],"about":[{"href":"https:\/\/rebub.u-bordeaux.fr\/index.php\/wp-json\/wp\/v2\/types\/page"}],"author":[{"embeddable":true,"href":"https:\/\/rebub.u-bordeaux.fr\/index.php\/wp-json\/wp\/v2\/users\/82"}],"replies":[{"embeddable":true,"href":"https:\/\/rebub.u-bordeaux.fr\/index.php\/wp-json\/wp\/v2\/comments?post=22929"}],"version-history":[{"count":1,"href":"https:\/\/rebub.u-bordeaux.fr\/index.php\/wp-json\/wp\/v2\/pages\/22929\/revisions"}],"predecessor-version":[{"id":23277,"href":"https:\/\/rebub.u-bordeaux.fr\/index.php\/wp-json\/wp\/v2\/pages\/22929\/revisions\/23277"}],"up":[{"embeddable":true,"href":"https:\/\/rebub.u-bordeaux.fr\/index.php\/wp-json\/wp\/v2\/pages\/22925"}],"wp:attachment":[{"href":"https:\/\/rebub.u-bordeaux.fr\/index.php\/wp-json\/wp\/v2\/media?parent=22929"}],"curies":[{"name":"wp","href":"https:\/\/api.w.org\/{rel}","templated":true}]}}