	{"id":22930,"date":"2025-03-12T16:36:29","date_gmt":"2025-03-12T15:36:29","guid":{"rendered":"https:\/\/rebub.u-bordeaux.fr\/?page_id=22930"},"modified":"2025-03-12T16:36:29","modified_gmt":"2025-03-12T15:36:29","slug":"faire-une-demande-de-suppression-dexemplaires-en-masse-dans-le-sudoc","status":"publish","type":"page","link":"https:\/\/rebub.u-bordeaux.fr\/index.php\/le-scoop\/nos-services\/faire-une-demande-de-suppression-dexemplaires-en-masse-dans-le-sudoc\/","title":{"rendered":"Faire une demande de suppression d&rsquo;exemplaires en masse dans le SUDOC"},"content":{"rendered":"<div id='wpig-floatingbar' class='wpig-floatingbar'><div id='wpig-switch-wrapper' class='wpig-switch-wrapper'><span id='wpig-floating-switch' class='wpig-floating-switch'><img src='https:\/\/rebub.u-bordeaux.fr\/wp-content\/plugins\/sticky-toc-advance-table-of-contents\/\\assets\\menu.png'><\/span><\/div><\/div><p><\/p>\n<p>Vous voulez supprimer une grande quantit\u00e9 d&rsquo;exemplaires dans le SUDOC, suite \u00e0 un d\u00e9sherbage ou un transfert de collection. <\/p>\n\n\n\n<ul>\n<li>Faire un ticket GLPI \u00e0 l\u2019adresse <a href=\"mailto:scoop@u-bordeaux.fr\">scoop@u-bordeaux.fr<\/a><\/li>\n\n\n\n<li>Pr\u00e9ciser le RCR de la biblioth\u00e8que de localisation<\/li>\n\n\n\n<li>Pr\u00e9ciser le nombre de PPN concern\u00e9s.<\/li>\n\n\n\n<li>Joindre un fichier .txt ou excel avec comme informations\u00a0:\n<ul>\n<li>Les PPN (un par ligne, non pr\u00e9fix\u00e9s) si tous les exemplaires sont concern\u00e9s<\/li>\n<\/ul>\n<\/li>\n\n\n\n<li>Si une partie seulement des exemplaires est concern\u00e9e, merci de donner des \u00e9l\u00e9ments permettant de les isoler.<\/li>\n<\/ul>\n","protected":false},"excerpt":{"rendered":"<p>Vous voulez supprimer une grande quantit\u00e9 d&rsquo;exemplaires dans le SUDOC, suite \u00e0 un d\u00e9sherbage ou un transfert de collection.<\/p>\n","protected":false},"author":82,"featured_media":0,"parent":22925,"menu_order":4,"comment_status":"closed","ping_status":"closed","template":"","meta":[],"post_mailing_queue_ids":[],"_links":{"self":[{"href":"https:\/\/rebub.u-bordeaux.fr\/index.php\/wp-json\/wp\/v2\/pages\/22930"}],"collection":[{"href":"https:\/\/rebub.u-bordeaux.fr\/index.php\/wp-json\/wp\/v2\/pages"}],"about":[{"href":"https:\/\/rebub.u-bordeaux.fr\/index.php\/wp-json\/wp\/v2\/types\/page"}],"author":[{"embeddable":true,"href":"https:\/\/rebub.u-bordeaux.fr\/index.php\/wp-json\/wp\/v2\/users\/82"}],"replies":[{"embeddable":true,"href":"https:\/\/rebub.u-bordeaux.fr\/index.php\/wp-json\/wp\/v2\/comments?post=22930"}],"version-history":[{"count":1,"href":"https:\/\/rebub.u-bordeaux.fr\/index.php\/wp-json\/wp\/v2\/pages\/22930\/revisions"}],"predecessor-version":[{"id":23456,"href":"https:\/\/rebub.u-bordeaux.fr\/index.php\/wp-json\/wp\/v2\/pages\/22930\/revisions\/23456"}],"up":[{"embeddable":true,"href":"https:\/\/rebub.u-bordeaux.fr\/index.php\/wp-json\/wp\/v2\/pages\/22925"}],"wp:attachment":[{"href":"https:\/\/rebub.u-bordeaux.fr\/index.php\/wp-json\/wp\/v2\/media?parent=22930"}],"curies":[{"name":"wp","href":"https:\/\/api.w.org\/{rel}","templated":true}]}}