	{"id":22931,"date":"2025-02-04T08:55:59","date_gmt":"2025-02-04T07:55:59","guid":{"rendered":"https:\/\/rebub.u-bordeaux.fr\/?page_id=22931"},"modified":"2025-02-04T08:56:48","modified_gmt":"2025-02-04T07:56:48","slug":"faire-une-demande-de-transferts-dexemplaires-en-masse-dune-bibliotheque-a-une-autre","status":"publish","type":"page","link":"https:\/\/rebub.u-bordeaux.fr\/index.php\/le-scoop\/nos-services\/faire-une-demande-de-transferts-dexemplaires-en-masse-dune-bibliotheque-a-une-autre\/","title":{"rendered":"Faire une demande de transferts d&rsquo;exemplaires en masse d&rsquo;une biblioth\u00e8que \u00e0 une autre dans le SUDOC"},"content":{"rendered":"<div id='wpig-floatingbar' class='wpig-floatingbar'><div id='wpig-switch-wrapper' class='wpig-switch-wrapper'><span id='wpig-floating-switch' class='wpig-floating-switch'><img src='https:\/\/rebub.u-bordeaux.fr\/wp-content\/plugins\/sticky-toc-advance-table-of-contents\/\\assets\\menu.png'><\/span><\/div><\/div><p><\/p>\n<div class=\"is-layout-flex wp-container-3 wp-block-columns bord-bloc-reutilisable has-background\" style=\"background-color:#ffeec2\">\n<div class=\"is-layout-flow wp-block-column is-vertically-aligned-center\" style=\"flex-basis:7%\">\n<figure class=\"wp-block-image alignfull size-full is-style-default\"><img decoding=\"async\" loading=\"lazy\" width=\"512\" height=\"512\" src=\"https:\/\/rebub.u-bordeaux.fr\/wp-content\/uploads\/2024\/04\/nouvelles-idees-en-cours.png\" alt=\"\" class=\"wp-image-19897\" srcset=\"https:\/\/rebub.u-bordeaux.fr\/wp-content\/uploads\/2024\/04\/nouvelles-idees-en-cours.png 512w, https:\/\/rebub.u-bordeaux.fr\/wp-content\/uploads\/2024\/04\/nouvelles-idees-en-cours-300x300.png 300w, https:\/\/rebub.u-bordeaux.fr\/wp-content\/uploads\/2024\/04\/nouvelles-idees-en-cours-150x150.png 150w\" sizes=\"(max-width: 512px) 100vw, 512px\" \/><\/figure>\n<\/div>\n\n\n\n<div class=\"is-layout-flow wp-block-column is-vertically-aligned-center\" style=\"flex-basis:85%\">\n<p>Votre biblioth\u00e8que donne ou re\u00e7oit une grande quantit\u00e9 de document provenant d\u2019une autre biblioth\u00e8que du r\u00e9seau et vous avez plus d\u2019une centaine de titres \u00e0 transf\u00e9rer dans les catalogues.<\/p>\n<\/div>\n<\/div>\n\n\n\n<ul>\n<li>Faire un ticket GLPI \u00e0 l\u2019adresse <a href=\"mailto:scoop@u-bordeaux.fr\">scoop@u-bordeaux.fr<\/a><\/li>\n\n\n\n<li>Pr\u00e9ciser le RCR de la biblioth\u00e8que de d\u00e9part et le RCR de la biblioth\u00e8que d\u2019arriv\u00e9e.<\/li>\n\n\n\n<li>Pr\u00e9ciser le nombre de PPN concern\u00e9s.<\/li>\n\n\n\n<li>Pr\u00e9ciser si le transfert ne concerne qu&rsquo;un seul exemplaire ou tous les exemplaires du RCR. Si le transfert ne concerne que certains exemplaires et pas tous, merci d&rsquo;ajouter au ticket des informations permettant de les reconnaitre.  <\/li>\n\n\n\n<li>Joindre un fichier .txt ou excel avec comme informations&nbsp;:<ul><li>Les PPN concern\u00e9s (un par ligne non pr\u00e9fix\u00e9s)<\/li><\/ul><ul><li>S\u2019il y a besoin de modifier les champs de l\u2019exemplaire, code peb diff\u00e9rent par exemple, ajouter une colonne par information avec comme en-t\u00eate le nom de la zone avec son sous-champs. <\/li><\/ul>\n<ul>\n<li>Si le transfert s\u2019accompagne d\u2019une recotation, merci de faire suivre chaque PPN de la nouvelle cote<\/li>\n<\/ul>\n<\/li>\n<\/ul>\n\n\n\n<p>Pour en savoir plus ou pour faire votre demande, faites un ticket scoop@u-bordeaux.fr !<\/p>\n","protected":false},"excerpt":{"rendered":"<p>Votre biblioth\u00e8que donne ou re\u00e7oit une grande quantit\u00e9 de document provenant d\u2019une autre biblioth\u00e8que du r\u00e9seau et vous avez plus d\u2019une centaine de titres \u00e0 transf\u00e9rer dans les catalogues. Pour en savoir plus ou pour faire votre demande, faites un&#8230;<\/p>\n","protected":false},"author":82,"featured_media":0,"parent":22925,"menu_order":5,"comment_status":"closed","ping_status":"closed","template":"","meta":[],"post_mailing_queue_ids":[],"_links":{"self":[{"href":"https:\/\/rebub.u-bordeaux.fr\/index.php\/wp-json\/wp\/v2\/pages\/22931"}],"collection":[{"href":"https:\/\/rebub.u-bordeaux.fr\/index.php\/wp-json\/wp\/v2\/pages"}],"about":[{"href":"https:\/\/rebub.u-bordeaux.fr\/index.php\/wp-json\/wp\/v2\/types\/page"}],"author":[{"embeddable":true,"href":"https:\/\/rebub.u-bordeaux.fr\/index.php\/wp-json\/wp\/v2\/users\/82"}],"replies":[{"embeddable":true,"href":"https:\/\/rebub.u-bordeaux.fr\/index.php\/wp-json\/wp\/v2\/comments?post=22931"}],"version-history":[{"count":3,"href":"https:\/\/rebub.u-bordeaux.fr\/index.php\/wp-json\/wp\/v2\/pages\/22931\/revisions"}],"predecessor-version":[{"id":23274,"href":"https:\/\/rebub.u-bordeaux.fr\/index.php\/wp-json\/wp\/v2\/pages\/22931\/revisions\/23274"}],"up":[{"embeddable":true,"href":"https:\/\/rebub.u-bordeaux.fr\/index.php\/wp-json\/wp\/v2\/pages\/22925"}],"wp:attachment":[{"href":"https:\/\/rebub.u-bordeaux.fr\/index.php\/wp-json\/wp\/v2\/media?parent=22931"}],"curies":[{"name":"wp","href":"https:\/\/api.w.org\/{rel}","templated":true}]}}