	{"id":22982,"date":"2025-01-21T17:16:25","date_gmt":"2025-01-21T16:16:25","guid":{"rendered":"https:\/\/rebub.u-bordeaux.fr\/?page_id=22982"},"modified":"2025-01-21T17:34:44","modified_gmt":"2025-01-21T16:34:44","slug":"bien-utiliser-les-bacs-a-sable","status":"publish","type":"page","link":"https:\/\/rebub.u-bordeaux.fr\/index.php\/alma\/configuration-administration\/exploitation\/generalites\/bien-utiliser-les-bacs-a-sable\/","title":{"rendered":"Bien utiliser les bacs \u00e0 sable"},"content":{"rendered":"<div id='wpig-floatingbar' class='wpig-floatingbar'><div id='wpig-switch-wrapper' class='wpig-switch-wrapper'><span id='wpig-floating-switch' class='wpig-floating-switch'><img src='https:\/\/rebub.u-bordeaux.fr\/wp-content\/plugins\/sticky-toc-advance-table-of-contents\/\\assets\\menu.png'><\/span><\/div><\/div><p><\/p>\n<h2 id=\"stoc-pour-tester-des-services-qui-necessitent-lenvoie-de-mail-acquisition-circulation-pensez-a-verifier-que-ladresse-mail-du-destinataire-est-bien-autorisee\" class=\"wpig-heading\">Pour tester des services qui n\u00e9cessitent l&rsquo;envoie de mail (acquisition, circulation), pensez \u00e0 v\u00e9rifier que l&rsquo;adresse mail du destinataire est bien autoris\u00e9e :<\/h2>\n\n\n\n<p>Allez dans <strong>Configuration>G\u00e9n\u00e9ral> Syst\u00e8mes externes > Adresses de messagerie autoris\u00e9es<\/strong> et joutez une nouvelle ligne dans la table des exceptions.<\/p>\n\n\n\n<figure class=\"wp-block-image size-large is-resized\"><img decoding=\"async\" loading=\"lazy\" src=\"https:\/\/rebub.u-bordeaux.fr\/wp-content\/uploads\/2025\/01\/image-1024x369.png\" alt=\"\" class=\"wp-image-22983\" width=\"826\" height=\"297\" srcset=\"https:\/\/rebub.u-bordeaux.fr\/wp-content\/uploads\/2025\/01\/image-1024x369.png 1024w, https:\/\/rebub.u-bordeaux.fr\/wp-content\/uploads\/2025\/01\/image-300x108.png 300w, https:\/\/rebub.u-bordeaux.fr\/wp-content\/uploads\/2025\/01\/image-768x277.png 768w, https:\/\/rebub.u-bordeaux.fr\/wp-content\/uploads\/2025\/01\/image.png 1481w\" sizes=\"(max-width: 826px) 100vw, 826px\" \/><\/figure>\n","protected":false},"excerpt":{"rendered":"<p>Pour tester des services qui n\u00e9cessitent l&rsquo;envoie de mail (acquisition, circulation), pensez \u00e0 v\u00e9rifier que l&rsquo;adresse mail du destinataire est bien autoris\u00e9e : Allez dans Configuration>G\u00e9n\u00e9ral> Syst\u00e8mes externes > Adresses de messagerie autoris\u00e9es et joutez une nouvelle ligne dans la&#8230;<\/p>\n","protected":false},"author":2,"featured_media":0,"parent":18853,"menu_order":2,"comment_status":"closed","ping_status":"closed","template":"template-fullwidth.php","meta":[],"post_mailing_queue_ids":[],"_links":{"self":[{"href":"https:\/\/rebub.u-bordeaux.fr\/index.php\/wp-json\/wp\/v2\/pages\/22982"}],"collection":[{"href":"https:\/\/rebub.u-bordeaux.fr\/index.php\/wp-json\/wp\/v2\/pages"}],"about":[{"href":"https:\/\/rebub.u-bordeaux.fr\/index.php\/wp-json\/wp\/v2\/types\/page"}],"author":[{"embeddable":true,"href":"https:\/\/rebub.u-bordeaux.fr\/index.php\/wp-json\/wp\/v2\/users\/2"}],"replies":[{"embeddable":true,"href":"https:\/\/rebub.u-bordeaux.fr\/index.php\/wp-json\/wp\/v2\/comments?post=22982"}],"version-history":[{"count":1,"href":"https:\/\/rebub.u-bordeaux.fr\/index.php\/wp-json\/wp\/v2\/pages\/22982\/revisions"}],"predecessor-version":[{"id":22984,"href":"https:\/\/rebub.u-bordeaux.fr\/index.php\/wp-json\/wp\/v2\/pages\/22982\/revisions\/22984"}],"up":[{"embeddable":true,"href":"https:\/\/rebub.u-bordeaux.fr\/index.php\/wp-json\/wp\/v2\/pages\/18853"}],"wp:attachment":[{"href":"https:\/\/rebub.u-bordeaux.fr\/index.php\/wp-json\/wp\/v2\/media?parent=22982"}],"curies":[{"name":"wp","href":"https:\/\/api.w.org\/{rel}","templated":true}]}}