	{"id":22991,"date":"2025-01-22T14:59:37","date_gmt":"2025-01-22T13:59:37","guid":{"rendered":"https:\/\/rebub.u-bordeaux.fr\/?page_id=22991"},"modified":"2025-01-22T14:59:37","modified_gmt":"2025-01-22T13:59:37","slug":"transferer-des-holdings-avec-ou-sans-inventaires","status":"publish","type":"page","link":"https:\/\/rebub.u-bordeaux.fr\/index.php\/alma\/configuration-administration\/gestion-des-ressources\/exemplaires-holding\/transferer-des-holdings-avec-ou-sans-inventaires\/","title":{"rendered":"Transf\u00e9rer des holdings avec ou sans inventaires"},"content":{"rendered":"<div id='wpig-floatingbar' class='wpig-floatingbar'><div id='wpig-switch-wrapper' class='wpig-switch-wrapper'><span id='wpig-floating-switch' class='wpig-floating-switch'><img src='https:\/\/rebub.u-bordeaux.fr\/wp-content\/plugins\/sticky-toc-advance-table-of-contents\/\\assets\\menu.png'><\/span><\/div><\/div><p><\/p>\n<div class=\"is-layout-flex wp-container-3 wp-block-columns bord-bloc-reutilisable has-background\" style=\"background-color:#ffeec2\">\n<div class=\"is-layout-flow wp-block-column is-vertically-aligned-center\" style=\"flex-basis:7%\">\n<figure class=\"wp-block-image alignfull size-full is-style-default\"><img decoding=\"async\" loading=\"lazy\" width=\"512\" height=\"512\" src=\"https:\/\/rebub.u-bordeaux.fr\/wp-content\/uploads\/2024\/04\/nouvelles-idees-en-cours.png\" alt=\"\" class=\"wp-image-19897\" srcset=\"https:\/\/rebub.u-bordeaux.fr\/wp-content\/uploads\/2024\/04\/nouvelles-idees-en-cours.png 512w, https:\/\/rebub.u-bordeaux.fr\/wp-content\/uploads\/2024\/04\/nouvelles-idees-en-cours-300x300.png 300w, https:\/\/rebub.u-bordeaux.fr\/wp-content\/uploads\/2024\/04\/nouvelles-idees-en-cours-150x150.png 150w\" sizes=\"(max-width: 512px) 100vw, 512px\" \/><\/figure>\n<\/div>\n\n\n\n<div class=\"is-layout-flow wp-block-column is-vertically-aligned-center\" style=\"flex-basis:85%\">\n<p>Pour transf\u00e9rer des holdings avec des inventaires, il est possible d&rsquo;utiliser le traitement \u00ab\u00a0Changer les informations des exemplaires physiques\u00a0\u00bb. <\/p>\n\n\n\n<p>La pr\u00e9sente proc\u00e9dure est utile dans le cas de transferts de holdings sans inventaire comme c&rsquo;est le cas pour les holdings masqu\u00e9es utilis\u00e9es pour les notices li\u00e9es.  <\/p>\n<\/div>\n<\/div>\n\n\n\n<p>Cette proc\u00e9dure permet de transf\u00e9rer des holdings entre deux localisations d&rsquo;une m\u00eame biblioth\u00e8que ou entre deux localisations de biblioth\u00e8ques diff\u00e9rentes. <\/p>\n\n\n\n<p>1 : Constituer un ensemble au niveau Holdings ou Titres physiques.<\/p>\n\n\n\n<p>2 : Pr\u00e9parer la r\u00e8gle de normalisation \u00a0\u00bb Modifier les informations de localisation des holdings \u00a0\u00bb avec les codes alma de la biblioth\u00e8que et de la localisation de d\u00e9part et de cible.<\/p>\n\n\n\n<pre class=\"wp-block-code\"><code>rule \"Holdings changement des informations de localisation\"\n\nwhen\n(TRUE)\nthen\nreplaceContents \"852.b.CodeAlmaBibD\u00e9part\" with \"CodeAlmaBibCible\"\nreplaceContents \"852.c.CodeAlmaLocD\u00e9part\" with \"CodeAlmaLocCible\"\nend<\/code><\/pre>\n\n\n\n<p>3 : Utiliser le traitement \u00ab\u00a0changer les informations des holdings\u00a0\u00bb en utilisant \u00ab\u00a0Corriger les donn\u00e9es \u00e0 l&rsquo;aide des processus de normalisation\u00a0\u00bb : choisir \u00ab\u00a0Modifier les informations de holdings\u00a0\u00bb et l&rsquo;appliquer sur l&rsquo;ensemble d\u00e9fini au pr\u00e9alable.<\/p>\n","protected":false},"excerpt":{"rendered":"<p>Pour transf\u00e9rer des holdings avec des inventaires, il est possible d&rsquo;utiliser le traitement \u00ab\u00a0Changer les informations des exemplaires physiques\u00a0\u00bb. La pr\u00e9sente proc\u00e9dure est utile dans le cas de transferts de holdings sans inventaire comme c&rsquo;est le cas pour les holdings&#8230;<\/p>\n","protected":false},"author":82,"featured_media":0,"parent":18831,"menu_order":3,"comment_status":"closed","ping_status":"closed","template":"","meta":[],"post_mailing_queue_ids":[],"_links":{"self":[{"href":"https:\/\/rebub.u-bordeaux.fr\/index.php\/wp-json\/wp\/v2\/pages\/22991"}],"collection":[{"href":"https:\/\/rebub.u-bordeaux.fr\/index.php\/wp-json\/wp\/v2\/pages"}],"about":[{"href":"https:\/\/rebub.u-bordeaux.fr\/index.php\/wp-json\/wp\/v2\/types\/page"}],"author":[{"embeddable":true,"href":"https:\/\/rebub.u-bordeaux.fr\/index.php\/wp-json\/wp\/v2\/users\/82"}],"replies":[{"embeddable":true,"href":"https:\/\/rebub.u-bordeaux.fr\/index.php\/wp-json\/wp\/v2\/comments?post=22991"}],"version-history":[{"count":2,"href":"https:\/\/rebub.u-bordeaux.fr\/index.php\/wp-json\/wp\/v2\/pages\/22991\/revisions"}],"predecessor-version":[{"id":22993,"href":"https:\/\/rebub.u-bordeaux.fr\/index.php\/wp-json\/wp\/v2\/pages\/22991\/revisions\/22993"}],"up":[{"embeddable":true,"href":"https:\/\/rebub.u-bordeaux.fr\/index.php\/wp-json\/wp\/v2\/pages\/18831"}],"wp:attachment":[{"href":"https:\/\/rebub.u-bordeaux.fr\/index.php\/wp-json\/wp\/v2\/media?parent=22991"}],"curies":[{"name":"wp","href":"https:\/\/api.w.org\/{rel}","templated":true}]}}