	{"id":23088,"date":"2025-01-31T12:16:20","date_gmt":"2025-01-31T11:16:20","guid":{"rendered":"https:\/\/rebub.u-bordeaux.fr\/?page_id=23088"},"modified":"2025-01-31T12:35:06","modified_gmt":"2025-01-31T11:35:06","slug":"alerte-mail-a-la-suppression-dun-portfolio-appartenant-a-une-collection-electronique-ou-seule-une-partie-des-portfolios-ont-ete-actives","status":"publish","type":"page","link":"https:\/\/rebub.u-bordeaux.fr\/index.php\/alma\/configuration-administration\/exploitation\/suivi-des-mises-a-jour-de-la-kb\/alerte-mail-a-la-suppression-dun-portfolio-appartenant-a-une-collection-electronique-ou-seule-une-partie-des-portfolios-ont-ete-actives\/","title":{"rendered":"Alerte mail \u00e0 la suppression d\u2019un portfolio appartenant \u00e0 une collection \u00e9lectronique ou seule une partie des portfolios ont \u00e9t\u00e9 activ\u00e9s"},"content":{"rendered":"<div id='wpig-floatingbar' class='wpig-floatingbar'><div id='wpig-switch-wrapper' class='wpig-switch-wrapper'><span id='wpig-floating-switch' class='wpig-floating-switch'><img src='https:\/\/rebub.u-bordeaux.fr\/wp-content\/plugins\/sticky-toc-advance-table-of-contents\/\\assets\\menu.png'><\/span><\/div><div id='wpig-contents' class='wpig-contents  wpig-sidebar-widget wpig-style-3'><span class='wpig-headline'>Table des mati\u00e8res<span><a data-action='show' class='wpig-btn-toggledisplay'>[ Show ]<\/a><\/span><\/span><!-- Table of Contents --><div id='wpig-table-of-content' class='wpig-table-of-content'><ol><li class='stoc-objectif'><a href='#stoc-objectif'>Objectif<\/a><\/li><li class='stoc-solution'><a href='#stoc-solution'>Solution<\/a><\/li><li class='stoc-evolution-possible'><a href='#stoc-evolution-possible'>\u00c9volution possible<\/a><\/li><\/ol><\/div><!-- END OF Table of Contents --><\/div><\/div><p><div id='wpig-contents' class='wpig-contents  wpig-sidebar-widget wpig-style-1'><span class='wpig-headline'>Table des mati\u00e8res<span><a data-action='show' class='wpig-btn-toggledisplay'>[ Show ]<\/a><\/span><\/span><!-- Table of Contents --><div id='wpig-table-of-content' class='wpig-table-of-content' ><ol><li class='stoc-objectif'><a href='#stoc-objectif'>Objectif<\/a><\/li><li class='stoc-solution'><a href='#stoc-solution'>Solution<\/a><\/li><li class='stoc-evolution-possible'><a href='#stoc-evolution-possible'>\u00c9volution possible<\/a><\/li><\/ol><\/div><!-- END OF Table of Contents --><\/div><\/p>\n<h2 id=\"stoc-objectif\" class=\"wpig-heading\">Objectif<\/h2>\n\n\n\n<p>Exlibris r\u00e9alise un grand nombre de suppressions techniques de portfolios dans la KB. Pour un m\u00eame titre, le portfolio est supprim\u00e9 et remplac\u00e9 par un autre portfolio. Cette op\u00e9ration est transparente quand la collection est configur\u00e9e pour activer automatiquement les nouveaux portfolios disponibles dans la KB.  Mais elle pose un probl\u00e8me quand l&rsquo;activation des titres et s\u00e9lective, car le portfolio est d\u00e9sactiv\u00e9 sans \u00eatre remplac\u00e9 par le nouvel acc\u00e8s disponible pour les titres. Ainsi, les coll\u00e8gues en charge de la documentation \u00e9lectronique doivent maintenir une veille sur ces op\u00e9rations et intervenir en cons\u00e9quence pour les collections.<\/p>\n\n\n\n<div class=\"is-layout-flex wp-container-3 wp-block-columns\">\n<div class=\"is-layout-flow wp-block-column\" style=\"flex-basis:33.33%\">\n<p>Un outil existe dans Alma permettant d&rsquo;identifier ces cas, il s&rsquo;agit de la <strong>Liste des t\u00e2ches de mises \u00e0 jour de la KB<\/strong> (Ressouces > G\u00e9rer l&rsquo;inventaire) filtr\u00e9e sur type de rapport : Portfolio supprim\u00e9 de bouquets non auto-activ\u00e9s.<\/p>\n<\/div>\n\n\n\n<div class=\"is-layout-flow wp-block-column\" style=\"flex-basis:66.66%\">\n<figure class=\"wp-block-image size-full\"><img decoding=\"async\" loading=\"lazy\" width=\"762\" height=\"368\" src=\"https:\/\/rebub.u-bordeaux.fr\/wp-content\/uploads\/2025\/01\/image-15.png\" alt=\"\" class=\"wp-image-23089\" srcset=\"https:\/\/rebub.u-bordeaux.fr\/wp-content\/uploads\/2025\/01\/image-15.png 762w, https:\/\/rebub.u-bordeaux.fr\/wp-content\/uploads\/2025\/01\/image-15-300x145.png 300w\" sizes=\"(max-width: 762px) 100vw, 762px\" \/><figcaption class=\"wp-element-caption\">Ressouces > G\u00e9rer l&rsquo;inventaire > <strong>Liste des t\u00e2ches de mises \u00e0 jour de la KB<\/strong><\/figcaption><\/figure>\n<\/div>\n<\/div>\n\n\n\n<p>La demande des coll\u00e8gues \u00e9tait de simplifier le travail de veille en recevant chaque semaine l&rsquo;information plut\u00f4t que d&rsquo;aller la chercher dans Alma.<\/p>\n\n\n\n<h2 id=\"stoc-solution\" class=\"wpig-heading\">Solution<\/h2>\n\n\n\n<p>La solution propos\u00e9e par le SCOOP repose sur un rapport analytique qui liste les portfolios non auto-activ\u00e9s supprim\u00e9s par le syst\u00e8me durant les 7 derniers jours. Ce rapport est ex\u00e9cut\u00e9 automatiquement (cf. <a href=\"https:\/\/knowledge.exlibrisgroup.com\/Alma\/Product_Documentation\/010Alma_Online_Help_(English)\/080Analytics\/03Working_with_Analytics_Objects#Scheduling_and_Subscribing_to_Reports_and_Dashboards\">documentation sur l&rsquo;automatisation des rapports<\/a>) chaque <strong>dimanche \u00e0 6h <\/strong>depuis Alma. Le r\u00e9sultat est envoy\u00e9 au format Excel par mail aux coll\u00e8gues int\u00e9ress\u00e9s.<\/p>\n\n\n<div class=\"wp-block-image\">\n<figure class=\"aligncenter size-full\"><img decoding=\"async\" loading=\"lazy\" width=\"765\" height=\"367\" src=\"https:\/\/rebub.u-bordeaux.fr\/wp-content\/uploads\/2025\/01\/image-16.png\" alt=\"\" class=\"wp-image-23091\" srcset=\"https:\/\/rebub.u-bordeaux.fr\/wp-content\/uploads\/2025\/01\/image-16.png 765w, https:\/\/rebub.u-bordeaux.fr\/wp-content\/uploads\/2025\/01\/image-16-300x144.png 300w\" sizes=\"(max-width: 765px) 100vw, 765px\" \/><\/figure><\/div>\n\n\n<p>L&rsquo;analyse est accessible sous <strong>Bordeaux NZ 33PUDB_NETWORK\/prod\/Docelec\/Suivi des mises \u00e0 jour de la KB<\/strong> s&rsquo;appelle <strong>Maj KB : Portfolios non auto-activ\u00e9s supprim\u00e9s<\/strong>.<\/p>\n\n\n\n<p> Ce rapport s&rsquo;appuie sur l&rsquo;environnement <strong>\u00ab\u00a0System Events\u00a0\u00bb<\/strong> pour d\u00e9tecter tous les portfolios dont le lien avec la CZ a \u00e9t\u00e9 bris\u00e9 en raison de la suppression du portfolio dans la CZ (Liste des portfolios d\u00e9localis\u00e9s de la KB). \u00c0 partir de cette liste, il va identifier les portfolios supprim\u00e9s par le syst\u00e8me dont le mode de gestion n&rsquo;\u00e9tait pas \u00ab\u00a0Auto Active\u00a0\u00bb. <\/p>\n\n\n\n<h2 id=\"stoc-evolution-possible\" class=\"wpig-heading\">\u00c9volution possible<\/h2>\n\n\n\n<p>R\u00e9cup\u00e9rer le contenu du rapport via API et notifier les utilisateurs qu&rsquo;en cas de titres identifi\u00e9s<\/p>\n\n\n\n<p><\/p>\n","protected":false},"excerpt":{"rendered":"<p>Table des mati\u00e8res[ Show ]ObjectifSolution\u00c9volution possibleObjectif Exlibris r\u00e9alise un grand nombre de suppressions techniques de portfolios dans la KB. Pour un m\u00eame titre, le portfolio est supprim\u00e9 et remplac\u00e9 par un autre portfolio. Cette op\u00e9ration est transparente quand la collection&#8230;<\/p>\n","protected":false},"author":2,"featured_media":0,"parent":23086,"menu_order":0,"comment_status":"closed","ping_status":"closed","template":"","meta":[],"post_mailing_queue_ids":[],"_links":{"self":[{"href":"https:\/\/rebub.u-bordeaux.fr\/index.php\/wp-json\/wp\/v2\/pages\/23088"}],"collection":[{"href":"https:\/\/rebub.u-bordeaux.fr\/index.php\/wp-json\/wp\/v2\/pages"}],"about":[{"href":"https:\/\/rebub.u-bordeaux.fr\/index.php\/wp-json\/wp\/v2\/types\/page"}],"author":[{"embeddable":true,"href":"https:\/\/rebub.u-bordeaux.fr\/index.php\/wp-json\/wp\/v2\/users\/2"}],"replies":[{"embeddable":true,"href":"https:\/\/rebub.u-bordeaux.fr\/index.php\/wp-json\/wp\/v2\/comments?post=23088"}],"version-history":[{"count":3,"href":"https:\/\/rebub.u-bordeaux.fr\/index.php\/wp-json\/wp\/v2\/pages\/23088\/revisions"}],"predecessor-version":[{"id":23094,"href":"https:\/\/rebub.u-bordeaux.fr\/index.php\/wp-json\/wp\/v2\/pages\/23088\/revisions\/23094"}],"up":[{"embeddable":true,"href":"https:\/\/rebub.u-bordeaux.fr\/index.php\/wp-json\/wp\/v2\/pages\/23086"}],"wp:attachment":[{"href":"https:\/\/rebub.u-bordeaux.fr\/index.php\/wp-json\/wp\/v2\/media?parent=23088"}],"curies":[{"name":"wp","href":"https:\/\/api.w.org\/{rel}","templated":true}]}}