	{"id":23308,"date":"2025-02-17T11:29:48","date_gmt":"2025-02-17T10:29:48","guid":{"rendered":"https:\/\/rebub.u-bordeaux.fr\/?page_id=23308"},"modified":"2025-02-17T11:29:48","modified_gmt":"2025-02-17T10:29:48","slug":"faire-une-demande-de-modification-dexemplaires-en-masse-dans-le-sudoc","status":"publish","type":"page","link":"https:\/\/rebub.u-bordeaux.fr\/index.php\/le-scoop\/nos-services\/faire-une-demande-de-modification-dexemplaires-en-masse-dans-le-sudoc\/","title":{"rendered":"Faire une demande de modification d&rsquo;exemplaires en masse dans le SUDOC"},"content":{"rendered":"<div id='wpig-floatingbar' class='wpig-floatingbar'><div id='wpig-switch-wrapper' class='wpig-switch-wrapper'><span id='wpig-floating-switch' class='wpig-floating-switch'><img src='https:\/\/rebub.u-bordeaux.fr\/wp-content\/plugins\/sticky-toc-advance-table-of-contents\/\\assets\\menu.png'><\/span><\/div><\/div><p><\/p>\n<div class=\"is-layout-flex wp-container-3 wp-block-columns bord-bloc-reutilisable has-background\" style=\"background-color:#ffeec2\">\n<div class=\"is-layout-flow wp-block-column is-vertically-aligned-center\" style=\"flex-basis:7%\">\n<figure class=\"wp-block-image alignfull size-full is-style-default\"><img decoding=\"async\" loading=\"lazy\" width=\"512\" height=\"512\" src=\"https:\/\/rebub.u-bordeaux.fr\/wp-content\/uploads\/2024\/04\/nouvelles-idees-en-cours.png\" alt=\"\" class=\"wp-image-19897\" srcset=\"https:\/\/rebub.u-bordeaux.fr\/wp-content\/uploads\/2024\/04\/nouvelles-idees-en-cours.png 512w, https:\/\/rebub.u-bordeaux.fr\/wp-content\/uploads\/2024\/04\/nouvelles-idees-en-cours-300x300.png 300w, https:\/\/rebub.u-bordeaux.fr\/wp-content\/uploads\/2024\/04\/nouvelles-idees-en-cours-150x150.png 150w\" sizes=\"(max-width: 512px) 100vw, 512px\" \/><\/figure>\n<\/div>\n\n\n\n<div class=\"is-layout-flow wp-block-column is-vertically-aligned-center\" style=\"flex-basis:85%\">\n<p>Ce service vous permettra de mettre \u00e0 jour les informations sur un grand nombre d&rsquo;exemplaires dans le SUDOC.<\/p>\n<\/div>\n<\/div>\n\n\n\n<p>Nous pouvons modifier, cr\u00e9er ou supprimer des zones ou des sous-zones dans <strong>les exemplaires d\u00e9j\u00e0 pr\u00e9sents<\/strong> dans le SUDOC de fa\u00e7on massive. <\/p>\n\n\n\n<p>Pour avoir recours \u00e0 ce service, merci de nous fournir par ticket \u00e0 <a href=\"mailto:scoop@u-bordeaux.fr\">scoop@u-bordeaux.fr<\/a> :<\/p>\n\n\n\n<ul>\n<li>La liste des PPN concern\u00e9s, un par ligne<\/li>\n\n\n\n<li>Le RCR concern\u00e9<\/li>\n\n\n\n<li>En cas de multi-exemplaires, est-ce que les modifications concernent tous les exemplaires ou seulement certains ? si tous ne sont pas concern\u00e9s, merci de nous fournir un moyen de savoir lesquels seront \u00e0 modifier.<\/li>\n\n\n\n<li>La ou les zones \u00e0 modifier avec le ou les codes de sous-zones si besoin.<\/li>\n\n\n\n<li>en cas de zones ou sous-zones \u00e0 modifier ou ajouter, le contenu de la zone ou sous-zone. <\/li>\n<\/ul>\n\n\n\n<p>En cas de demandes complexes, n&rsquo;h\u00e9sitez pas \u00e0 prendre contact avec le scoop via un ticket !<\/p>\n\n\n\n<div class=\"is-layout-constrained wp-block-group bord-bloc-reutilisable\"><div class=\"wp-block-group__inner-container\">\n<div class=\"is-layout-flex wp-container-6 wp-block-columns alignfull bord-bloc-reutilisable has-background\" style=\"background-color:#ff303047\">\n<div class=\"is-layout-flow wp-block-column is-vertically-aligned-center\" style=\"flex-basis:7%\">\n<figure class=\"wp-block-image alignfull size-full\"><img decoding=\"async\" loading=\"lazy\" width=\"512\" height=\"512\" src=\"https:\/\/rebub.u-bordeaux.fr\/wp-content\/uploads\/2024\/04\/point-dexclamation.png\" alt=\"\" class=\"wp-image-19898\" srcset=\"https:\/\/rebub.u-bordeaux.fr\/wp-content\/uploads\/2024\/04\/point-dexclamation.png 512w, https:\/\/rebub.u-bordeaux.fr\/wp-content\/uploads\/2024\/04\/point-dexclamation-300x300.png 300w, https:\/\/rebub.u-bordeaux.fr\/wp-content\/uploads\/2024\/04\/point-dexclamation-150x150.png 150w\" sizes=\"(max-width: 512px) 100vw, 512px\" \/><\/figure>\n<\/div>\n\n\n\n<div class=\"is-layout-flow wp-block-column is-vertically-aligned-center\" style=\"flex-basis:85%\">\n<p><strong>Attention !<\/strong><\/p>\n\n\n\n<p>Les exemplaires des th\u00e8ses \u00e9lectroniques cr\u00e9\u00e9s dans l&rsquo;application Star, doivent \u00eatre modifi\u00e9s \u00e9galement depuis l&rsquo;application Star. <\/p>\n<\/div>\n<\/div>\n<\/div><\/div>\n","protected":false},"excerpt":{"rendered":"<p>Ce service vous permettra de mettre \u00e0 jour les informations sur un grand nombre d&rsquo;exemplaires dans le SUDOC. Nous pouvons modifier, cr\u00e9er ou supprimer des zones ou des sous-zones dans les exemplaires d\u00e9j\u00e0 pr\u00e9sents dans le SUDOC de fa\u00e7on massive&#8230;.<\/p>\n","protected":false},"author":82,"featured_media":0,"parent":22925,"menu_order":6,"comment_status":"closed","ping_status":"closed","template":"","meta":[],"post_mailing_queue_ids":[],"_links":{"self":[{"href":"https:\/\/rebub.u-bordeaux.fr\/index.php\/wp-json\/wp\/v2\/pages\/23308"}],"collection":[{"href":"https:\/\/rebub.u-bordeaux.fr\/index.php\/wp-json\/wp\/v2\/pages"}],"about":[{"href":"https:\/\/rebub.u-bordeaux.fr\/index.php\/wp-json\/wp\/v2\/types\/page"}],"author":[{"embeddable":true,"href":"https:\/\/rebub.u-bordeaux.fr\/index.php\/wp-json\/wp\/v2\/users\/82"}],"replies":[{"embeddable":true,"href":"https:\/\/rebub.u-bordeaux.fr\/index.php\/wp-json\/wp\/v2\/comments?post=23308"}],"version-history":[{"count":2,"href":"https:\/\/rebub.u-bordeaux.fr\/index.php\/wp-json\/wp\/v2\/pages\/23308\/revisions"}],"predecessor-version":[{"id":23310,"href":"https:\/\/rebub.u-bordeaux.fr\/index.php\/wp-json\/wp\/v2\/pages\/23308\/revisions\/23310"}],"up":[{"embeddable":true,"href":"https:\/\/rebub.u-bordeaux.fr\/index.php\/wp-json\/wp\/v2\/pages\/22925"}],"wp:attachment":[{"href":"https:\/\/rebub.u-bordeaux.fr\/index.php\/wp-json\/wp\/v2\/media?parent=23308"}],"curies":[{"name":"wp","href":"https:\/\/api.w.org\/{rel}","templated":true}]}}