	{"id":23546,"date":"2025-04-04T10:47:53","date_gmt":"2025-04-04T08:47:53","guid":{"rendered":"https:\/\/rebub.u-bordeaux.fr\/?page_id=23546"},"modified":"2025-04-04T11:27:11","modified_gmt":"2025-04-04T09:27:11","slug":"attacher-une-licence-a-une-collection","status":"publish","type":"page","link":"https:\/\/rebub.u-bordeaux.fr\/index.php\/alma\/procedures\/documentation-electronique\/acquisition-a-deplacer-vers-acquisiton\/attacher-une-licence-a-une-collection\/","title":{"rendered":"Attacher une licence \u00e0 une collection"},"content":{"rendered":"<div id='wpig-floatingbar' class='wpig-floatingbar'><div id='wpig-switch-wrapper' class='wpig-switch-wrapper'><span id='wpig-floating-switch' class='wpig-floating-switch'><img src='https:\/\/rebub.u-bordeaux.fr\/wp-content\/plugins\/sticky-toc-advance-table-of-contents\/\\assets\\menu.png'><\/span><\/div><div id='wpig-contents' class='wpig-contents  wpig-sidebar-widget wpig-style-3'><span class='wpig-headline'>Table des mati\u00e8res<span><a data-action='show' class='wpig-btn-toggledisplay'>[ Show ]<\/a><\/span><\/span><!-- Table of Contents --><div id='wpig-table-of-content' class='wpig-table-of-content'><ol><li class='stoc-creation-dune-licence'><a href='#stoc-creation-dune-licence'>Cr\u00e9ation d&rsquo;une licence<\/a><\/li><li class='stoc-attacher-une-licence-a-une-collection'><a href='#stoc-attacher-une-licence-a-une-collection'>Attacher une licence \u00e0 une collection<\/a><\/li><li class='stoc-attacher-une-licence-a-un-portfolio'><a href='#stoc-attacher-une-licence-a-un-portfolio'>Attacher une licence \u00e0 un portfolio<\/a><\/li><\/ol><\/div><!-- END OF Table of Contents --><\/div><\/div><p><div id='wpig-contents' class='wpig-contents  wpig-sidebar-widget wpig-style-1'><span class='wpig-headline'>Table des mati\u00e8res<span><a data-action='show' class='wpig-btn-toggledisplay'>[ Show ]<\/a><\/span><\/span><!-- Table of Contents --><div id='wpig-table-of-content' class='wpig-table-of-content' ><ol><li class='stoc-creation-dune-licence'><a href='#stoc-creation-dune-licence'>Cr\u00e9ation d&rsquo;une licence<\/a><\/li><li class='stoc-attacher-une-licence-a-une-collection'><a href='#stoc-attacher-une-licence-a-une-collection'>Attacher une licence \u00e0 une collection<\/a><\/li><li class='stoc-attacher-une-licence-a-un-portfolio'><a href='#stoc-attacher-une-licence-a-un-portfolio'>Attacher une licence \u00e0 un portfolio<\/a><\/li><\/ol><\/div><!-- END OF Table of Contents --><\/div><\/p>\n<p>Alma permet d&rsquo;attacher \u00e0 une collection des informations sur la licence d&rsquo;utilisation n\u00e9goci\u00e9e aupr\u00e8s du fournisseur. Concr\u00e8tement, il s&rsquo;agit de cr\u00e9er dans Alma une licence qui d\u00e9taille les diff\u00e9rentes conditions d&rsquo;utilisation de la ressource (les termes de la licence). Ces informations peuvent \u00eatre ensuite facilement consult\u00e9e dans Alma et affich\u00e9es au public (configurable pour chaque terme). Une licence peut \u00eatre rattach\u00e9e \u00e0 plusieurs collections. Il est possible de cr\u00e9er des mod\u00e8les de licences pour les r\u00e9utiliser \u00e0 la cr\u00e9ation d&rsquo;une nouvelle licence.<\/p>\n\n\n\n<h2 id=\"stoc-creation-dune-licence\" class=\"wpig-heading\">Cr\u00e9ation d&rsquo;une licence<\/h2>\n\n\n\n<figure class=\"wp-block-image size-large\"><img decoding=\"async\" loading=\"lazy\" width=\"1024\" height=\"479\" src=\"https:\/\/rebub.u-bordeaux.fr\/wp-content\/uploads\/2025\/04\/image-1024x479.png\" alt=\"\" class=\"wp-image-23547\" srcset=\"https:\/\/rebub.u-bordeaux.fr\/wp-content\/uploads\/2025\/04\/image-1024x479.png 1024w, https:\/\/rebub.u-bordeaux.fr\/wp-content\/uploads\/2025\/04\/image-300x140.png 300w, https:\/\/rebub.u-bordeaux.fr\/wp-content\/uploads\/2025\/04\/image-768x360.png 768w, https:\/\/rebub.u-bordeaux.fr\/wp-content\/uploads\/2025\/04\/image-1536x719.png 1536w, https:\/\/rebub.u-bordeaux.fr\/wp-content\/uploads\/2025\/04\/image.png 1920w\" sizes=\"(max-width: 1024px) 100vw, 1024px\" \/><figcaption class=\"wp-element-caption\">Acquisitions &gt; Infrastructure des acquisitions &gt; Licences<\/figcaption><\/figure>\n\n\n\n<ol>\n<li><strong>Acc\u00e8s<\/strong> : Via la page Licences et modifications (Acquisitions &gt; Infrastructure des acquisitions &gt; Licences).<\/li>\n\n\n\n<li><strong>Proc\u00e9dure<\/strong> :\n<ul>\n<li>Cliquer sur \u00ab\u00a0Ajouter une licence\u00a0\u00bb.<\/li>\n\n\n\n<li>S\u00e9lectionner \u00ab\u00a0Manuellement\u00a0\u00bb ou utiliser un fichier ONIX-PL.<\/li>\n\n\n\n<li>Remplir les champs obligatoires : nom, code, date de d\u00e9but.<\/li>\n\n\n\n<li>Configurer les champs facultatifs : type de licence, statut, conc\u00e9dant, signataires, dates, localisation, statut de r\u00e9vision, URI, agent de licence.<\/li>\n\n\n\n<li>D\u00e9finir les termes de licence (conditions d&rsquo;utilisation, restrictions, droits perp\u00e9tuels).<\/li>\n\n\n\n<li>Enregistrer les informations.<\/li>\n<\/ul>\n<\/li>\n<\/ol>\n\n\n\n<figure class=\"wp-block-image size-large\"><img decoding=\"async\" loading=\"lazy\" width=\"1024\" height=\"280\" src=\"https:\/\/rebub.u-bordeaux.fr\/wp-content\/uploads\/2025\/04\/image-1-1024x280.png\" alt=\"\" class=\"wp-image-23548\" srcset=\"https:\/\/rebub.u-bordeaux.fr\/wp-content\/uploads\/2025\/04\/image-1-1024x280.png 1024w, https:\/\/rebub.u-bordeaux.fr\/wp-content\/uploads\/2025\/04\/image-1-300x82.png 300w, https:\/\/rebub.u-bordeaux.fr\/wp-content\/uploads\/2025\/04\/image-1-768x210.png 768w, https:\/\/rebub.u-bordeaux.fr\/wp-content\/uploads\/2025\/04\/image-1.png 1494w\" sizes=\"(max-width: 1024px) 100vw, 1024px\" \/><figcaption class=\"wp-element-caption\">R\u00e9sum\u00e9 de la licence<\/figcaption><\/figure>\n\n\n\n<p>Pour une proc\u00e9dure d\u00e9taill\u00e9e, se r\u00e9f\u00e9rer<a href=\"https:\/\/knowledge.exlibrisgroup.com\/Alma\/Product_Documentation\/Alma_Online_Help_(Francais)\/020Acquisitions\/030Infrastructure_des_Acquisitions\/050G\u00e9rer_les_Licences_et_les_Avenants\"> \u00e0 la documentation d&rsquo;Ex Libris<\/a><\/p>\n\n\n\n<h2 id=\"stoc-attacher-une-licence-a-une-collection\" class=\"wpig-heading\">Attacher une licence \u00e0 une collection<\/h2>\n\n\n\n<p>Dans<strong> l&rsquo;\u00e9diteur de collection \u00e9lectronique<\/strong>, dans l&rsquo;onglet information g\u00e9n\u00e9rale, dans la section informations sur la commande et la licence, s\u00e9lectionn\u00e9e une licence existante via le bouton de recherche du champ Licence.<\/p>\n\n\n\n<figure class=\"wp-block-image size-large\"><img decoding=\"async\" loading=\"lazy\" width=\"1024\" height=\"209\" src=\"https:\/\/rebub.u-bordeaux.fr\/wp-content\/uploads\/2025\/04\/image-2-1024x209.png\" alt=\"\" class=\"wp-image-23551\" srcset=\"https:\/\/rebub.u-bordeaux.fr\/wp-content\/uploads\/2025\/04\/image-2-1024x209.png 1024w, https:\/\/rebub.u-bordeaux.fr\/wp-content\/uploads\/2025\/04\/image-2-300x61.png 300w, https:\/\/rebub.u-bordeaux.fr\/wp-content\/uploads\/2025\/04\/image-2-768x157.png 768w, https:\/\/rebub.u-bordeaux.fr\/wp-content\/uploads\/2025\/04\/image-2.png 1481w\" sizes=\"(max-width: 1024px) 100vw, 1024px\" \/><figcaption class=\"wp-element-caption\">Informations sur la commande et la licence<\/figcaption><\/figure>\n\n\n\n<h2 id=\"stoc-attacher-une-licence-a-un-portfolio\" class=\"wpig-heading\">Attacher une licence \u00e0 un portfolio<\/h2>\n\n\n\n<p>Par d\u00e9faut, le portfolio h\u00e9rite de la licence de la collection. Vous pouvez toutefois lui attacher sa propre licence via l&rsquo;\u00e9diteur de portfolio dans l&rsquo;onglet Informations sur la commande.<\/p>\n\n\n\n<figure class=\"wp-block-image size-large\"><img decoding=\"async\" loading=\"lazy\" width=\"1024\" height=\"495\" src=\"https:\/\/rebub.u-bordeaux.fr\/wp-content\/uploads\/2025\/04\/image-3-1024x495.png\" alt=\"\" class=\"wp-image-23552\" srcset=\"https:\/\/rebub.u-bordeaux.fr\/wp-content\/uploads\/2025\/04\/image-3-1024x495.png 1024w, https:\/\/rebub.u-bordeaux.fr\/wp-content\/uploads\/2025\/04\/image-3-300x145.png 300w, https:\/\/rebub.u-bordeaux.fr\/wp-content\/uploads\/2025\/04\/image-3-768x371.png 768w, https:\/\/rebub.u-bordeaux.fr\/wp-content\/uploads\/2025\/04\/image-3.png 1280w\" sizes=\"(max-width: 1024px) 100vw, 1024px\" \/><\/figure>\n","protected":false},"excerpt":{"rendered":"<p>Table des mati\u00e8res[ Show ]Cr\u00e9ation d&rsquo;une licenceAttacher une licence \u00e0 une collectionAttacher une licence \u00e0 un portfolioAlma permet d&rsquo;attacher \u00e0 une collection des informations sur la licence d&rsquo;utilisation n\u00e9goci\u00e9e aupr\u00e8s du fournisseur. Concr\u00e8tement, il s&rsquo;agit de cr\u00e9er dans Alma une&#8230;<\/p>\n","protected":false},"author":2,"featured_media":0,"parent":18612,"menu_order":6,"comment_status":"closed","ping_status":"closed","template":"","meta":[],"post_mailing_queue_ids":[],"_links":{"self":[{"href":"https:\/\/rebub.u-bordeaux.fr\/index.php\/wp-json\/wp\/v2\/pages\/23546"}],"collection":[{"href":"https:\/\/rebub.u-bordeaux.fr\/index.php\/wp-json\/wp\/v2\/pages"}],"about":[{"href":"https:\/\/rebub.u-bordeaux.fr\/index.php\/wp-json\/wp\/v2\/types\/page"}],"author":[{"embeddable":true,"href":"https:\/\/rebub.u-bordeaux.fr\/index.php\/wp-json\/wp\/v2\/users\/2"}],"replies":[{"embeddable":true,"href":"https:\/\/rebub.u-bordeaux.fr\/index.php\/wp-json\/wp\/v2\/comments?post=23546"}],"version-history":[{"count":2,"href":"https:\/\/rebub.u-bordeaux.fr\/index.php\/wp-json\/wp\/v2\/pages\/23546\/revisions"}],"predecessor-version":[{"id":23553,"href":"https:\/\/rebub.u-bordeaux.fr\/index.php\/wp-json\/wp\/v2\/pages\/23546\/revisions\/23553"}],"up":[{"embeddable":true,"href":"https:\/\/rebub.u-bordeaux.fr\/index.php\/wp-json\/wp\/v2\/pages\/18612"}],"wp:attachment":[{"href":"https:\/\/rebub.u-bordeaux.fr\/index.php\/wp-json\/wp\/v2\/media?parent=23546"}],"curies":[{"name":"wp","href":"https:\/\/api.w.org\/{rel}","templated":true}]}}