	{"id":23554,"date":"2025-04-04T12:25:00","date_gmt":"2025-04-04T10:25:00","guid":{"rendered":"https:\/\/rebub.u-bordeaux.fr\/?page_id=23554"},"modified":"2025-04-04T12:25:01","modified_gmt":"2025-04-04T10:25:01","slug":"configuration-des-livences","status":"publish","type":"page","link":"https:\/\/rebub.u-bordeaux.fr\/index.php\/alma\/procedures\/documentation-electronique\/acquisition-a-deplacer-vers-acquisiton\/configuration-des-livences\/","title":{"rendered":"Configuration des licences"},"content":{"rendered":"<div id='wpig-floatingbar' class='wpig-floatingbar'><div id='wpig-switch-wrapper' class='wpig-switch-wrapper'><span id='wpig-floating-switch' class='wpig-floating-switch'><img src='https:\/\/rebub.u-bordeaux.fr\/wp-content\/plugins\/sticky-toc-advance-table-of-contents\/\\assets\\menu.png'><\/span><\/div><div id='wpig-contents' class='wpig-contents  wpig-sidebar-widget wpig-style-3'><span class='wpig-headline'>Table des mati\u00e8res<span><a data-action='show' class='wpig-btn-toggledisplay'>[ Show ]<\/a><\/span><\/span><!-- Table of Contents --><div id='wpig-table-of-content' class='wpig-table-of-content'><ol><li class='stoc-configurer-les-sections'><a href='#stoc-configurer-les-sections'>Configurer les sections<\/a><\/li><li class='stoc-gerer-les-termes-de-licences'><a href='#stoc-gerer-les-termes-de-licences'>G\u00e9rer les termes de licences<\/a><\/li><li class='stoc-creer-un-terme-personnalise'><a href='#stoc-creer-un-terme-personnalise'>Cr\u00e9er un terme personnalis\u00e9<\/a><\/li><\/ol><\/div><!-- END OF Table of Contents --><\/div><\/div><p><div id='wpig-contents' class='wpig-contents  wpig-sidebar-widget wpig-style-1'><span class='wpig-headline'>Table des mati\u00e8res<span><a data-action='show' class='wpig-btn-toggledisplay'>[ Show ]<\/a><\/span><\/span><!-- Table of Contents --><div id='wpig-table-of-content' class='wpig-table-of-content' ><ol><li class='stoc-configurer-les-sections'><a href='#stoc-configurer-les-sections'>Configurer les sections<\/a><\/li><li class='stoc-gerer-les-termes-de-licences'><a href='#stoc-gerer-les-termes-de-licences'>G\u00e9rer les termes de licences<\/a><\/li><li class='stoc-creer-un-terme-personnalise'><a href='#stoc-creer-un-terme-personnalise'>Cr\u00e9er un terme personnalis\u00e9<\/a><\/li><\/ol><\/div><!-- END OF Table of Contents --><\/div><\/p>\n<p>L&rsquo;acc\u00e8s \u00e0 la configuration des licences n\u00e9cessite le R\u00f4le Administrateur des acquisitions. <\/p>\n\n\n\n<p>Les tables de configuration des licences sont accessibles \u00e0 partir du menu <strong>Configuration > Acquisitions > Licences<\/strong><\/p>\n\n\n\n<figure class=\"wp-block-image size-large\"><img decoding=\"async\" loading=\"lazy\" width=\"1024\" height=\"495\" src=\"https:\/\/rebub.u-bordeaux.fr\/wp-content\/uploads\/2025\/04\/image-4-1024x495.png\" alt=\"\" class=\"wp-image-23555\" srcset=\"https:\/\/rebub.u-bordeaux.fr\/wp-content\/uploads\/2025\/04\/image-4-1024x495.png 1024w, https:\/\/rebub.u-bordeaux.fr\/wp-content\/uploads\/2025\/04\/image-4-300x145.png 300w, https:\/\/rebub.u-bordeaux.fr\/wp-content\/uploads\/2025\/04\/image-4-768x371.png 768w, https:\/\/rebub.u-bordeaux.fr\/wp-content\/uploads\/2025\/04\/image-4.png 1280w\" sizes=\"(max-width: 1024px) 100vw, 1024px\" \/><\/figure>\n\n\n\n<h2 id=\"stoc-configurer-les-sections\" class=\"wpig-heading\">Configurer les sections<\/h2>\n\n\n\n<p>La table <a href=\"https:\/\/knowledge.exlibrisgroup.com\/Alma\/Product_Documentation\/Alma_Online_Help_(Francais)\/020Acquisitions\/110Configuration_des_acquisitions\/160Configuration_de_l'ordre_des_sections_de_licence\" data-type=\"URL\" data-id=\"https:\/\/knowledge.exlibrisgroup.com\/Alma\/Product_Documentation\/Alma_Online_Help_(Francais)\/020Acquisitions\/110Configuration_des_acquisitions\/160Configuration_de_l'ordre_des_sections_de_licence\">ordre des sections<\/a> vous permet de supprimer des sections et de modifier l&rsquo;ordre d&rsquo;affichage. Il n&rsquo;est pas possible de cr\u00e9er une section et les libell\u00e9s de section ne sont pas personnalisables.<\/p>\n\n\n\n<h2 id=\"stoc-gerer-les-termes-de-licences\" class=\"wpig-heading\">G\u00e9rer les termes de licences<\/h2>\n\n\n\n<figure class=\"wp-block-image size-large\"><img decoding=\"async\" loading=\"lazy\" width=\"1024\" height=\"258\" src=\"https:\/\/rebub.u-bordeaux.fr\/wp-content\/uploads\/2025\/04\/image-5-1024x258.png\" alt=\"\" class=\"wp-image-23556\" srcset=\"https:\/\/rebub.u-bordeaux.fr\/wp-content\/uploads\/2025\/04\/image-5-1024x258.png 1024w, https:\/\/rebub.u-bordeaux.fr\/wp-content\/uploads\/2025\/04\/image-5-300x75.png 300w, https:\/\/rebub.u-bordeaux.fr\/wp-content\/uploads\/2025\/04\/image-5-768x193.png 768w, https:\/\/rebub.u-bordeaux.fr\/wp-content\/uploads\/2025\/04\/image-5-1536x387.png 1536w, https:\/\/rebub.u-bordeaux.fr\/wp-content\/uploads\/2025\/04\/image-5.png 1665w\" sizes=\"(max-width: 1024px) 100vw, 1024px\" \/><\/figure>\n\n\n\n<p>La table \u00ab\u00a0G\u00e9rer les termes de licences\u00a0\u00bb vous permet de : <\/p>\n\n\n\n<ul>\n<li>Affecter un terme \u00e0 une section <strong>(Section de licence)<\/strong>. Si la section est supprim\u00e9e dans la table ordre des sections, le terme ne sera pas affich\u00e9 dans l&rsquo;\u00e9diteur de licence.<\/li>\n\n\n\n<li>Modifier l&rsquo;ordre des termes dans la section <strong>(Ordre dans la section)<\/strong><\/li>\n\n\n\n<li>Afficher ou masquer le terme au public (<strong>Affichage au public)<\/strong><\/li>\n\n\n\n<li>Masquer un terme de l&rsquo;\u00e9diteur de Licence (Laisser blanc le param\u00e8tre <strong>Section de licence)<\/strong><\/li>\n<\/ul>\n\n\n\n<p><a href=\"https:\/\/knowledge.exlibrisgroup.com\/Alma\/Product_Documentation\/Alma_Online_Help_(Francais)\/020Acquisitions\/110Configuration_des_acquisitions\/170G\u00e9rer_les_termes_de_licence\">https:\/\/knowledge.exlibrisgroup.com\/Alma\/Product_Documentation\/Alma_Online_Help_(Francais)\/020Acquisitions\/110Configuration_des_acquisitions\/170G\u00e9rer_les_termes_de_licence<\/a><\/p>\n\n\n\n<h2 id=\"stoc-creer-un-terme-personnalise\" class=\"wpig-heading\">Cr\u00e9er un terme personnalis\u00e9<\/h2>\n\n\n\n<figure class=\"wp-block-image size-large\"><img decoding=\"async\" loading=\"lazy\" width=\"1024\" height=\"312\" src=\"https:\/\/rebub.u-bordeaux.fr\/wp-content\/uploads\/2025\/04\/image-6-1024x312.png\" alt=\"\" class=\"wp-image-23557\" srcset=\"https:\/\/rebub.u-bordeaux.fr\/wp-content\/uploads\/2025\/04\/image-6-1024x312.png 1024w, https:\/\/rebub.u-bordeaux.fr\/wp-content\/uploads\/2025\/04\/image-6-300x91.png 300w, https:\/\/rebub.u-bordeaux.fr\/wp-content\/uploads\/2025\/04\/image-6-768x234.png 768w, https:\/\/rebub.u-bordeaux.fr\/wp-content\/uploads\/2025\/04\/image-6.png 1358w\" sizes=\"(max-width: 1024px) 100vw, 1024px\" \/><\/figure>\n\n\n\n<ol>\n<li>Dans la table <strong>G\u00e9rer les termes de licences<\/strong>, cliquez sur Ajouter une condition de Licence<\/li>\n\n\n\n<li>Donnez au terme un nom, un code,  rattachez le \u00e0 une section et indiquez s&rsquo;il doit \u00eatre visible dans B+. <\/li>\n\n\n\n<li>Choisissez un type de terme de licence parmi les cas propos\u00e9s. Le type de terme va d\u00e9finir le type de champs de saisie qui sera propos\u00e9 dans l&rsquo;\u00e9diteur de licence. L&rsquo;option <strong>Vocabulaire contr\u00f4l\u00e9<\/strong> permet de proposer \u00e0 l&rsquo;op\u00e9rateur de saisie une liste ferm\u00e9es de termes.  <\/li>\n\n\n\n<li>Pensez \u00e0 enregsitrez la table (Bouton Enregistrer en haut \u00e0 droite)<\/li>\n\n\n\n<li>Pour configurer ce vocabulaire contr\u00f4l\u00e9, allez dans la table  <strong>Terme de la licence Vocabulaire contr\u00f4l\u00e9<\/strong>. Ajouter une ligne pour chaque option que vous voulez proposer. Rattachez cette derni\u00e8re au terme d\u00e9sir\u00e9 via <strong>le Code du terme de la licence<\/strong><\/li>\n<\/ol>\n\n\n\n<figure class=\"wp-block-image size-large\"><img decoding=\"async\" loading=\"lazy\" width=\"1024\" height=\"495\" src=\"https:\/\/rebub.u-bordeaux.fr\/wp-content\/uploads\/2025\/04\/image-8-1024x495.png\" alt=\"\" class=\"wp-image-23559\" srcset=\"https:\/\/rebub.u-bordeaux.fr\/wp-content\/uploads\/2025\/04\/image-8-1024x495.png 1024w, https:\/\/rebub.u-bordeaux.fr\/wp-content\/uploads\/2025\/04\/image-8-300x145.png 300w, https:\/\/rebub.u-bordeaux.fr\/wp-content\/uploads\/2025\/04\/image-8-768x371.png 768w, https:\/\/rebub.u-bordeaux.fr\/wp-content\/uploads\/2025\/04\/image-8.png 1280w\" sizes=\"(max-width: 1024px) 100vw, 1024px\" \/><\/figure>\n\n\n\n<p>6. Personnalisez le terme dans B+ et g\u00e9rer son affichage multilingue via la table <strong>Libell\u00e9s de l&rsquo;interface de d\u00e9couverte personnalis\u00e9s<\/strong><\/p>\n","protected":false},"excerpt":{"rendered":"<p>Table des mati\u00e8res[ Show ]Configurer les sectionsG\u00e9rer les termes de licencesCr\u00e9er un terme personnalis\u00e9L&rsquo;acc\u00e8s \u00e0 la configuration des licences n\u00e9cessite le R\u00f4le Administrateur des acquisitions. Les tables de configuration des licences sont accessibles \u00e0 partir du menu Configuration > Acquisitions&#8230;<\/p>\n","protected":false},"author":2,"featured_media":0,"parent":18612,"menu_order":7,"comment_status":"closed","ping_status":"closed","template":"","meta":[],"post_mailing_queue_ids":[],"_links":{"self":[{"href":"https:\/\/rebub.u-bordeaux.fr\/index.php\/wp-json\/wp\/v2\/pages\/23554"}],"collection":[{"href":"https:\/\/rebub.u-bordeaux.fr\/index.php\/wp-json\/wp\/v2\/pages"}],"about":[{"href":"https:\/\/rebub.u-bordeaux.fr\/index.php\/wp-json\/wp\/v2\/types\/page"}],"author":[{"embeddable":true,"href":"https:\/\/rebub.u-bordeaux.fr\/index.php\/wp-json\/wp\/v2\/users\/2"}],"replies":[{"embeddable":true,"href":"https:\/\/rebub.u-bordeaux.fr\/index.php\/wp-json\/wp\/v2\/comments?post=23554"}],"version-history":[{"count":1,"href":"https:\/\/rebub.u-bordeaux.fr\/index.php\/wp-json\/wp\/v2\/pages\/23554\/revisions"}],"predecessor-version":[{"id":23560,"href":"https:\/\/rebub.u-bordeaux.fr\/index.php\/wp-json\/wp\/v2\/pages\/23554\/revisions\/23560"}],"up":[{"embeddable":true,"href":"https:\/\/rebub.u-bordeaux.fr\/index.php\/wp-json\/wp\/v2\/pages\/18612"}],"wp:attachment":[{"href":"https:\/\/rebub.u-bordeaux.fr\/index.php\/wp-json\/wp\/v2\/media?parent=23554"}],"curies":[{"name":"wp","href":"https:\/\/api.w.org\/{rel}","templated":true}]}}