	{"id":23757,"date":"2025-06-03T11:17:38","date_gmt":"2025-06-03T09:17:38","guid":{"rendered":"https:\/\/rebub.u-bordeaux.fr\/?page_id=23757"},"modified":"2025-06-03T11:17:39","modified_gmt":"2025-06-03T09:17:39","slug":"parametrer-longlet-edi-pour-un-fournisseur","status":"publish","type":"page","link":"https:\/\/rebub.u-bordeaux.fr\/index.php\/alma\/procedures\/acquisitions\/budgets\/parametrer-longlet-edi-pour-un-fournisseur\/","title":{"rendered":"Param\u00e9trer l&rsquo;onglet EDI pour un fournisseur"},"content":{"rendered":"<div id='wpig-floatingbar' class='wpig-floatingbar'><div id='wpig-switch-wrapper' class='wpig-switch-wrapper'><span id='wpig-floating-switch' class='wpig-floating-switch'><img src='https:\/\/rebub.u-bordeaux.fr\/wp-content\/plugins\/sticky-toc-advance-table-of-contents\/\\assets\\menu.png'><\/span><\/div><\/div><p><\/p>\n<p>Dans la fiche fournisseur, remplir l\u2019onglet \u00ab\u00a0Information EDI\u00a0\u00bb\u00a0:<\/p>\n\n\n\n<p>Partie \u00ab&nbsp;Attributs du fournisseur EDI&nbsp;\u00bb<\/p>\n\n\n\n<p>Le fournisseur vous aura adress\u00e9 au pr\u00e9alable tous les \u00e9l\u00e9ments n\u00e9cessaires pour param\u00e9trer sa page&nbsp;: Le code EDI + le Type d\u2019EDI<\/p>\n\n\n\n<p>Il vous faudra s\u00e9lectionner le sens des \u00e9changes de fichiers \u00ab&nbsp;Entrant&nbsp;\u00bb et\/ou \u00ab&nbsp;sortant&nbsp;\u00bb et pour quels motifs (Commandes, R\u00e9clamations, Annulation de commande&nbsp;\u00bb.<\/p>\n\n\n\n<p>Vous pourrez s\u00e9lectionner \u00e9galement les informations que vous voulez voir dans les fichiers d\u2019\u00e9changes\u00a0: Note de r\u00e9ception, code stat etc.<\/p>\n\n\n\n<figure class=\"wp-block-image size-full\"><img decoding=\"async\" loading=\"lazy\" width=\"905\" height=\"209\" src=\"https:\/\/rebub.u-bordeaux.fr\/wp-content\/uploads\/2025\/06\/capture7.png\" alt=\"\" class=\"wp-image-23759\" srcset=\"https:\/\/rebub.u-bordeaux.fr\/wp-content\/uploads\/2025\/06\/capture7.png 905w, https:\/\/rebub.u-bordeaux.fr\/wp-content\/uploads\/2025\/06\/capture7-300x69.png 300w, https:\/\/rebub.u-bordeaux.fr\/wp-content\/uploads\/2025\/06\/capture7-768x177.png 768w\" sizes=\"(max-width: 905px) 100vw, 905px\" \/><\/figure>\n\n\n\n<p>La partie \u00ab&nbsp;Param\u00e8tres de traitement d\u2019entr\u00e9e&nbsp;\u00bb permet de planifier la fr\u00e9quence du traitement servant \u00e0 collecter ou \u00e0 d\u00e9poser les informations sur le serveur du fournisseur.<\/p>\n\n\n\n<p>Cette partie permet aussi de choisir comment sera trait\u00e9e la TVA au moment de la facturation.<\/p>\n\n\n\n<figure class=\"is-layout-flex wp-block-gallery-1 wp-block-gallery has-nested-images columns-default is-cropped\">\n<figure class=\"wp-block-image size-large\"><img decoding=\"async\" loading=\"lazy\" width=\"894\" height=\"275\" data-id=\"23760\"  src=\"https:\/\/rebub.u-bordeaux.fr\/wp-content\/uploads\/2025\/06\/capture8.png\" alt=\"\" class=\"wp-image-23760\" srcset=\"https:\/\/rebub.u-bordeaux.fr\/wp-content\/uploads\/2025\/06\/capture8.png 894w, https:\/\/rebub.u-bordeaux.fr\/wp-content\/uploads\/2025\/06\/capture8-300x92.png 300w, https:\/\/rebub.u-bordeaux.fr\/wp-content\/uploads\/2025\/06\/capture8-768x236.png 768w\" sizes=\"(max-width: 894px) 100vw, 894px\" \/><\/figure>\n<\/figure>\n\n\n\n<p>Informations tir\u00e9es de la documentation d\u2019Ex-Libris\u00a0:<\/p>\n\n\n\n<figure class=\"wp-block-image size-full\"><img decoding=\"async\" loading=\"lazy\" width=\"906\" height=\"331\" src=\"https:\/\/rebub.u-bordeaux.fr\/wp-content\/uploads\/2025\/06\/capture9.png\" alt=\"\" class=\"wp-image-23761\" srcset=\"https:\/\/rebub.u-bordeaux.fr\/wp-content\/uploads\/2025\/06\/capture9.png 906w, https:\/\/rebub.u-bordeaux.fr\/wp-content\/uploads\/2025\/06\/capture9-300x110.png 300w, https:\/\/rebub.u-bordeaux.fr\/wp-content\/uploads\/2025\/06\/capture9-768x281.png 768w\" sizes=\"(max-width: 906px) 100vw, 906px\" \/><\/figure>\n\n\n\n<p class=\"has-medium-font-size\"><p style=\"line-height:normal;margin-top:5pt;margin-bottom:5pt;border:none;border-left:none;border-top:none;border-right:none;border-bottom:none;mso-border-between:none\"><span style=\"font-family:'Calibri';font-size:11pt;color:#000000;mso-style-textfill-fill-color:#000000\"><\/span><\/p><\/p>\n\n\n\n<p>La partie \u00ab\u00a0connexion S\/FTP\u00a0\u00bb permet de param\u00e9trer les acc\u00e8s au serveur du fournisseur qui servira d\u2019espace de d\u00e9p\u00f4t et d\u2019\u00e9changes des fichiers n\u00e9cessaires. Ces informations doivent \u00eatre fournies par le fournisseur.<\/p>\n\n\n\n<figure class=\"is-layout-flex wp-block-gallery-3 wp-block-gallery has-nested-images columns-default is-cropped\">\n<figure class=\"wp-block-image size-large\"><img decoding=\"async\" loading=\"lazy\" width=\"902\" height=\"316\" data-id=\"23762\"  src=\"https:\/\/rebub.u-bordeaux.fr\/wp-content\/uploads\/2025\/06\/capture10.png\" alt=\"\" class=\"wp-image-23762\" srcset=\"https:\/\/rebub.u-bordeaux.fr\/wp-content\/uploads\/2025\/06\/capture10.png 902w, https:\/\/rebub.u-bordeaux.fr\/wp-content\/uploads\/2025\/06\/capture10-300x105.png 300w, https:\/\/rebub.u-bordeaux.fr\/wp-content\/uploads\/2025\/06\/capture10-768x269.png 768w\" sizes=\"(max-width: 902px) 100vw, 902px\" \/><\/figure>\n<\/figure>\n\n\n\n<p>La partie EDI par unit\u00e9 d\u2019organisation vous permet d\u2019entrer le code donn\u00e9 par le fournisseur pour identifier votre \u00e9tablissement.<\/p>\n\n\n\n<p>Il faudra porter attention \u00e0 bien remplir la partie EAN par code de compte qui permet d\u2019ajouter les codes clients chez le fournisseur. Ces codes sont ceux qui permettront au fournisseur de savoir quelle biblioth\u00e8que commande. Vous pouvez en ajouter autant que de besoin.<\/p>\n\n\n\n<figure class=\"wp-block-image size-full\"><img decoding=\"async\" loading=\"lazy\" width=\"903\" height=\"259\" src=\"https:\/\/rebub.u-bordeaux.fr\/wp-content\/uploads\/2025\/06\/capture11.png\" alt=\"\" class=\"wp-image-23763\" srcset=\"https:\/\/rebub.u-bordeaux.fr\/wp-content\/uploads\/2025\/06\/capture11.png 903w, https:\/\/rebub.u-bordeaux.fr\/wp-content\/uploads\/2025\/06\/capture11-300x86.png 300w, https:\/\/rebub.u-bordeaux.fr\/wp-content\/uploads\/2025\/06\/capture11-768x220.png 768w\" sizes=\"(max-width: 903px) 100vw, 903px\" \/><\/figure>\n\n\n\n<div class=\"is-layout-constrained wp-block-group bord-bloc-reutilisable\"><div class=\"wp-block-group__inner-container\">\n<div class=\"is-layout-flex wp-container-7 wp-block-columns alignfull bord-bloc-reutilisable has-background\" style=\"background-color:#ff303047\">\n<div class=\"is-layout-flow wp-block-column is-vertically-aligned-center\" style=\"flex-basis:7%\">\n<figure class=\"wp-block-image alignfull size-full\"><img decoding=\"async\" loading=\"lazy\" width=\"512\" height=\"512\" src=\"https:\/\/rebub.u-bordeaux.fr\/wp-content\/uploads\/2024\/04\/point-dexclamation.png\" alt=\"\" class=\"wp-image-19898\" srcset=\"https:\/\/rebub.u-bordeaux.fr\/wp-content\/uploads\/2024\/04\/point-dexclamation.png 512w, https:\/\/rebub.u-bordeaux.fr\/wp-content\/uploads\/2024\/04\/point-dexclamation-300x300.png 300w, https:\/\/rebub.u-bordeaux.fr\/wp-content\/uploads\/2024\/04\/point-dexclamation-150x150.png 150w\" sizes=\"(max-width: 512px) 100vw, 512px\" \/><\/figure>\n<\/div>\n\n\n\n<div class=\"is-layout-flow wp-block-column is-vertically-aligned-center\" style=\"flex-basis:85%\">\n<p><strong>Attention !<\/strong> si toutes les biblioth\u00e8ques de votre \u00e9tablissement n\u2019utilise pas l\u2019EDI, il conviendra de faire une deuxi\u00e8me fiche pour le fournisseur sans remplir l\u2019onglet EDI. Suivant si vous souhaitez que les \u00e9changes passent par EDI, il faudra utiliser l\u2019un ou l\u2019autre des fournisseurs.<\/p>\n<\/div>\n<\/div>\n<\/div><\/div>\n","protected":false},"excerpt":{"rendered":"<p>Dans la fiche fournisseur, remplir l\u2019onglet \u00ab\u00a0Information EDI\u00a0\u00bb\u00a0: Partie \u00ab&nbsp;Attributs du fournisseur EDI&nbsp;\u00bb Le fournisseur vous aura adress\u00e9 au pr\u00e9alable tous les \u00e9l\u00e9ments n\u00e9cessaires pour param\u00e9trer sa page&nbsp;: Le code EDI + le Type d\u2019EDI Il vous faudra s\u00e9lectionner le&#8230;<\/p>\n","protected":false},"author":82,"featured_media":0,"parent":18697,"menu_order":4,"comment_status":"closed","ping_status":"closed","template":"","meta":[],"post_mailing_queue_ids":[],"_links":{"self":[{"href":"https:\/\/rebub.u-bordeaux.fr\/index.php\/wp-json\/wp\/v2\/pages\/23757"}],"collection":[{"href":"https:\/\/rebub.u-bordeaux.fr\/index.php\/wp-json\/wp\/v2\/pages"}],"about":[{"href":"https:\/\/rebub.u-bordeaux.fr\/index.php\/wp-json\/wp\/v2\/types\/page"}],"author":[{"embeddable":true,"href":"https:\/\/rebub.u-bordeaux.fr\/index.php\/wp-json\/wp\/v2\/users\/82"}],"replies":[{"embeddable":true,"href":"https:\/\/rebub.u-bordeaux.fr\/index.php\/wp-json\/wp\/v2\/comments?post=23757"}],"version-history":[{"count":1,"href":"https:\/\/rebub.u-bordeaux.fr\/index.php\/wp-json\/wp\/v2\/pages\/23757\/revisions"}],"predecessor-version":[{"id":23764,"href":"https:\/\/rebub.u-bordeaux.fr\/index.php\/wp-json\/wp\/v2\/pages\/23757\/revisions\/23764"}],"up":[{"embeddable":true,"href":"https:\/\/rebub.u-bordeaux.fr\/index.php\/wp-json\/wp\/v2\/pages\/18697"}],"wp:attachment":[{"href":"https:\/\/rebub.u-bordeaux.fr\/index.php\/wp-json\/wp\/v2\/media?parent=23757"}],"curies":[{"name":"wp","href":"https:\/\/api.w.org\/{rel}","templated":true}]}}