	{"id":23804,"date":"2025-06-21T12:19:20","date_gmt":"2025-06-21T10:19:20","guid":{"rendered":"https:\/\/rebub.u-bordeaux.fr\/?page_id=23804"},"modified":"2025-06-21T14:29:02","modified_gmt":"2025-06-21T12:29:02","slug":"memoires-dumas","status":"publish","type":"page","link":"https:\/\/rebub.u-bordeaux.fr\/index.php\/babord\/configuration-administration\/sources-externes\/memoires-dumas\/","title":{"rendered":"M\u00e9moires Dumas"},"content":{"rendered":"<div id='wpig-floatingbar' class='wpig-floatingbar'><div id='wpig-switch-wrapper' class='wpig-switch-wrapper'><span id='wpig-floating-switch' class='wpig-floating-switch'><img src='https:\/\/rebub.u-bordeaux.fr\/wp-content\/plugins\/sticky-toc-advance-table-of-contents\/\\assets\\menu.png'><\/span><\/div><div id='wpig-contents' class='wpig-contents  wpig-sidebar-widget wpig-style-3'><span class='wpig-headline'>Table des mati\u00e8res<span><a data-action='show' class='wpig-btn-toggledisplay'>[ Show ]<\/a><\/span><\/span><!-- Table of Contents --><div id='wpig-table-of-content' class='wpig-table-of-content'><ol><li class='stoc-configuration-du-profil-dimport-memoires-dumas-ub'><a href='#stoc-configuration-du-profil-dimport-memoires-dumas-ub'>Configuration du profil d&rsquo;import \u00ab\u00a0M\u00e9moires DUMAS UB\u00a0\u00bb<\/a><\/li><li class='stoc-exclusion-des-theses-dexercices'><a href='#stoc-exclusion-des-theses-dexercices'>Exclusion des th\u00e8ses d\u2019exercices<\/a><\/li><li class='stoc-nom-de-la-formation'><a href='#stoc-nom-de-la-formation'>Nom de la formation<\/a><\/li><li class='stoc-affichage-bref'><a href='#stoc-affichage-bref'>Affichage Bref<\/a><\/li><\/ol><\/div><!-- END OF Table of Contents --><\/div><\/div><p><div id='wpig-contents' class='wpig-contents  wpig-sidebar-widget wpig-style-1'><span class='wpig-headline'>Table des mati\u00e8res<span><a data-action='show' class='wpig-btn-toggledisplay'>[ Show ]<\/a><\/span><\/span><!-- Table of Contents --><div id='wpig-table-of-content' class='wpig-table-of-content' ><ol><li class='stoc-configuration-du-profil-dimport-memoires-dumas-ub'><a href='#stoc-configuration-du-profil-dimport-memoires-dumas-ub'>Configuration du profil d&rsquo;import \u00ab\u00a0M\u00e9moires DUMAS UB\u00a0\u00bb<\/a><\/li><li class='stoc-exclusion-des-theses-dexercices'><a href='#stoc-exclusion-des-theses-dexercices'>Exclusion des th\u00e8ses d\u2019exercices<\/a><\/li><li class='stoc-nom-de-la-formation'><a href='#stoc-nom-de-la-formation'>Nom de la formation<\/a><\/li><li class='stoc-affichage-bref'><a href='#stoc-affichage-bref'>Affichage Bref<\/a><\/li><\/ol><\/div><!-- END OF Table of Contents --><\/div><\/p>\n<p>Import des M\u00e9moires de l&rsquo;Universit\u00e9  de Bordeaux dans Babord + \u00e0 partir de l&rsquo;entrep\u00f4t Dumas<\/p>\n\n\n\n<p><a href=\"https:\/\/pudb-ub.primo.exlibrisgroup.com\/discovery\/search?query=any,contains,bordeaux&amp;tab=Everything&amp;search_scope=DN_and_CI&amp;vid=33PUDB_UB:33PUDB_UB_VU1&amp;facet=data_source,include,DUMAS_UB&amp;offset=0\">Voir les notices de m\u00e9moires dans Primo VE<\/a><\/p>\n\n\n\n<h1 id=\"stoc-configuration-du-profil-dimport-memoires-dumas-ub\" class=\"wpig-heading\">Configuration du profil d&rsquo;import \u00ab\u00a0M\u00e9moires DUMAS UB\u00a0\u00bb<\/h1>\n\n\n\n<p>Ce profil d&rsquo;import est g\u00e9r\u00e9 depuis l&rsquo;instance <strong>33PUDB_UB<\/strong>. Il est accessible sous <strong>D\u00e9couverte &gt; Chargement des sources de donn\u00e9es externes &gt;D\u00e9couverte &#8211; Profils d&rsquo;import<\/strong><\/p>\n\n\n\n<p>Voici les principaux \u00e9l\u00e9ments de configuration<\/p>\n\n\n\n<ul>\n<li><strong>Data Source Code :<\/strong> DUMAS_UB<\/li>\n\n\n\n<li><strong>Data source Label : <\/strong>M\u00e9moires de l&rsquo;universit\u00e9 de Bordeaux<\/li>\n\n\n\n<li><strong>URL de moissonnage des donn\u00e9es<\/strong> : https:\/\/api.archives-ouvertes.fr\/oai\/dumas\/<\/li>\n\n\n\n<li><strong>Set <\/strong>: Universit\u00e9 de Bordeaux \u2013 M\u00e9moires (collection:MEM-UNIV-BORDEAUX)<\/li>\n\n\n\n<li><strong>Format M\u00e9tadonn\u00e9es (OAI)<\/strong> : oai_dc<\/li>\n\n\n\n<li><strong>ListRecords <\/strong>: https:\/\/api.archives-ouvertes.fr\/oai\/dumas\/?verb=ListRecords&amp;metadataPrefix=oai_dc&amp;set=collection:MEM-UNIV-BORDEAUX<\/li>\n\n\n\n<li><strong>GetRecord <\/strong>: https:\/\/api.archives-ouvertes.fr\/oai\/dumas\/?verb=GetRecord&amp;metadataPrefix=oai_dc&amp;identifier=oai:HAL:dumas-00994179v1<\/li>\n\n\n\n<li><strong>R\u00e8gles de normalisation<\/strong>&nbsp; : <a href=\"https:\/\/github.com\/louxfaure\/Regles_de_normalisation_PrimoVE\/blob\/master\/33PUDB-Primo-VE-External-Sources-Normalization-Rules\/Dumas\/Dumas-xml.drl\">Dumas-xml.drl<\/a><\/li>\n\n\n\n<li><strong>Format m\u00e9tadonn\u00e9es (RN)<\/strong> : xml<\/li>\n\n\n\n<li><strong>Processus de normalisation<\/strong> : Dumas<\/li>\n\n\n\n<li><strong>Profil d&rsquo;import :<\/strong> M\u00e9moires DUMAS UB<\/li>\n\n\n\n<li><strong>Fr\u00e9quence d\u2019ex\u00e9cution de l\u2019import :<\/strong> Tous les jours \u00e0 02h <\/li>\n\n\n\n<li><strong>Url du lien vers la ressource :<\/strong> https:\/\/dumas.ccsd.cnrs.fr\/[Identifiant]\/document<\/li>\n\n\n\n<li><strong>Libell\u00e9 du lien vers la ressource :<\/strong> Lien vers la ressource<\/li>\n<\/ul>\n\n\n\n<h1 id=\"stoc-exclusion-des-theses-dexercices\" class=\"wpig-heading\">Exclusion des th\u00e8ses d\u2019exercices<\/h1>\n\n\n\n<p>La collection <em>Universit\u00e9 de Bordeaux \u2013 M\u00e9moires<\/em> (collection:MEM-UNIV-BORDEAUX) contient \u00e0 la fois des m\u00e9moires et des th\u00e8ses d\u2019exercices. Tous les documents ont le m\u00eame dc:type \u00e0 \u00ab\u00a0Master Thesis\u00a0\u00bb. <\/p>\n\n\n\n<p>Ainsi, pour discriminer les th\u00e8ses d\u2019exercices, le seul \u00e9l\u00e9ment disponible est le nom du fichier contenu dans l\u2019URL d\u2019acc\u00e8s au pdf expos\u00e9e dans l\u2019\u00e9l\u00e9ment\u00a0<strong>dc\u00a0:identifier<\/strong>. En se basant sur le fichier des r\u00e8gles de nommage maintenu par l&rsquo;UB le SCOOP a \u00e9tabli la r\u00e8gle d\u2019exclusion suivante.<\/p>\n\n\n\n<p>Avant de r\u00e9aliser le test, les cha\u00eenes textuelles sont pass\u00e9s en minuscule.<\/p>\n\n\n\n<figure class=\"wp-block-table\"><table><tbody><tr><td><strong>Th\u00e8ses d&rsquo;exercice<\/strong><\/td><td><strong>Nom_fichier<\/strong><\/td><td><strong>R\u00e8gle d\u2019exclusion<\/strong><\/td><\/tr><tr><td>M\u00e9decine g\u00e9n\u00e9rale<\/td><td>Med_generale_202X_Auteur<\/td><td>Le nom du fichier commence par <strong>med<\/strong><\/td><\/tr><tr><td>M\u00e9decine sp\u00e9cialis\u00e9e<\/td><td>Med_sp\u00e9_202X_Auteur<\/td><td>Le nom du fichier commence par <strong>med<\/strong><\/td><\/tr><tr><td>Pharmacie<\/td><td>Pharmacie_202X_Auteur<\/td><td>Le nom du fichier commence par <strong>pharma<\/strong><\/td><\/tr><tr><td>Odontologie<\/td><td>Odontologie_202X_Auteur<\/td><td>Le nom du fichier commence par <strong>odonto<\/strong><\/td><\/tr><\/tbody><\/table><figcaption class=\"wp-element-caption\">R\u00e8gles d&rsquo;exclusion des th\u00e8ses d&rsquo;exercice<\/figcaption><\/figure>\n\n\n\n<p>Le choix de ne retenir que le d\u00e9but de la chaine permet de prendre en compte les anomalies de saisies (EX\u00a0: Odonto, Med-spe, M\u00e9decine_generale, \u2026). Cette r\u00e8gle peut sans doute \u00eatre am\u00e9lior\u00e9e.<\/p>\n\n\n\n<p>Ce type de traitement n\u2019est pas id\u00e9al. Il suppose que les coll\u00e8gues respectent bien les r\u00e8gles de nommage des fichiers. \u00c0 l\u2019int\u00e9gration de m\u00e9moires pour de nouvelles formations, il faudra s\u2019assurer que le d\u00e9but du nom de fichier ne soit pas identique \u00e0 ceux utilis\u00e9s pour les th\u00e8ses d\u2019exercices.<\/p>\n\n\n\n<h1 id=\"stoc-nom-de-la-formation\" class=\"wpig-heading\">Nom de la formation<\/h1>\n\n\n\n<p>Les lecteurs \u00e0 la recherche de m\u00e9moires cherchent souvent des m\u00e9moires r\u00e9alis\u00e9s dans le cadre de leur formation. Il \u00e9tait donc imp\u00e9ratif de pouvoir indexer cette information. L\u00e0 encore, l\u2019information n\u2019est pas expos\u00e9e dans l\u2019entrep\u00f4t OAI de Dumas. Nous avons donc tent\u00e9 de reconstituer cette donn\u00e9e \u00e0 partir du nom du fichier en me basant sur le fichier de suivi des r\u00e8gles de nommage.<\/p>\n\n\n\n<figure class=\"wp-block-table\"><table><tbody><tr><td><strong>R\u00e8gle de nommage UB<\/strong><\/td><td><strong>Cha\u00eene test\u00e9e<\/strong><\/td><td><strong>Libell\u00e9 discipline<\/strong><\/td><\/tr><tr><td>M2-sc_educ-Annee_Nom<\/td><td>m2-sc_educ<\/td><td>M2 sciences de l\u2019\u00e9ducation<\/td><\/tr><tr><td>M2STAPS_Annee_Nom<\/td><td>m2staps<\/td><td>M2 STAPS<\/td><\/tr><tr><td>M2Psycho_Annee_Nom<\/td><td>m2psycho<\/td><td>M2 Psychologie (Psychologie du travail et des organisations,&nbsp; Psychologie clinique \u00ab\u00a0Neuropsychologie\u00a0\u00bb, Psychologie Education, d\u00e9veloppement et handicap)<\/td><\/tr><tr><td>M2_Anthropo_Annee_Nom<\/td><td>m2_anthropo<\/td><td>Master 2 Anthropologie sociale et culturelle<\/td><\/tr><tr><td>DU_MST_Annee_Nom<\/td><td>du_mst<\/td><td>DU M\u00e9decines et soins transculturels<\/td><\/tr><tr><td>SF_Annee_Nom<\/td><td>sf<\/td><td>Dipl\u00f4me d\u2019Etat de sage-femme<\/td><\/tr><tr><td>DU_PEDAGOGIE_Annee_Nom<\/td><td>du_pedagogie<\/td><td>DU P\u00e9dagogie des sciences de la sant\u00e9<\/td><\/tr><tr><td>M1EAD_Annee_NOM<\/td><td>m1ead<\/td><td>Master 1 Sant\u00e9 publique<\/td><\/tr><tr><td>M2Biostat_Annee_NOM<\/td><td>m2biostat<\/td><td>Master 2 Biostatistique (BIOSTAT)<\/td><\/tr><tr><td>M2CSM_Annee_NOM<\/td><td>m2csm<\/td><td>Master 2 Cadre de sant\u00e9 manager (CSM)<\/td><\/tr><tr><td>M2EPI_Annee_NOM<\/td><td>m2epi<\/td><td>Master 2 Epid\u00e9miologie (EPI)<\/td><\/tr><tr><td>M2PROMS_Annee_NOM<\/td><td>m2proms<\/td><td>Master 2 Promotion de la sant\u00e9 (PROMS)<\/td><\/tr><tr><td>M2SITIS_Annee_NOM<\/td><td>m2sitis<\/td><td>Master 2 Syst\u00e8me d&rsquo;information et technologies informatiques pour la sant\u00e9 (SITIS)<\/td><\/tr><tr><td>M2PHDS_Annee_NOM<\/td><td>m2phds<\/td><td>Master 2 Public Health Data Science (PHDS)<\/td><\/tr><tr><td>M2SI_Anne_NOM<\/td><td>m2si<\/td><td>Master 2 Sant\u00e9 Internationale (SI)<\/td><\/tr><tr><td>Psychomot_Annee_NOM<\/td><td>psychomot<\/td><td>M\u00e9moires du dipl\u00f4me d&rsquo;Etat de psychomotricien<\/td><\/tr><tr><td>ORTH_Annee_Nom<\/td><td>orth<\/td><td>Certificat de capacit\u00e9 d\u2019orthophoniste<\/td><\/tr><tr><td>M2DPSC_Annee_Nom<\/td><td>m2dpsc<\/td><td>Master 2 Droit p\u00e9nal et sciences criminelles<\/td><\/tr><tr><td>M2_Culturejuridique_NOM<\/td><td>m2_culturejuridique<\/td><td>Master 2 Histoire du droit et des institutions<\/td><\/tr><tr><td>M2_Justice_Annee_Nom<\/td><td>m2_justice<\/td><td>Master 2 Justices et proc\u00e9dures<\/td><\/tr><tr><td>M2_IE_Annee_NOM<\/td><td>m2_ie<\/td><td>Master 2 Intelligence \u00e9conomique, innovation et territoires<\/td><\/tr><tr><td>M2_Wintour_Annee_Nom<\/td><td>m2_wintour<\/td><td>Master 2 Wintour<\/td><\/tr><tr><td>DNO_Annee_Nom<\/td><td>dno<\/td><td>Dipl\u00f4me National d&rsquo;Oenologue<\/td><\/tr><tr><td>MEEF_Annee_NOM<\/td><td>meef<\/td><td>Master 2 de l&rsquo;enseignement, de l&rsquo;\u00e9ducation et de la formation (MEEF), premier degr\u00e9<\/td><\/tr><\/tbody><\/table><figcaption class=\"wp-element-caption\">R\u00e8gle de d\u00e9finition du  champ discipline<\/figcaption><\/figure>\n\n\n\n<p>L\u2019index local ainsi cr\u00e9\u00e9 \u00e0 partir du champ local local_field_04 est nomm\u00e9 <strong>Discipline pour les th\u00e8ses et les m\u00e9moires<\/strong>. Il est aussi aliment\u00e9 par les notes de th\u00e8ses des notices Alma. Il sert d&rsquo;index \u00e0 la facette du m\u00eame nom. <\/p>\n\n\n\n<p>Si le nom du fichier de la notice ne r\u00e9pond \u00e0 aucune des r\u00e8gles de mapping expos\u00e9es plus haut, aucune entr\u00e9e discipline ne sera cr\u00e9\u00e9e.<\/p>\n\n\n\n<h1 id=\"stoc-affichage-bref\" class=\"wpig-heading\">Affichage Bref<\/h1>\n\n\n\n<p>L&rsquo;affichage s&rsquo;inspire de l\u2019affichage des notices de th\u00e8ses en provenance d\u2019Alma. <\/p>\n\n\n\n<p>M\u00e9moire \u2013 [Nom de la formation] -Universit\u00e9 de Bordeaux \u2013 [Date de publication]<\/p>\n\n\n\n<figure class=\"wp-block-image size-large\"><img decoding=\"async\" loading=\"lazy\" width=\"1024\" height=\"238\" src=\"https:\/\/rebub.u-bordeaux.fr\/wp-content\/uploads\/2025\/06\/image-1024x238.png\" alt=\"\" class=\"wp-image-23807\" srcset=\"https:\/\/rebub.u-bordeaux.fr\/wp-content\/uploads\/2025\/06\/image-1024x238.png 1024w, https:\/\/rebub.u-bordeaux.fr\/wp-content\/uploads\/2025\/06\/image-300x70.png 300w, https:\/\/rebub.u-bordeaux.fr\/wp-content\/uploads\/2025\/06\/image-768x179.png 768w, https:\/\/rebub.u-bordeaux.fr\/wp-content\/uploads\/2025\/06\/image.png 1096w\" sizes=\"(max-width: 1024px) 100vw, 1024px\" \/><\/figure>\n\n\n\n<p>\u00a0 Si le nom du fichier ne permet pas de d\u00e9duire la formation\/discipline, la note est format\u00e9e ainsi :<\/p>\n\n\n\n<p>M\u00e9moire Universit\u00e9 de Bordeaux \u2013 [Date de publication]<\/p>\n\n\n\n<figure class=\"wp-block-image size-large\"><img decoding=\"async\" loading=\"lazy\" width=\"1024\" height=\"202\" src=\"https:\/\/rebub.u-bordeaux.fr\/wp-content\/uploads\/2025\/06\/image-1-1024x202.png\" alt=\"\" class=\"wp-image-23808\" srcset=\"https:\/\/rebub.u-bordeaux.fr\/wp-content\/uploads\/2025\/06\/image-1-1024x202.png 1024w, https:\/\/rebub.u-bordeaux.fr\/wp-content\/uploads\/2025\/06\/image-1-300x59.png 300w, https:\/\/rebub.u-bordeaux.fr\/wp-content\/uploads\/2025\/06\/image-1-768x151.png 768w, https:\/\/rebub.u-bordeaux.fr\/wp-content\/uploads\/2025\/06\/image-1.png 1142w\" sizes=\"(max-width: 1024px) 100vw, 1024px\" \/><\/figure>\n\n\n\n<p>L&rsquo;absence de discipline dans la note th\u00e8se est un bon moyen pour d\u00e9tecter une anomalie dans le nommage du fichier ou de la r\u00e8gle de construction du Champ <strong>Discipline pour les th\u00e8ses et les m\u00e9moires<\/strong>.<\/p>\n","protected":false},"excerpt":{"rendered":"<p>Table des mati\u00e8res[ Show ]Configuration du profil d&rsquo;import \u00ab\u00a0M\u00e9moires DUMAS UB\u00a0\u00bbExclusion des th\u00e8ses d\u2019exercicesNom de la formationAffichage BrefImport des M\u00e9moires de l&rsquo;Universit\u00e9 de Bordeaux dans Babord + \u00e0 partir de l&rsquo;entrep\u00f4t Dumas Voir les notices de m\u00e9moires dans Primo VE&#8230;<\/p>\n","protected":false},"author":2,"featured_media":0,"parent":23802,"menu_order":0,"comment_status":"closed","ping_status":"closed","template":"","meta":[],"post_mailing_queue_ids":[],"_links":{"self":[{"href":"https:\/\/rebub.u-bordeaux.fr\/index.php\/wp-json\/wp\/v2\/pages\/23804"}],"collection":[{"href":"https:\/\/rebub.u-bordeaux.fr\/index.php\/wp-json\/wp\/v2\/pages"}],"about":[{"href":"https:\/\/rebub.u-bordeaux.fr\/index.php\/wp-json\/wp\/v2\/types\/page"}],"author":[{"embeddable":true,"href":"https:\/\/rebub.u-bordeaux.fr\/index.php\/wp-json\/wp\/v2\/users\/2"}],"replies":[{"embeddable":true,"href":"https:\/\/rebub.u-bordeaux.fr\/index.php\/wp-json\/wp\/v2\/comments?post=23804"}],"version-history":[{"count":2,"href":"https:\/\/rebub.u-bordeaux.fr\/index.php\/wp-json\/wp\/v2\/pages\/23804\/revisions"}],"predecessor-version":[{"id":23809,"href":"https:\/\/rebub.u-bordeaux.fr\/index.php\/wp-json\/wp\/v2\/pages\/23804\/revisions\/23809"}],"up":[{"embeddable":true,"href":"https:\/\/rebub.u-bordeaux.fr\/index.php\/wp-json\/wp\/v2\/pages\/23802"}],"wp:attachment":[{"href":"https:\/\/rebub.u-bordeaux.fr\/index.php\/wp-json\/wp\/v2\/media?parent=23804"}],"curies":[{"name":"wp","href":"https:\/\/api.w.org\/{rel}","templated":true}]}}