	{"id":23812,"date":"2025-06-23T10:55:21","date_gmt":"2025-06-23T08:55:21","guid":{"rendered":"https:\/\/rebub.u-bordeaux.fr\/?page_id=23812"},"modified":"2025-08-22T10:08:15","modified_gmt":"2025-08-22T08:08:15","slug":"les-sections-dans-laffichage-detaille","status":"publish","type":"page","link":"https:\/\/rebub.u-bordeaux.fr\/index.php\/babord\/configuration-administration\/personnalisation-des-interfaces\/les-sections-dans-laffichage-detaille\/","title":{"rendered":"Les sections dans l&rsquo;affichage d\u00e9taill\u00e9"},"content":{"rendered":"<div id='wpig-floatingbar' class='wpig-floatingbar'><div id='wpig-switch-wrapper' class='wpig-switch-wrapper'><span id='wpig-floating-switch' class='wpig-floating-switch'><img src='https:\/\/rebub.u-bordeaux.fr\/wp-content\/plugins\/sticky-toc-advance-table-of-contents\/\\assets\\menu.png'><\/span><\/div><div id='wpig-contents' class='wpig-contents  wpig-sidebar-widget wpig-style-3'><span class='wpig-headline'>Table des mati\u00e8res<span><a data-action='show' class='wpig-btn-toggledisplay'>[ Show ]<\/a><\/span><\/span><!-- Table of Contents --><div id='wpig-table-of-content' class='wpig-table-of-content'><ol><li class='stoc-ordre-et-liste-des-sections'><a href='#stoc-ordre-et-liste-des-sections'>Ordre et liste des sections<\/a><\/li><li class='stoc-configuration'><a href='#stoc-configuration'>Configuration<\/a><ol><li class='stoc-au-niveau-de-la-vue'><a href='#stoc-au-niveau-de-la-vue'>Au niveau de la vue <\/a><\/li><li class='stoc-au-niveau-css'><a href='#stoc-au-niveau-css'>Au niveau CSS<\/a><\/li><li class='stoc-libelle-des-sections'><a href='#stoc-libelle-des-sections'>Libell\u00e9 des sections<\/a><\/li><\/ol><\/li><\/div><!-- END OF Table of Contents --><\/div><\/div><p><div id='wpig-contents' class='wpig-contents  wpig-sidebar-widget wpig-style-1'><span class='wpig-headline'>Table des mati\u00e8res<span><a data-action='show' class='wpig-btn-toggledisplay'>[ Show ]<\/a><\/span><\/span><!-- Table of Contents --><div id='wpig-table-of-content' class='wpig-table-of-content' ><ol><li class='stoc-ordre-et-liste-des-sections'><a href='#stoc-ordre-et-liste-des-sections'>Ordre et liste des sections<\/a><\/li><li class='stoc-configuration'><a href='#stoc-configuration'>Configuration<\/a><ol><li class='stoc-au-niveau-de-la-vue'><a href='#stoc-au-niveau-de-la-vue'>Au niveau de la vue <\/a><\/li><li class='stoc-au-niveau-css'><a href='#stoc-au-niveau-css'>Au niveau CSS<\/a><\/li><li class='stoc-libelle-des-sections'><a href='#stoc-libelle-des-sections'>Libell\u00e9 des sections<\/a><\/li><\/ol><\/li><\/div><!-- END OF Table of Contents --><\/div><\/p>\n<figure class=\"wp-block-image size-full\"><img decoding=\"async\" loading=\"lazy\" width=\"1023\" height=\"876\" src=\"https:\/\/rebub.u-bordeaux.fr\/wp-content\/uploads\/2025\/06\/image-2.png\" alt=\"\" class=\"wp-image-23813\" srcset=\"https:\/\/rebub.u-bordeaux.fr\/wp-content\/uploads\/2025\/06\/image-2.png 1023w, https:\/\/rebub.u-bordeaux.fr\/wp-content\/uploads\/2025\/06\/image-2-300x257.png 300w, https:\/\/rebub.u-bordeaux.fr\/wp-content\/uploads\/2025\/06\/image-2-768x658.png 768w\" sizes=\"(max-width: 1023px) 100vw, 1023px\" \/><figcaption class=\"wp-element-caption\">Affichage d\u00e9taill\u00e9 d&rsquo;une notice<\/figcaption><\/figure>\n\n\n\n<h2 id=\"stoc-ordre-et-liste-des-sections\" class=\"wpig-heading\">Ordre et liste des sections<\/h2>\n\n\n\n<p>Voici la liste et l&rsquo;ordre des sections retenues lors du passage \u00e0 Primo VO<\/p>\n\n\n\n<figure class=\"wp-block-table alignfull\"><table><tbody><tr><td><strong>Ordre<\/strong><\/td><td><strong>Code<\/strong><\/td><td><strong>Libell\u00e9 Fran\u00e7ais<\/strong><\/td><td><strong>Libell\u00e9 Anglais<\/strong><\/td><td><strong>Libell\u00e9 Espagnol<\/strong><\/td><td><strong>Comentaire<\/strong><\/td><\/tr><tr><td>0<\/td><td><\/td><td>Notice abr\u00e9g\u00e9e<\/td><td>Top<\/td><td>Arriba<\/td><td><\/td><\/tr><tr><td>1<\/td><td>getit_link1_0<\/td><td>Comment l&rsquo;obtenir<\/td><td>How to get it<\/td><td>C\u00f3mo obtenerlo<\/td><td><\/td><\/tr><tr><td>2<\/td><td>getit_link1_0<\/td><td>En ligne<\/td><td>View it<\/td><td>Visualizarlo<\/td><td><\/td><\/tr><tr><td>3<\/td><td>getit_link2_0<\/td><td>En rayon<\/td><td>Get it<\/td><td>Obt\u00e9ngalo<\/td><td><\/td><\/tr><tr><td>4<\/td><td>details<\/td><td>Notice d\u00e9taill\u00e9e<\/td><td>Details<\/td><td>Detalles<\/td><td><\/td><\/tr><tr><td><strong>Masqu\u00e9<\/strong><\/td><td>links<\/td><td>Envoyer vers<\/td><td>Send to<\/td><td>Enviar a<\/td><td>Masqu\u00e9 en CSS<\/td><\/tr><tr><td>6<\/td><td>mayAlsoBeFoundAt<\/td><td>Peut \u00e9galement \u00eatre d\u00e9tenu par<\/td><td>May Also Be held By<\/td><td>Tambi\u00e9n puede ser retenido por<\/td><td><\/td><\/tr><tr><td>7<\/td><td>action_list<\/td><td>Liens<\/td><td>Links<\/td><td>Enlaces<\/td><td><\/td><\/tr><tr><td>8<\/td><td>citationTrails<\/td><td>Citations<\/td><td><\/td><td><\/td><td><\/td><\/tr><tr><td>9<\/td><td>moreFromTheSameCollection<\/td><td>S\u00e9lection<\/td><td>Collection<\/td><td>Colecci\u00f3n<\/td><td><\/td><\/tr><tr><td>10<\/td><td>moreFromTheSameCourse<\/td><td>Cours<\/td><td>Course<\/td><td>Courso<\/td><td><\/td><\/tr><tr><td>11<\/td><td>virtualBrowse<\/td><td>Etag\u00e8re virtuelle<\/td><td>Virtual browse<\/td><td>Navegaci\u00f3n virtual<\/td><td><\/td><\/tr><tr><td><strong>Masqu\u00e9<\/strong><\/td><td>tags<\/td><td>Tags<\/td><td>Tags<\/td><td>Etiquetas<\/td><td>Masqu\u00e9 en css<\/td><\/tr><tr><td><strong>Masqu\u00e9<\/strong><\/td><td>recommandations<\/td><td>Recommandations<\/td><td>Recommendations<\/td><td>Recomendaciones<\/td><td>Recommandations Bx (pas abonn\u00e9s)<\/td><\/tr><tr><td><strong>Masqu\u00e9<\/strong><\/td><td>searchWithinJournal<\/td><td>Rechercher dans<\/td><td>nal Search inside<\/td><td>Buscar dentro<\/td><td>Recherche dans le p\u00e9riodique Masqu\u00e9 en css<\/td><\/tr><tr><td><strong>Masqu\u00e9<\/strong><\/td><td>quickAccess<\/td><td>Acc\u00e8s rapide<\/td><td>Quick access<\/td><td>Acceso r\u00e1pido<\/td><td>Pour Alma D uniquement : Affichage rapide de la visionneuse<\/td><\/tr><\/tbody><\/table><figcaption class=\"wp-element-caption\">Ordre et liste des sections<\/figcaption><\/figure>\n\n\n\n<h2 id=\"stoc-configuration\" class=\"wpig-heading\">Configuration<\/h2>\n\n\n\n<h3 id=\"stoc-au-niveau-de-la-vue\" class=\"wpig-heading\">Au niveau de la vue <\/h3>\n\n\n\n<p>Voir la documentation Exlibris : <a href=\"https:\/\/knowledge.exlibrisgroup.com\/Primo\/Product_Documentation\/020Primo_VE\/Primo_VE_(English)\/050Display_Configuration\/010Configuring_Discovery_Views_for_Primo_VE#Configuring_the_Full_Display_Page\">https:\/\/knowledge.exlibrisgroup.com\/Primo\/Product_Documentation\/020Primo_VE\/Primo_VE_(English)\/050Display_Configuration\/010Configuring_Discovery_Views_for_Primo_VE#Configuring_the_Full_Display_Page<\/a><\/p>\n\n\n\n<h3 id=\"stoc-au-niveau-css\" class=\"wpig-heading\">Au niveau CSS<\/h3>\n\n\n\n<p>L&rsquo;ordre des sections n&rsquo;est pas g\u00e9r\u00e9 via la configuration de la vue, mais via le custom.css du Template central, car l&rsquo;\u00e9cran de configuration ne permet pas de tout ordonner correctement.<\/p>\n\n\n\n<div class=\"is-layout-constrained wp-block-group bord-bloc-reutilisable\"><div class=\"wp-block-group__inner-container\">\n<div class=\"is-layout-flex wp-container-3 wp-block-columns alignfull bord-bloc-reutilisable has-background\" style=\"background-color:#ff303047\">\n<div class=\"is-layout-flow wp-block-column is-vertically-aligned-center\" style=\"flex-basis:7%\">\n<figure class=\"wp-block-image alignfull size-full\"><img decoding=\"async\" loading=\"lazy\" width=\"512\" height=\"512\" src=\"https:\/\/rebub.u-bordeaux.fr\/wp-content\/uploads\/2024\/04\/point-dexclamation.png\" alt=\"\" class=\"wp-image-19898\" srcset=\"https:\/\/rebub.u-bordeaux.fr\/wp-content\/uploads\/2024\/04\/point-dexclamation.png 512w, https:\/\/rebub.u-bordeaux.fr\/wp-content\/uploads\/2024\/04\/point-dexclamation-300x300.png 300w, https:\/\/rebub.u-bordeaux.fr\/wp-content\/uploads\/2024\/04\/point-dexclamation-150x150.png 150w\" sizes=\"(max-width: 512px) 100vw, 512px\" \/><\/figure>\n<\/div>\n\n\n\n<div class=\"is-layout-flow wp-block-column is-vertically-aligned-center\" style=\"flex-basis:85%\">\n<p><strong>Attention !<\/strong>  Cette colonne ne fonctionne que pour les exemplaires dont la cote de la holding et de type Dewey ou NLM. Les exemplaires ne remplissant pas ces conditions sont regroup\u00e9s derri\u00e8re la mention \u00ab\u00a0Non Dewey ou NLM\u00a0\u00bb<\/p>\n<\/div>\n<\/div>\n<\/div><\/div>\n\n\n\n<p>Ces modifications d\u00e9ploy\u00e9es en central peuvent \u00eatre surcharg\u00e9es par l&rsquo;institution. <\/p>\n\n\n\n<pre class=\"wp-block-code\"><code>\/*\n######## ##     ## ##       ##          ########  ####  ######  ########  ##          ###    ##    ## \n##       ##     ## ##       ##          ##     ##  ##  ##    ## ##     ## ##         ## ##    ##  ##  \n##       ##     ## ##       ##          ##     ##  ##  ##       ##     ## ##        ##   ##    ####   \n######   ##     ## ##       ##          ##     ##  ##   ######  ########  ##       ##     ##    ##    \n##       ##     ## ##       ##          ##     ##  ##        ## ##        ##       #########    ##    \n##       ##     ## ##       ##          ##     ##  ##  ##    ## ##        ##       ##     ##    ##    \n##        #######  ######## ########    ########  ####  ######  ##        ######## ##     ##    ## \n*\/\n\n\/*33PUDB ORDRE des sections (la section avenoy\u00e9 vers ne pas \u00eatre d\u00e9plac\u00e9 dans le menu de configuration de la vue*\/\n\/*---------------------------------------------------------------------------------------------------------------*\/\n\/* Ordre des sections *\/\n.full-view-inner-container {\n  padding-bottom: 10em;\n  display: flex;\n  flex-direction: column;\n}\n\n#getit_link1_0 {order: 0;}\n#getit_link2_0 {order: 1;}\n#details {order: 2;}\n#links {order: 3;display:none;}\n#mayAlsoBeFoundAt{order: 4;}\n#action_list {order: 5;}\n#citationTrails {order: 6;}\n#moreFromTheSameCollection {order: 7;}\n#moreFromTheSameCourse {order: 8;}\n#virtualBrowse {order: 9};\n#tags {order: 10; display: none;}\n#searchWithinJournal {order: 11; display: none}\n#recommendations {order: 12;display: none}\n#quickAccess {order: 13;display: none}\n\n\n\n\/*Ordre des lien sde navigation*\/\n\/*Menu de navigation*\/\n&#91;aria-label=\"Notice abr\u00e9g\u00e9e\"],&#91;aria-label=\"Notice abr&amp;#233;g&amp;#233;e\"],&#91;aria-label=\"Top\"],&#91;aria-label=\"Arriba\"] {order: 0 !important;}\n&#91;aria-label=\"Comment l'obtenir\"],&#91;aria-label=\"How to get it\"],&#91;aria-label=\"C\u00f3mo obtenerlo\"] {order: 1 !important;}\n&#91;aria-label=\"En ligne\"],&#91;aria-label=\"View it\"],&#91;aria-label=\"Visualizarlo\"] {order: 1 !important;}\n&#91;aria-label=\"En rayon\"],&#91;aria-label=\"Get it\"],&#91;aria-label=\"Obt\u00e9ngalo\"] {  order: 2 !important;}\n&#91;aria-label=\"Notice d\u00e9taill\u00e9e\"],&#91;aria-label=\"Notice d&amp;#233;taill&amp;#233;e\"],&#91;aria-label=\"Details\"],&#91;aria-label=\"Detalles\"] {  order: 3 !important;}\n&#91;aria-label=\"Envoyer vers\"],&#91;aria-label=\"Send to\"],&#91;aria-label=\"Enviar a\"] { order: 4 !important;}\n&#91;aria-label=\"Peut \u00e9galement \u00eatre d\u00e9tenu par\"],&#91;aria-label=\"May Also Be held By\"],&#91;aria-label=\"Tambi\u00e9n puede ser retenido por\"] {order: 5 !important;}\n&#91;aria-label=\"Citations\"] { order: 6 !important;}\n&#91;aria-label=\"S\u00e9lection\"],&#91;aria-label=\"S&amp;#233;lection\"],&#91;aria-label=\"Collection\"],&#91;aria-label=\"Colecci\u00f3n\"] {order: 7 !important;}\n&#91;aria-label=\"Cours\"],&#91;aria-label=\"Course\"],&#91;aria-label=\"Courso\"] {order: 8 !important;}\n&#91;aria-label=\"Etag\u00e8re virtuelle\"],&#91;aria-label=\"Etag&amp;#232;re virtuelle\"],&#91;aria-label=\"Virtual browse\"],&#91;aria-label=\"Navegaci\u00f3n virtual\"] {order: 9 !important;}\n&#91;aria-label=\"Tags\"],&#91;aria-label=\"Etiquetas\"] { order: 10 !important;  display: none;}\n&#91;aria-label=\"Recommandations\"],&#91;aria-label=\"Recommendations\"],&#91;aria-label=\"Recomendaciones\"] { order: 11 !important; display: none;}\n&#91;aria-label=\"Rechercher dans\"],&#91;aria-label=\"nal\tSearch inside\"],&#91;aria-label=\"Buscar dentro\"] { order: 12 !important; display: none;}\n&#91;aria-label=\"Acc\u00e8s rapide\"],&#91;aria-label=\"Quick access\"],&#91;aria-label=\"Acceso r\u00e1pido\"] { order: 13 !important; display: none;} *\/\n\n\/*33PUDB Suppression des TAGS*\/\n\/*---------------------------*\/\n\/*Menu*\/\n&#91;aria-label=\"Tags\"],\n&#91;aria-label=\"Etiquetas\"],\n&#91;aria-label=\"nui.mainmenu.label.tags\"] {\n  display: none;\n}\n\n\/*Sections*\/\n#tags {\n  display: none;\n}\n\n\/*33PUDB Suppression de la section Liens*\/\n\/*---------------------------*\/\n\/*Menu*\/\n&#91;aria-label=\"Liens\"],&#91;aria-label=\"Links\"],&#91;aria-label=\"Enlaces\"] {\n  display: none;\n}\n\n\/*Sections*\/\n#links {\n  display: none;\n}\n\n\n\/*33PUDB Masquer searchWithinJournal*\/\n\/*----------------------------------*\/\n\n#searchWithinJournal {\n  display: none;\n}\n\n\/* r\u00e9duction de la marge entre les rubriques*\/\n.full-view-section {\n  margin-top: 1em;\n}\n\n.full-view-section .section-title {\n  font-weight: 600;\n  font-size: 24px;\n}<\/code><\/pre>\n\n\n\n<h3 id=\"stoc-libelle-des-sections\" class=\"wpig-heading\">Libell\u00e9 des sections<\/h3>\n\n\n\n<p>Congiguration > D\u00e9couverte > Configuration d&rsquo;affichage > Libell\u00e9s &#8211; Table Full Display Labels<\/p>\n","protected":false},"excerpt":{"rendered":"<p>Table des mati\u00e8res[ Show ]Ordre et liste des sectionsConfigurationAu niveau de la vue Au niveau CSSLibell\u00e9 des sectionsOrdre et liste des sections Voici la liste et l&rsquo;ordre des sections retenues lors du passage \u00e0 Primo VO Ordre Code Libell\u00e9 Fran\u00e7ais&#8230;<\/p>\n","protected":false},"author":2,"featured_media":0,"parent":18432,"menu_order":4,"comment_status":"closed","ping_status":"closed","template":"template-fullwidth.php","meta":[],"post_mailing_queue_ids":[],"_links":{"self":[{"href":"https:\/\/rebub.u-bordeaux.fr\/index.php\/wp-json\/wp\/v2\/pages\/23812"}],"collection":[{"href":"https:\/\/rebub.u-bordeaux.fr\/index.php\/wp-json\/wp\/v2\/pages"}],"about":[{"href":"https:\/\/rebub.u-bordeaux.fr\/index.php\/wp-json\/wp\/v2\/types\/page"}],"author":[{"embeddable":true,"href":"https:\/\/rebub.u-bordeaux.fr\/index.php\/wp-json\/wp\/v2\/users\/2"}],"replies":[{"embeddable":true,"href":"https:\/\/rebub.u-bordeaux.fr\/index.php\/wp-json\/wp\/v2\/comments?post=23812"}],"version-history":[{"count":2,"href":"https:\/\/rebub.u-bordeaux.fr\/index.php\/wp-json\/wp\/v2\/pages\/23812\/revisions"}],"predecessor-version":[{"id":23815,"href":"https:\/\/rebub.u-bordeaux.fr\/index.php\/wp-json\/wp\/v2\/pages\/23812\/revisions\/23815"}],"up":[{"embeddable":true,"href":"https:\/\/rebub.u-bordeaux.fr\/index.php\/wp-json\/wp\/v2\/pages\/18432"}],"wp:attachment":[{"href":"https:\/\/rebub.u-bordeaux.fr\/index.php\/wp-json\/wp\/v2\/media?parent=23812"}],"curies":[{"name":"wp","href":"https:\/\/api.w.org\/{rel}","templated":true}]}}