	{"id":23963,"date":"2025-08-22T10:21:03","date_gmt":"2025-08-22T08:21:03","guid":{"rendered":"https:\/\/rebub.u-bordeaux.fr\/?page_id=23963"},"modified":"2025-08-25T16:41:48","modified_gmt":"2025-08-25T14:41:48","slug":"acceder-au-tableau-de-bord-analytique-de-suivi-de-babord","status":"publish","type":"page","link":"https:\/\/rebub.u-bordeaux.fr\/index.php\/babord\/configuration-administration\/acceder-au-tableau-de-bord-analytique-de-suivi-de-babord\/","title":{"rendered":"Acc\u00e9der au Tableau de bord Analytique de suivi de Babord +."},"content":{"rendered":"<div id='wpig-floatingbar' class='wpig-floatingbar'><div id='wpig-switch-wrapper' class='wpig-switch-wrapper'><span id='wpig-floating-switch' class='wpig-floating-switch'><img src='https:\/\/rebub.u-bordeaux.fr\/wp-content\/plugins\/sticky-toc-advance-table-of-contents\/\\assets\\menu.png'><\/span><\/div><\/div><p><\/p>\n<p>Aller dans <strong>Analytique > Objets partag\u00e9s avec moi <\/strong>et rechercher  <strong><mark>Tableau<\/mark> <mark>de<\/mark> <mark>suivi<\/mark> <mark>Babord<\/mark> +<\/strong>.<\/p>\n\n\n\n<figure class=\"wp-block-image size-large\"><img decoding=\"async\" loading=\"lazy\" width=\"1024\" height=\"479\" src=\"https:\/\/rebub.u-bordeaux.fr\/wp-content\/uploads\/2025\/08\/image-1024x479.png\" alt=\"\" class=\"wp-image-23964\" srcset=\"https:\/\/rebub.u-bordeaux.fr\/wp-content\/uploads\/2025\/08\/image-1024x479.png 1024w, https:\/\/rebub.u-bordeaux.fr\/wp-content\/uploads\/2025\/08\/image-300x140.png 300w, https:\/\/rebub.u-bordeaux.fr\/wp-content\/uploads\/2025\/08\/image-768x360.png 768w, https:\/\/rebub.u-bordeaux.fr\/wp-content\/uploads\/2025\/08\/image-1536x719.png 1536w, https:\/\/rebub.u-bordeaux.fr\/wp-content\/uploads\/2025\/08\/image.png 1920w\" sizes=\"(max-width: 1024px) 100vw, 1024px\" \/><\/figure>\n\n\n\n<figure class=\"wp-block-image size-large\"><img decoding=\"async\" loading=\"lazy\" width=\"1024\" height=\"479\" src=\"https:\/\/rebub.u-bordeaux.fr\/wp-content\/uploads\/2025\/08\/image-1-1024x479.png\" alt=\"\" class=\"wp-image-23965\" srcset=\"https:\/\/rebub.u-bordeaux.fr\/wp-content\/uploads\/2025\/08\/image-1-1024x479.png 1024w, https:\/\/rebub.u-bordeaux.fr\/wp-content\/uploads\/2025\/08\/image-1-300x140.png 300w, https:\/\/rebub.u-bordeaux.fr\/wp-content\/uploads\/2025\/08\/image-1-768x360.png 768w, https:\/\/rebub.u-bordeaux.fr\/wp-content\/uploads\/2025\/08\/image-1-1536x719.png 1536w, https:\/\/rebub.u-bordeaux.fr\/wp-content\/uploads\/2025\/08\/image-1.png 1920w\" sizes=\"(max-width: 1024px) 100vw, 1024px\" \/><\/figure>\n\n\n\n<p>Cliquez sur <strong>Consulter rapport complet <\/strong>pour acc\u00e9der au tableau de bord.<\/p>\n\n\n\n<p>Vous pouvez <strong>\u00c9pingler au menu Analytics <\/strong>le rapport afin qu&rsquo;il soit directement accessible depuis votre menu Analytics.<\/p>\n\n\n\n<p><\/p>\n","protected":false},"excerpt":{"rendered":"<p>Aller dans Analytique > Objets partag\u00e9s avec moi et rechercher Tableau de suivi Babord +. Cliquez sur Consulter rapport complet pour acc\u00e9der au tableau de bord. Vous pouvez \u00c9pingler au menu Analytics le rapport afin qu&rsquo;il soit directement accessible depuis&#8230;<\/p>\n","protected":false},"author":2,"featured_media":0,"parent":18406,"menu_order":5,"comment_status":"closed","ping_status":"closed","template":"","meta":[],"post_mailing_queue_ids":[],"_links":{"self":[{"href":"https:\/\/rebub.u-bordeaux.fr\/index.php\/wp-json\/wp\/v2\/pages\/23963"}],"collection":[{"href":"https:\/\/rebub.u-bordeaux.fr\/index.php\/wp-json\/wp\/v2\/pages"}],"about":[{"href":"https:\/\/rebub.u-bordeaux.fr\/index.php\/wp-json\/wp\/v2\/types\/page"}],"author":[{"embeddable":true,"href":"https:\/\/rebub.u-bordeaux.fr\/index.php\/wp-json\/wp\/v2\/users\/2"}],"replies":[{"embeddable":true,"href":"https:\/\/rebub.u-bordeaux.fr\/index.php\/wp-json\/wp\/v2\/comments?post=23963"}],"version-history":[{"count":2,"href":"https:\/\/rebub.u-bordeaux.fr\/index.php\/wp-json\/wp\/v2\/pages\/23963\/revisions"}],"predecessor-version":[{"id":24003,"href":"https:\/\/rebub.u-bordeaux.fr\/index.php\/wp-json\/wp\/v2\/pages\/23963\/revisions\/24003"}],"up":[{"embeddable":true,"href":"https:\/\/rebub.u-bordeaux.fr\/index.php\/wp-json\/wp\/v2\/pages\/18406"}],"wp:attachment":[{"href":"https:\/\/rebub.u-bordeaux.fr\/index.php\/wp-json\/wp\/v2\/media?parent=23963"}],"curies":[{"name":"wp","href":"https:\/\/api.w.org\/{rel}","templated":true}]}}