	{"id":24139,"date":"2025-10-08T15:39:02","date_gmt":"2025-10-08T13:39:02","guid":{"rendered":"https:\/\/rebub.u-bordeaux.fr\/?page_id=24139"},"modified":"2025-10-08T15:39:02","modified_gmt":"2025-10-08T13:39:02","slug":"alimenter-une-selection-a-partir-dun-panier-electre","status":"publish","type":"page","link":"https:\/\/rebub.u-bordeaux.fr\/index.php\/babord\/procedures\/signalement\/alimenter-une-selection-a-partir-dun-panier-electre\/","title":{"rendered":"Alimenter une s\u00e9lection \u00e0 partir d\u2019un panier Electre"},"content":{"rendered":"<div id='wpig-floatingbar' class='wpig-floatingbar'><div id='wpig-switch-wrapper' class='wpig-switch-wrapper'><span id='wpig-floating-switch' class='wpig-floating-switch'><img src='https:\/\/rebub.u-bordeaux.fr\/wp-content\/plugins\/sticky-toc-advance-table-of-contents\/\\assets\\menu.png'><\/span><\/div><div id='wpig-contents' class='wpig-contents  wpig-sidebar-widget wpig-style-3'><span class='wpig-headline'>Table des mati\u00e8res<span><a data-action='show' class='wpig-btn-toggledisplay'>[ Show ]<\/a><\/span><\/span><!-- Table of Contents --><div id='wpig-table-of-content' class='wpig-table-of-content'><ol><li class='stoc-export-du-panier-et-preparation-du-fichier'><a href='#stoc-export-du-panier-et-preparation-du-fichier'>Export du panier et pr\u00e9paration du fichier : <\/a><\/li><li class='stoc-creer-un-ensemble-dans-alma'><a href='#stoc-creer-un-ensemble-dans-alma'>Cr\u00e9er un ensemble dans Alma :<\/a><\/li><li class='stoc-identifier-des-anomalies'><a href='#stoc-identifier-des-anomalies'>Identifier des anomalies :<\/a><\/li><li class='stoc-alimenter-votre-selection'><a href='#stoc-alimenter-votre-selection'>Alimenter votre s\u00e9lection : <\/a><\/li><\/ol><\/div><!-- END OF Table of Contents --><\/div><\/div><p><div id='wpig-contents' class='wpig-contents  wpig-sidebar-widget wpig-style-1'><span class='wpig-headline'>Table des mati\u00e8res<span><a data-action='show' class='wpig-btn-toggledisplay'>[ Show ]<\/a><\/span><\/span><!-- Table of Contents --><div id='wpig-table-of-content' class='wpig-table-of-content' ><ol><li class='stoc-export-du-panier-et-preparation-du-fichier'><a href='#stoc-export-du-panier-et-preparation-du-fichier'>Export du panier et pr\u00e9paration du fichier : <\/a><\/li><li class='stoc-creer-un-ensemble-dans-alma'><a href='#stoc-creer-un-ensemble-dans-alma'>Cr\u00e9er un ensemble dans Alma :<\/a><\/li><li class='stoc-identifier-des-anomalies'><a href='#stoc-identifier-des-anomalies'>Identifier des anomalies :<\/a><\/li><li class='stoc-alimenter-votre-selection'><a href='#stoc-alimenter-votre-selection'>Alimenter votre s\u00e9lection : <\/a><\/li><\/ol><\/div><!-- END OF Table of Contents --><\/div><\/p>\n<h2 id=\"stoc-export-du-panier-et-preparation-du-fichier\" class=\"wpig-heading\">Export du panier et pr\u00e9paration du fichier : <\/h2>\n\n\n\n<p>Dans Electre, exportez votre panier au format Excel. <\/p>\n\n\n<div class=\"wp-block-image\">\n<figure class=\"aligncenter size-full\"><img decoding=\"async\" loading=\"lazy\" width=\"661\" height=\"417\" src=\"https:\/\/rebub.u-bordeaux.fr\/wp-content\/uploads\/2025\/10\/selection1-1.png\" alt=\"\" class=\"wp-image-24142\" srcset=\"https:\/\/rebub.u-bordeaux.fr\/wp-content\/uploads\/2025\/10\/selection1-1.png 661w, https:\/\/rebub.u-bordeaux.fr\/wp-content\/uploads\/2025\/10\/selection1-1-300x189.png 300w\" sizes=\"(max-width: 661px) 100vw, 661px\" \/><\/figure><\/div>\n\n\n<p>Une fois l\u2019export termin\u00e9, ouvrez le fichier Excel&nbsp;:<\/p>\n\n\n\n<ul>\n<li>Renommez la colonne EAN ISBN<\/li>\n\n\n\n<li>Supprimez les autres colonnes<\/li>\n\n\n\n<li>Enregistrez le fichier<\/li>\n<\/ul>\n\n\n<div class=\"wp-block-image\">\n<figure class=\"aligncenter size-full\"><img decoding=\"async\" loading=\"lazy\" width=\"820\" height=\"517\" src=\"https:\/\/rebub.u-bordeaux.fr\/wp-content\/uploads\/2025\/10\/selection2.png\" alt=\"\" class=\"wp-image-24143\" srcset=\"https:\/\/rebub.u-bordeaux.fr\/wp-content\/uploads\/2025\/10\/selection2.png 820w, https:\/\/rebub.u-bordeaux.fr\/wp-content\/uploads\/2025\/10\/selection2-300x189.png 300w, https:\/\/rebub.u-bordeaux.fr\/wp-content\/uploads\/2025\/10\/selection2-768x484.png 768w\" sizes=\"(max-width: 820px) 100vw, 820px\" \/><\/figure><\/div>\n\n\n<h2 id=\"stoc-creer-un-ensemble-dans-alma\" class=\"wpig-heading\">Cr\u00e9er un ensemble dans Alma :<\/h2>\n\n\n\n<p>Allez dans Admin > G\u00e9rer les ensembles<\/p>\n\n\n\n<p>Cliquez sur <strong>Cr\u00e9er un ensemble<\/strong><\/p>\n\n\n\n<ul>\n<li><strong>\u00a0<\/strong>Nommez votre ensemble<\/li>\n\n\n\n<li>Type de contenu = Tous les titres<\/li>\n\n\n\n<li>Ajouter exemplaires \u00e0 l&rsquo;ensemble = \u00e0 partir du fichier<\/li>\n\n\n\n<li>Chargez votre fichier<\/li>\n\n\n\n<li>Cliquez sur \u00ab\u00a0Cr\u00e9er\u00a0\u00bb<\/li>\n<\/ul>\n\n\n<div class=\"wp-block-image\">\n<figure class=\"aligncenter size-large\"><img decoding=\"async\" loading=\"lazy\" width=\"1024\" height=\"541\" src=\"https:\/\/rebub.u-bordeaux.fr\/wp-content\/uploads\/2025\/10\/selection3-1024x541.png\" alt=\"\" class=\"wp-image-24145\" srcset=\"https:\/\/rebub.u-bordeaux.fr\/wp-content\/uploads\/2025\/10\/selection3-1024x541.png 1024w, https:\/\/rebub.u-bordeaux.fr\/wp-content\/uploads\/2025\/10\/selection3-300x159.png 300w, https:\/\/rebub.u-bordeaux.fr\/wp-content\/uploads\/2025\/10\/selection3-768x406.png 768w, https:\/\/rebub.u-bordeaux.fr\/wp-content\/uploads\/2025\/10\/selection3.png 1407w\" sizes=\"(max-width: 1024px) 100vw, 1024px\" \/><\/figure><\/div>\n\n\n<p>Une fen\u00eatre popup verte vous informera qu\u2019un traitement a \u00e9t\u00e9 lanc\u00e9.<\/p>\n\n\n<div class=\"wp-block-image\">\n<figure class=\"aligncenter size-full is-resized\"><img decoding=\"async\" loading=\"lazy\" src=\"https:\/\/rebub.u-bordeaux.fr\/wp-content\/uploads\/2025\/10\/selection4.png\" alt=\"\" class=\"wp-image-24146\" width=\"367\" height=\"166\" srcset=\"https:\/\/rebub.u-bordeaux.fr\/wp-content\/uploads\/2025\/10\/selection4.png 367w, https:\/\/rebub.u-bordeaux.fr\/wp-content\/uploads\/2025\/10\/selection4-300x136.png 300w\" sizes=\"(max-width: 367px) 100vw, 367px\" \/><\/figure><\/div>\n\n\n<p>\u00a0Si votre panier contient tr\u00e8s peu de titres, le traitement se terminera instantan\u00e9ment. Une fen\u00eatre popup bleue vous informera alors de la fin du traitement.<\/p>\n\n\n<div class=\"wp-block-image\">\n<figure class=\"aligncenter size-full\"><img decoding=\"async\" loading=\"lazy\" width=\"370\" height=\"138\" src=\"https:\/\/rebub.u-bordeaux.fr\/wp-content\/uploads\/2025\/10\/selection5.png\" alt=\"\" class=\"wp-image-24147\" srcset=\"https:\/\/rebub.u-bordeaux.fr\/wp-content\/uploads\/2025\/10\/selection5.png 370w, https:\/\/rebub.u-bordeaux.fr\/wp-content\/uploads\/2025\/10\/selection5-300x112.png 300w\" sizes=\"(max-width: 370px) 100vw, 370px\" \/><\/figure><\/div>\n\n\n<p>Dans les deux cas, cliquez sur le lien pour acc\u00e9der \u00e0 la liste des traitements (celle-ci est aussi accessible via le menu <strong>Admin > G\u00e9rer les traitements et les ensembles > Suivi des traitements<\/strong>)<\/p>\n\n\n\n<p>Si votre traitement est termin\u00e9 il s\u2019affichera sous l\u2019onglet historique. Dans le cas contraire, vous le retrouverez sous l\u2019onglet en cours.<\/p>\n\n\n\n<h2 id=\"stoc-identifier-des-anomalies\" class=\"wpig-heading\">Identifier des anomalies :<\/h2>\n\n\n\n<p>Il est possible qu\u2019Alma n\u2019est pas trouv\u00e9 un titre pr\u00e9sent dans votre panier&nbsp;:<\/p>\n\n\n\n<ul>\n<li>Parce que le titre n\u2019a pas encore \u00e9t\u00e9 command\u00e9<\/li>\n\n\n\n<li>L\u2019ISBN a \u00e9t\u00e9 modifi\u00e9 apr\u00e8s la cr\u00e9ation de la LBC&nbsp;<\/li>\n<\/ul>\n\n\n\n<p>Pour chaque traitement de cr\u00e9ation d\u2019ensembles, ces anomalies sont d\u00e9compt\u00e9es dans la colonne <strong>Enregistrements avec exception.<\/strong><\/p>\n\n\n<div class=\"wp-block-image\">\n<figure class=\"aligncenter size-large\"><img decoding=\"async\" loading=\"lazy\" width=\"1024\" height=\"318\" src=\"https:\/\/rebub.u-bordeaux.fr\/wp-content\/uploads\/2025\/10\/selection-6-1024x318.png\" alt=\"\" class=\"wp-image-24149\" srcset=\"https:\/\/rebub.u-bordeaux.fr\/wp-content\/uploads\/2025\/10\/selection-6-1024x318.png 1024w, https:\/\/rebub.u-bordeaux.fr\/wp-content\/uploads\/2025\/10\/selection-6-300x93.png 300w, https:\/\/rebub.u-bordeaux.fr\/wp-content\/uploads\/2025\/10\/selection-6-768x239.png 768w, https:\/\/rebub.u-bordeaux.fr\/wp-content\/uploads\/2025\/10\/selection-6.png 1362w\" sizes=\"(max-width: 1024px) 100vw, 1024px\" \/><\/figure><\/div>\n\n\n<p>Pour identifier les titres concern\u00e9s cliquez sur les <strong>\u2026<\/strong> pour acc\u00e9der au rapport. Vous pourrez ensuite t\u00e9l\u00e9charger la liste des ISBNs concern\u00e9s en cliquant sur le nombre de cas.<\/p>\n\n\n\n<h2 id=\"stoc-alimenter-votre-selection\" class=\"wpig-heading\">Alimenter votre s\u00e9lection : <\/h2>\n\n\n\n<p>A partir de la s\u00e9lection, s\u00e9lectionnez l\u2019onglet <strong>Liste des titres <\/strong>et cliquer sur<strong> Ajouter des titres par ensemble. <\/strong>S\u00e9lectionnez ensuite le jeu de r\u00e9sultats pr\u00e9c\u00e9demment cr\u00e9\u00e9 et cliquez sur <strong>Ajouter un ensemble de titres.<\/strong><\/p>\n\n\n<div class=\"wp-block-image\">\n<figure class=\"aligncenter size-large\"><img decoding=\"async\" loading=\"lazy\" width=\"1024\" height=\"173\" src=\"https:\/\/rebub.u-bordeaux.fr\/wp-content\/uploads\/2025\/10\/selection7-1024x173.png\" alt=\"\" class=\"wp-image-24151\" srcset=\"https:\/\/rebub.u-bordeaux.fr\/wp-content\/uploads\/2025\/10\/selection7-1024x173.png 1024w, https:\/\/rebub.u-bordeaux.fr\/wp-content\/uploads\/2025\/10\/selection7-300x51.png 300w, https:\/\/rebub.u-bordeaux.fr\/wp-content\/uploads\/2025\/10\/selection7-768x129.png 768w, https:\/\/rebub.u-bordeaux.fr\/wp-content\/uploads\/2025\/10\/selection7.png 1537w\" sizes=\"(max-width: 1024px) 100vw, 1024px\" \/><\/figure><\/div>\n\n\n<p>Une fois le traitement termin\u00e9, les nouveaux titres seront visibles dans votre s\u00e9lection sur Babord +.<\/p>\n","protected":false},"excerpt":{"rendered":"<p>Table des mati\u00e8res[ Show ]Export du panier et pr\u00e9paration du fichier : Cr\u00e9er un ensemble dans Alma :Identifier des anomalies :Alimenter votre s\u00e9lection : Export du panier et pr\u00e9paration du fichier : Dans Electre, exportez votre panier au format Excel&#8230;.<\/p>\n","protected":false},"author":82,"featured_media":0,"parent":18428,"menu_order":9,"comment_status":"closed","ping_status":"closed","template":"","meta":[],"post_mailing_queue_ids":[],"_links":{"self":[{"href":"https:\/\/rebub.u-bordeaux.fr\/index.php\/wp-json\/wp\/v2\/pages\/24139"}],"collection":[{"href":"https:\/\/rebub.u-bordeaux.fr\/index.php\/wp-json\/wp\/v2\/pages"}],"about":[{"href":"https:\/\/rebub.u-bordeaux.fr\/index.php\/wp-json\/wp\/v2\/types\/page"}],"author":[{"embeddable":true,"href":"https:\/\/rebub.u-bordeaux.fr\/index.php\/wp-json\/wp\/v2\/users\/82"}],"replies":[{"embeddable":true,"href":"https:\/\/rebub.u-bordeaux.fr\/index.php\/wp-json\/wp\/v2\/comments?post=24139"}],"version-history":[{"count":6,"href":"https:\/\/rebub.u-bordeaux.fr\/index.php\/wp-json\/wp\/v2\/pages\/24139\/revisions"}],"predecessor-version":[{"id":24153,"href":"https:\/\/rebub.u-bordeaux.fr\/index.php\/wp-json\/wp\/v2\/pages\/24139\/revisions\/24153"}],"up":[{"embeddable":true,"href":"https:\/\/rebub.u-bordeaux.fr\/index.php\/wp-json\/wp\/v2\/pages\/18428"}],"wp:attachment":[{"href":"https:\/\/rebub.u-bordeaux.fr\/index.php\/wp-json\/wp\/v2\/media?parent=24139"}],"curies":[{"name":"wp","href":"https:\/\/api.w.org\/{rel}","templated":true}]}}