	{"id":24307,"date":"2025-12-16T13:29:05","date_gmt":"2025-12-16T12:29:05","guid":{"rendered":"https:\/\/rebub.u-bordeaux.fr\/?page_id=24307"},"modified":"2025-12-16T13:29:05","modified_gmt":"2025-12-16T12:29:05","slug":"renouveler-un-certificat-saml","status":"publish","type":"page","link":"https:\/\/rebub.u-bordeaux.fr\/index.php\/alma\/configuration-administration\/exploitation\/generalites\/renouveler-un-certificat-saml\/","title":{"rendered":"Renouveler un certificat SAML"},"content":{"rendered":"<div id='wpig-floatingbar' class='wpig-floatingbar'><div id='wpig-switch-wrapper' class='wpig-switch-wrapper'><span id='wpig-floating-switch' class='wpig-floating-switch'><img src='https:\/\/rebub.u-bordeaux.fr\/wp-content\/plugins\/sticky-toc-advance-table-of-contents\/\\assets\\menu.png'><\/span><\/div><\/div><p><\/p>\n<p>A l\u2019approche de l\u2019expiration des certificats, une alerte est envoy\u00e9e sous forme de mail :<\/p>\n\n\n\n<figure class=\"wp-block-table\"><table><tbody><tr><td><strong><em>Votre certificat SAML est sur le point d&rsquo;expirer<\/em><\/strong><\/td><td><em>06\/12\/2025<\/em><\/td><\/tr><\/tbody><\/table><\/figure>\n\n\n\n<figure class=\"wp-block-table\"><table><tbody><tr><td><em>Cher administrateur du syst\u00e8me de biblioth\u00e8que,<br><br>This is an automated reminder that the SAML certificate with code &lsquo;IEP_SAML&rsquo; used by your institution will expire on 2025-12-31.<br><br>Nous vous recommandons de contacter le d\u00e9partement informatique de votre institution et, si n\u00e9cessaire, de remplacer le certificat pour Alma et\/ou Primo VE. En cas de remplacement du certificat, le processus doit \u00eatre effectu\u00e9 en coordination avec votre IDP. Pour plus d&rsquo;informations, voir <a href=\"https:\/\/knowledge.exlibrisgroup.com\/Alma\/Product_Documentation\/010Alma_Online_Help_%28English%29\/090Integrations_with_External_Systems\/060Authentication\/020SAML-Based_Single_Sign-On_Sign-Off\" target=\"_blank\" rel=\"noreferrer noopener\">Remplacer un certificat sign\u00e9<\/a>.<br><br>De plus, si votre institution utilise ADFS, nous vous recommandons de remplacer le certificat pour \u00e9viter toute complication.<br><br>Si vous avez d&rsquo;autres questions, veuillez envoyer un ticket \u00e0 l&rsquo;assistance.<br><br>Cordialement,<br>\u00c9quipe d&rsquo;administration syst\u00e8me Alma<\/em><\/td><\/tr><\/tbody><\/table><\/figure>\n\n\n\n<p>&nbsp;Ce certificat doit \u00eatre modifi\u00e9 dans la zone R\u00e9seau&nbsp;: Configuration&gt;G\u00e9n\u00e9ral&gt;Syst\u00e8mes externes&gt;Profil d\u2019int\u00e9gration<\/p>\n\n\n\n<p>Il y a 5 profils \u00e0 modifier (BXSA_SAML, IEP_SAML, INP_SAML, UBM_SAML, UB_SAML)<\/p>\n\n\n\n<p>\u00c9tape 1&nbsp;: G\u00e9n\u00e9rer le futur certificat<\/p>\n\n\n\n<p>1&nbsp;: modifier le profil<\/p>\n\n\n\n<p>2&nbsp;: onglet Actions<\/p>\n\n\n\n<ul>\n<li>G\u00e9n\u00e9rer un nouveau certificat et s\u00e9lectionner le plus long<\/li>\n\n\n\n<li>Enregistrer<\/li>\n<\/ul>\n\n\n\n<p>\u00c9tape 2&nbsp;:<\/p>\n\n\n\n<ul>\n<li>Voir avec Ex-libris pour modifier les certificats dans Renater<\/li>\n\n\n\n<li>G\u00e9n\u00e9rer le fichier de m\u00e9tadonn\u00e9es pour les services concern\u00e9s<\/li>\n\n\n\n<li>Envoyer un message aux DSI pour mettre \u00e0 jour les sch\u00e9mas des m\u00e9tadonn\u00e9es du service provider de Primo de chaque institution.<\/li>\n<\/ul>\n\n\n\n<p>\u00c9tape 3 :<\/p>\n\n\n\n<ul>\n<li>Une fois les m\u00e9tadonn\u00e9es \u00e0 jour, supprimer le certificat p\u00e9rim\u00e9<\/li>\n<\/ul>\n","protected":false},"excerpt":{"rendered":"<p>A l\u2019approche de l\u2019expiration des certificats, une alerte est envoy\u00e9e sous forme de mail : Votre certificat SAML est sur le point d&rsquo;expirer 06\/12\/2025 Cher administrateur du syst\u00e8me de biblioth\u00e8que, This is an automated reminder that the SAML certificate with&#8230;<\/p>\n","protected":false},"author":82,"featured_media":0,"parent":18853,"menu_order":3,"comment_status":"closed","ping_status":"closed","template":"","meta":[],"post_mailing_queue_ids":[],"_links":{"self":[{"href":"https:\/\/rebub.u-bordeaux.fr\/index.php\/wp-json\/wp\/v2\/pages\/24307"}],"collection":[{"href":"https:\/\/rebub.u-bordeaux.fr\/index.php\/wp-json\/wp\/v2\/pages"}],"about":[{"href":"https:\/\/rebub.u-bordeaux.fr\/index.php\/wp-json\/wp\/v2\/types\/page"}],"author":[{"embeddable":true,"href":"https:\/\/rebub.u-bordeaux.fr\/index.php\/wp-json\/wp\/v2\/users\/82"}],"replies":[{"embeddable":true,"href":"https:\/\/rebub.u-bordeaux.fr\/index.php\/wp-json\/wp\/v2\/comments?post=24307"}],"version-history":[{"count":3,"href":"https:\/\/rebub.u-bordeaux.fr\/index.php\/wp-json\/wp\/v2\/pages\/24307\/revisions"}],"predecessor-version":[{"id":24327,"href":"https:\/\/rebub.u-bordeaux.fr\/index.php\/wp-json\/wp\/v2\/pages\/24307\/revisions\/24327"}],"up":[{"embeddable":true,"href":"https:\/\/rebub.u-bordeaux.fr\/index.php\/wp-json\/wp\/v2\/pages\/18853"}],"wp:attachment":[{"href":"https:\/\/rebub.u-bordeaux.fr\/index.php\/wp-json\/wp\/v2\/media?parent=24307"}],"curies":[{"name":"wp","href":"https:\/\/api.w.org\/{rel}","templated":true}]}}