	{"id":24506,"date":"2026-02-05T11:51:00","date_gmt":"2026-02-05T10:51:00","guid":{"rendered":"https:\/\/rebub.u-bordeaux.fr\/?page_id=24506"},"modified":"2026-02-10T16:39:02","modified_gmt":"2026-02-10T15:39:02","slug":"pret-perdu-et-retour-en-contestation","status":"publish","type":"page","link":"https:\/\/rebub.u-bordeaux.fr\/index.php\/alma\/procedures\/services-aux-usagers\/pret-retour\/pret-perdu-et-retour-en-contestation\/","title":{"rendered":"Alma en circuits : documents perdus et en litige"},"content":{"rendered":"<div id='wpig-floatingbar' class='wpig-floatingbar'><div id='wpig-switch-wrapper' class='wpig-switch-wrapper'><span id='wpig-floating-switch' class='wpig-floating-switch'><img src='https:\/\/rebub.u-bordeaux.fr\/wp-content\/plugins\/sticky-toc-advance-table-of-contents\/\\assets\\menu.png'><\/span><\/div><div id='wpig-contents' class='wpig-contents  wpig-sidebar-widget wpig-style-3'><span class='wpig-headline'>Table des mati\u00e8res<span><a data-action='show' class='wpig-btn-toggledisplay'>[ Show ]<\/a><\/span><\/span><!-- Table of Contents --><div id='wpig-table-of-content' class='wpig-table-of-content'><ol><li class='stoc-les-documents-perdus'><a href='#stoc-les-documents-perdus'>Les documents perdus<\/a><\/li><li class='stoc-les-documents-en-litige'><a href='#stoc-les-documents-en-litige'>Les documents en litige<\/a><\/li><\/div><!-- END OF Table of Contents --><\/div><\/div><p><div id='wpig-contents' class='wpig-contents  wpig-sidebar-widget wpig-style-1'><span class='wpig-headline'>Table des mati\u00e8res<span><a data-action='show' class='wpig-btn-toggledisplay'>[ Show ]<\/a><\/span><\/span><!-- Table of Contents --><div id='wpig-table-of-content' class='wpig-table-of-content' ><ol><li class='stoc-les-documents-perdus'><a href='#stoc-les-documents-perdus'>Les documents perdus<\/a><\/li><li class='stoc-les-documents-en-litige'><a href='#stoc-les-documents-en-litige'>Les documents en litige<\/a><\/li><\/div><!-- END OF Table of Contents --><\/div><\/p>\n<p>Pour mieux visualiser les diff\u00e9rentes situations d\u2019un exemplaire dans Alma et dans Babord+, nous avons repr\u00e9sent\u00e9 les \u00e9tapes sous forme de sch\u00e9mas. En cas de blocage, le statut de l\u2019exemplaire dans Alma, le processus indiqu\u00e9, l\u2019affichage visible dans Babord+, permettent de rep\u00e9rer o\u00f9 se situe chaque exemplaire et d\u2019identifier l\u2019action suivante dans le circuit.<\/p>\n\n\n\n<ul>\n<li>Visualisation depuis la recherche d\u2019exemplaires physiques :<\/li>\n<\/ul>\n\n\n<div class=\"wp-block-image\">\n<figure class=\"aligncenter size-large\"><img decoding=\"async\" loading=\"lazy\" width=\"1024\" height=\"382\" src=\"https:\/\/rebub.u-bordeaux.fr\/wp-content\/uploads\/2026\/02\/Capture-Alma-recherche-exemplaires-physiques_Exemplaire-perdu_modif-1024x382.png\" alt=\"\" class=\"wp-image-24660\" srcset=\"https:\/\/rebub.u-bordeaux.fr\/wp-content\/uploads\/2026\/02\/Capture-Alma-recherche-exemplaires-physiques_Exemplaire-perdu_modif-1024x382.png 1024w, https:\/\/rebub.u-bordeaux.fr\/wp-content\/uploads\/2026\/02\/Capture-Alma-recherche-exemplaires-physiques_Exemplaire-perdu_modif-300x112.png 300w, https:\/\/rebub.u-bordeaux.fr\/wp-content\/uploads\/2026\/02\/Capture-Alma-recherche-exemplaires-physiques_Exemplaire-perdu_modif-768x286.png 768w, https:\/\/rebub.u-bordeaux.fr\/wp-content\/uploads\/2026\/02\/Capture-Alma-recherche-exemplaires-physiques_Exemplaire-perdu_modif.png 1253w\" sizes=\"(max-width: 1024px) 100vw, 1024px\" \/><\/figure><\/div>\n\n\n<ul>\n<li>Visualisation de l\u2019exemplaire depuis la notice du document en cliquant sur <em>Tous les exemplaires<\/em>&nbsp;(affichage dans un panneau coulissant)&nbsp;:<\/li>\n<\/ul>\n\n\n<div class=\"wp-block-image\">\n<figure class=\"aligncenter size-large\"><img decoding=\"async\" loading=\"lazy\" width=\"1024\" height=\"85\" src=\"https:\/\/rebub.u-bordeaux.fr\/wp-content\/uploads\/2026\/02\/Capture-Alma-tous-les-exemplaires_Exemplaire-perdu_modif-1024x85.png\" alt=\"\" class=\"wp-image-24661\" srcset=\"https:\/\/rebub.u-bordeaux.fr\/wp-content\/uploads\/2026\/02\/Capture-Alma-tous-les-exemplaires_Exemplaire-perdu_modif-1024x85.png 1024w, https:\/\/rebub.u-bordeaux.fr\/wp-content\/uploads\/2026\/02\/Capture-Alma-tous-les-exemplaires_Exemplaire-perdu_modif-300x25.png 300w, https:\/\/rebub.u-bordeaux.fr\/wp-content\/uploads\/2026\/02\/Capture-Alma-tous-les-exemplaires_Exemplaire-perdu_modif-768x63.png 768w, https:\/\/rebub.u-bordeaux.fr\/wp-content\/uploads\/2026\/02\/Capture-Alma-tous-les-exemplaires_Exemplaire-perdu_modif.png 1270w\" sizes=\"(max-width: 1024px) 100vw, 1024px\" \/><\/figure><\/div>\n\n\n<ul>\n<li>Visualisation de l\u2019historique de l\u2019exemplaire en cliquant sur le code-barres de l\u2019exemplaire (affichage dans l\u2019\u00e9diteur d\u2019exemplaire physique)&nbsp;:<\/li>\n<\/ul>\n\n\n<div class=\"wp-block-image\">\n<figure class=\"aligncenter size-large\"><img decoding=\"async\" loading=\"lazy\" width=\"1024\" height=\"449\" src=\"https:\/\/rebub.u-bordeaux.fr\/wp-content\/uploads\/2026\/02\/Capture-Alma-historique-de-lexemplaire_Exemplaire-perdu_modif-1024x449.png\" alt=\"\" class=\"wp-image-24662\" srcset=\"https:\/\/rebub.u-bordeaux.fr\/wp-content\/uploads\/2026\/02\/Capture-Alma-historique-de-lexemplaire_Exemplaire-perdu_modif-1024x449.png 1024w, https:\/\/rebub.u-bordeaux.fr\/wp-content\/uploads\/2026\/02\/Capture-Alma-historique-de-lexemplaire_Exemplaire-perdu_modif-300x132.png 300w, https:\/\/rebub.u-bordeaux.fr\/wp-content\/uploads\/2026\/02\/Capture-Alma-historique-de-lexemplaire_Exemplaire-perdu_modif-768x337.png 768w, https:\/\/rebub.u-bordeaux.fr\/wp-content\/uploads\/2026\/02\/Capture-Alma-historique-de-lexemplaire_Exemplaire-perdu_modif.png 1313w\" sizes=\"(max-width: 1024px) 100vw, 1024px\" \/><\/figure><\/div>\n\n\n<ul>\n<li>Visualisation depuis Babord+ (<strong>sans authentification<\/strong>)\u00a0:<\/li>\n<\/ul>\n\n\n<div class=\"wp-block-image\">\n<figure class=\"aligncenter size-large is-resized\"><img decoding=\"async\" loading=\"lazy\" src=\"https:\/\/rebub.u-bordeaux.fr\/wp-content\/uploads\/2026\/02\/Capture-B-sans-authentification_Exemplaire-perdu_modif-1024x530.jpg\" alt=\"\" class=\"wp-image-24663\" width=\"689\" height=\"356\" srcset=\"https:\/\/rebub.u-bordeaux.fr\/wp-content\/uploads\/2026\/02\/Capture-B-sans-authentification_Exemplaire-perdu_modif-1024x530.jpg 1024w, https:\/\/rebub.u-bordeaux.fr\/wp-content\/uploads\/2026\/02\/Capture-B-sans-authentification_Exemplaire-perdu_modif-300x155.jpg 300w, https:\/\/rebub.u-bordeaux.fr\/wp-content\/uploads\/2026\/02\/Capture-B-sans-authentification_Exemplaire-perdu_modif-768x397.jpg 768w, https:\/\/rebub.u-bordeaux.fr\/wp-content\/uploads\/2026\/02\/Capture-B-sans-authentification_Exemplaire-perdu_modif.jpg 1034w\" sizes=\"(max-width: 689px) 100vw, 689px\" \/><\/figure><\/div>\n\n\n<ul>\n<li>Visualisation depuis Babord+ (<strong>avec authentification<\/strong>)&nbsp;:<\/li>\n<\/ul>\n\n\n<div class=\"wp-block-image\">\n<figure class=\"aligncenter size-large is-resized\"><img decoding=\"async\" loading=\"lazy\" src=\"https:\/\/rebub.u-bordeaux.fr\/wp-content\/uploads\/2026\/02\/Capture-B-avec-authentification_Exemplaire-perdu_modif-1024x494.png\" alt=\"\" class=\"wp-image-24664\" width=\"691\" height=\"333\" srcset=\"https:\/\/rebub.u-bordeaux.fr\/wp-content\/uploads\/2026\/02\/Capture-B-avec-authentification_Exemplaire-perdu_modif-1024x494.png 1024w, https:\/\/rebub.u-bordeaux.fr\/wp-content\/uploads\/2026\/02\/Capture-B-avec-authentification_Exemplaire-perdu_modif-300x145.png 300w, https:\/\/rebub.u-bordeaux.fr\/wp-content\/uploads\/2026\/02\/Capture-B-avec-authentification_Exemplaire-perdu_modif-768x371.png 768w, https:\/\/rebub.u-bordeaux.fr\/wp-content\/uploads\/2026\/02\/Capture-B-avec-authentification_Exemplaire-perdu_modif.png 1030w\" sizes=\"(max-width: 691px) 100vw, 691px\" \/><\/figure><\/div>\n\n\n<h2 id=\"stoc-les-documents-perdus\" class=\"wpig-heading\">Les documents perdus<\/h2>\n\n\n<div class=\"wp-block-image\">\n<figure class=\"aligncenter size-full\"><img decoding=\"async\" loading=\"lazy\" width=\"811\" height=\"531\" src=\"https:\/\/rebub.u-bordeaux.fr\/wp-content\/uploads\/2026\/02\/Processus-pret_exemplaire-perdu_modif.png.png\" alt=\"\" class=\"wp-image-24653\" srcset=\"https:\/\/rebub.u-bordeaux.fr\/wp-content\/uploads\/2026\/02\/Processus-pret_exemplaire-perdu_modif.png.png 811w, https:\/\/rebub.u-bordeaux.fr\/wp-content\/uploads\/2026\/02\/Processus-pret_exemplaire-perdu_modif.png-300x196.png 300w, https:\/\/rebub.u-bordeaux.fr\/wp-content\/uploads\/2026\/02\/Processus-pret_exemplaire-perdu_modif.png-768x503.png 768w\" sizes=\"(max-width: 811px) 100vw, 811px\" \/><\/figure><\/div>\n\n\n<p>Un exemplaire est emprunt\u00e9 par un lecteur&nbsp;: il prend alors le statut \u00ab&nbsp;<strong>Pas en rayon<\/strong>&nbsp;\u00bb dans Alma&nbsp;; il est indiqu\u00e9 <strong>en pr\u00eat<\/strong>. L\u2019affichage dans Babord+ indique que l\u2019exemplaire en question est <strong>indisponible<\/strong> et qu\u2019il est <strong>pr\u00eat\u00e9 jusqu\u2019\u00e0<\/strong> la date de retour du document.<\/p>\n\n\n\n<p>En cas de retard, l\u2019exemplaire est toujours sous le statut \u00ab&nbsp;Pas en rayon&nbsp;\u00bb&nbsp;; il est indiqu\u00e9 \u00ab&nbsp;Indisponible&nbsp;\u00bb et \u00ab&nbsp;Pr\u00eat\u00e9 jusqu\u2019au \u2026&nbsp;\u00bb dans Babord+.<\/p>\n\n\n\n<p>En cas de retard sup\u00e9rieur \u00e0 30 jours (\u00e0 l\u2019issue du 3<sup>e<\/sup> rappel), l\u2019exemplaire reste sous le statut \u00ab&nbsp;<strong>Pas en rayon<\/strong>&nbsp;\u00bb et le processus indiqu\u00e9 est <strong>perdu<\/strong>. L\u2019affichage dans Babord+ indique que l\u2019exemplaire est <strong>indisponible<\/strong> et qu\u2019il est <strong>perdu depuis le \u2026<\/strong><\/p>\n\n\n\n<p>Diff\u00e9rentes options apparaissent alors&nbsp;:<\/p>\n\n\n\n<ul>\n<li>L\u2019exemplaire n\u2019est pas rendu par le lecteur et doit donc \u00eatre rembours\u00e9, l\u2019exemplaire dans Alma sera supprim\u00e9 et \u00e9ventuellement rachet\u00e9&nbsp;;<\/li>\n\n\n\n<li>L\u2019exemplaire est rendu par le lecteur&nbsp;: selon l\u2019anciennet\u00e9 et l\u2019\u00e9tat du document, il est mis au pilon et donc supprim\u00e9 ou conserv\u00e9 dans les collections. S\u2019il est conserv\u00e9, il repasse alors en rayon et appara\u00eet comme <strong>disponible<\/strong> et <strong>pr\u00eatable<\/strong> sur Babord+.<\/li>\n<\/ul>\n\n\n\n<h2 id=\"stoc-les-documents-en-litige\" class=\"wpig-heading\">Les documents en litige<\/h2>\n\n\n<div class=\"wp-block-image\">\n<figure class=\"aligncenter size-full\"><img decoding=\"async\" loading=\"lazy\" width=\"811\" height=\"561\" src=\"https:\/\/rebub.u-bordeaux.fr\/wp-content\/uploads\/2026\/02\/Processus-pret_exemplaire-perdu-en-contestation_modif.png\" alt=\"\" class=\"wp-image-24656\" srcset=\"https:\/\/rebub.u-bordeaux.fr\/wp-content\/uploads\/2026\/02\/Processus-pret_exemplaire-perdu-en-contestation_modif.png 811w, https:\/\/rebub.u-bordeaux.fr\/wp-content\/uploads\/2026\/02\/Processus-pret_exemplaire-perdu-en-contestation_modif-300x208.png 300w, https:\/\/rebub.u-bordeaux.fr\/wp-content\/uploads\/2026\/02\/Processus-pret_exemplaire-perdu-en-contestation_modif-768x531.png 768w\" sizes=\"(max-width: 811px) 100vw, 811px\" \/><\/figure><\/div>\n\n\n<p>Un exemplaire est emprunt\u00e9 par un lecteur&nbsp;: il prend alors le statut \u00ab&nbsp;<strong>Pas en rayon<\/strong>&nbsp;\u00bb dans Alma, il est indiqu\u00e9 <strong>en pr\u00eat<\/strong>. L\u2019affichage dans Babord+ indique que l\u2019exemplaire en question est <strong>indisponible<\/strong> et qu\u2019il est <strong>pr\u00eat\u00e9 jusqu\u2019\u00e0<\/strong> la date de retour du document.<\/p>\n\n\n\n<p>En cas de retard, l\u2019exemplaire est toujours sous le statut \u00ab&nbsp;Pas en rayon&nbsp;\u00bb et est indiqu\u00e9 \u00ab&nbsp;Indisponible&nbsp;\u00bb et \u00ab&nbsp;Pr\u00eat\u00e9 jusqu\u2019au \u2026&nbsp;\u00bb dans Babord+.<\/p>\n\n\n\n<p>En cas de retard sup\u00e9rieur \u00e0 30 jours (\u00e0 l\u2019issue du 3<sup>e<\/sup> rappel), l\u2019exemplaire est toujours sous le statut \u00ab&nbsp;<strong>Pas en rayon<\/strong>&nbsp;\u00bb et le processus indiqu\u00e9 est <strong>perdu<\/strong>. L\u2019affichage dans Babord+ indique que l\u2019exemplaire est <strong>indisponible<\/strong> et qu\u2019il est perdu<strong> depuis le \u2026<\/strong><\/p>\n\n\n\n<p>Si le lecteur affirme avoir rendu un document, il est possible d\u2019utiliser l\u2019option \u00ab&nbsp;retour en contestation&nbsp;\u00bb. Le document appara\u00eet alors sous le statut \u00ab&nbsp;<strong>Pas en rayon<\/strong>&nbsp;\u00bb et a pour processus \u00ab&nbsp;<strong>En contestation<\/strong>&nbsp;\u00bb. L\u2019affichage dans Babord+ indique que l\u2019exemplaire est <strong>indisponible<\/strong> et qu\u2019il est <strong>en contestation. A retourner le \u2026<\/strong><\/p>\n\n\n\n<p>Diff\u00e9rentes options apparaissent alors&nbsp;:<\/p>\n\n\n\n<ul>\n<li>L\u2019exemplaire n\u2019est pas rendu ni retrouv\u00e9 et doit donc \u00eatre rembours\u00e9<\/li>\n\n\n\n<li>L\u2019exemplaire est retrouv\u00e9&nbsp;: selon la situation, il est mis au pilon et supprim\u00e9 du catalogue, ou il repasse en rayon et appara\u00eet comme disponible et pr\u00eatable sur Babord+.<\/li>\n<\/ul>\n","protected":false},"excerpt":{"rendered":"<p>Table des mati\u00e8res[ Show ]Les documents perdusLes documents en litigePour mieux visualiser les diff\u00e9rentes situations d\u2019un exemplaire dans Alma et dans Babord+, nous avons repr\u00e9sent\u00e9 les \u00e9tapes sous forme de sch\u00e9mas. En cas de blocage, le statut de l\u2019exemplaire dans&#8230;<\/p>\n","protected":false},"author":83,"featured_media":0,"parent":18468,"menu_order":10,"comment_status":"closed","ping_status":"closed","template":"","meta":[],"post_mailing_queue_ids":[],"_links":{"self":[{"href":"https:\/\/rebub.u-bordeaux.fr\/index.php\/wp-json\/wp\/v2\/pages\/24506"}],"collection":[{"href":"https:\/\/rebub.u-bordeaux.fr\/index.php\/wp-json\/wp\/v2\/pages"}],"about":[{"href":"https:\/\/rebub.u-bordeaux.fr\/index.php\/wp-json\/wp\/v2\/types\/page"}],"author":[{"embeddable":true,"href":"https:\/\/rebub.u-bordeaux.fr\/index.php\/wp-json\/wp\/v2\/users\/83"}],"replies":[{"embeddable":true,"href":"https:\/\/rebub.u-bordeaux.fr\/index.php\/wp-json\/wp\/v2\/comments?post=24506"}],"version-history":[{"count":12,"href":"https:\/\/rebub.u-bordeaux.fr\/index.php\/wp-json\/wp\/v2\/pages\/24506\/revisions"}],"predecessor-version":[{"id":24665,"href":"https:\/\/rebub.u-bordeaux.fr\/index.php\/wp-json\/wp\/v2\/pages\/24506\/revisions\/24665"}],"up":[{"embeddable":true,"href":"https:\/\/rebub.u-bordeaux.fr\/index.php\/wp-json\/wp\/v2\/pages\/18468"}],"wp:attachment":[{"href":"https:\/\/rebub.u-bordeaux.fr\/index.php\/wp-json\/wp\/v2\/media?parent=24506"}],"curies":[{"name":"wp","href":"https:\/\/api.w.org\/{rel}","templated":true}]}}