	{"id":24518,"date":"2026-02-05T11:58:22","date_gmt":"2026-02-05T10:58:22","guid":{"rendered":"https:\/\/rebub.u-bordeaux.fr\/?page_id=24518"},"modified":"2026-02-06T16:34:53","modified_gmt":"2026-02-06T15:34:53","slug":"alma-en-circuits-documents-en-transit","status":"publish","type":"page","link":"https:\/\/rebub.u-bordeaux.fr\/index.php\/alma\/procedures\/services-aux-usagers\/les-reservations\/alma-en-circuits-documents-en-transit\/","title":{"rendered":"Alma en circuits : documents en transit"},"content":{"rendered":"<div id='wpig-floatingbar' class='wpig-floatingbar'><div id='wpig-switch-wrapper' class='wpig-switch-wrapper'><span id='wpig-floating-switch' class='wpig-floating-switch'><img src='https:\/\/rebub.u-bordeaux.fr\/wp-content\/plugins\/sticky-toc-advance-table-of-contents\/\\assets\\menu.png'><\/span><\/div><div id='wpig-contents' class='wpig-contents  wpig-sidebar-widget wpig-style-3'><span class='wpig-headline'>Table des mati\u00e8res<span><a data-action='show' class='wpig-btn-toggledisplay'>[ Show ]<\/a><\/span><\/span><!-- Table of Contents --><div id='wpig-table-of-content' class='wpig-table-of-content'><ol><li class='stoc-document-demande-ou-rendu-dans-une-autre-bibliotheque'><a href='#stoc-document-demande-ou-rendu-dans-une-autre-bibliotheque'>Document demand\u00e9 ou rendu dans une autre biblioth\u00e8que<\/a><\/li><li class='stoc-les-demandes-de-reservation-annulees'><a href='#stoc-les-demandes-de-reservation-annulees'>Les demandes de r\u00e9servation annul\u00e9es<\/a><\/li><\/div><!-- END OF Table of Contents --><\/div><\/div><p><div id='wpig-contents' class='wpig-contents  wpig-sidebar-widget wpig-style-1'><span class='wpig-headline'>Table des mati\u00e8res<span><a data-action='show' class='wpig-btn-toggledisplay'>[ Show ]<\/a><\/span><\/span><!-- Table of Contents --><div id='wpig-table-of-content' class='wpig-table-of-content' ><ol><li class='stoc-document-demande-ou-rendu-dans-une-autre-bibliotheque'><a href='#stoc-document-demande-ou-rendu-dans-une-autre-bibliotheque'>Document demand\u00e9 ou rendu dans une autre biblioth\u00e8que<\/a><\/li><li class='stoc-les-demandes-de-reservation-annulees'><a href='#stoc-les-demandes-de-reservation-annulees'>Les demandes de r\u00e9servation annul\u00e9es<\/a><\/li><\/div><!-- END OF Table of Contents --><\/div><\/p>\n<p>Pour mieux visualiser les diff\u00e9rentes situations d\u2019un exemplaire dans Alma et dans le Babord +, nous avons repr\u00e9sent\u00e9 les \u00e9tapes sous forme de sch\u00e9mas. En cas de blocage, le statut de l\u2019exemplaire dans Alma, le processus indiqu\u00e9, l\u2019affichage visible dans Babord+, permettent de rep\u00e9rer o\u00f9 se situe chaque exemplaire et d\u2019identifier l\u2019action suivante dans le circuit.<\/p>\n\n\n\n<ul>\n<li>Visualisation depuis la recherche d\u2019exemplaires physiques :<\/li>\n<\/ul>\n\n\n<div class=\"wp-block-image\">\n<figure class=\"aligncenter size-large\"><img decoding=\"async\" loading=\"lazy\" width=\"1024\" height=\"538\" src=\"https:\/\/rebub.u-bordeaux.fr\/wp-content\/uploads\/2026\/02\/Capture-Alma_Demande-de-reservation-du-lecteur_recherche-exemplaire-1024x538.png\" alt=\"\" class=\"wp-image-24520\" srcset=\"https:\/\/rebub.u-bordeaux.fr\/wp-content\/uploads\/2026\/02\/Capture-Alma_Demande-de-reservation-du-lecteur_recherche-exemplaire-1024x538.png 1024w, https:\/\/rebub.u-bordeaux.fr\/wp-content\/uploads\/2026\/02\/Capture-Alma_Demande-de-reservation-du-lecteur_recherche-exemplaire-300x158.png 300w, https:\/\/rebub.u-bordeaux.fr\/wp-content\/uploads\/2026\/02\/Capture-Alma_Demande-de-reservation-du-lecteur_recherche-exemplaire-768x404.png 768w, https:\/\/rebub.u-bordeaux.fr\/wp-content\/uploads\/2026\/02\/Capture-Alma_Demande-de-reservation-du-lecteur_recherche-exemplaire.png 1250w\" sizes=\"(max-width: 1024px) 100vw, 1024px\" \/><\/figure><\/div>\n\n\n<ul>\n<li>Visualisation de l\u2019exemplaire depuis la notice du document en cliquant sur <em>Tous les exemplaires<\/em>&nbsp;(affichage dans un panneau coulissant)&nbsp;:<\/li>\n<\/ul>\n\n\n<div class=\"wp-block-image\">\n<figure class=\"aligncenter size-large\"><img decoding=\"async\" loading=\"lazy\" width=\"1024\" height=\"356\" src=\"https:\/\/rebub.u-bordeaux.fr\/wp-content\/uploads\/2026\/02\/Capture-Alma_Demande-de-reservation-du-lecteur_exemplaire-en-transit-1024x356.png\" alt=\"\" class=\"wp-image-24521\" srcset=\"https:\/\/rebub.u-bordeaux.fr\/wp-content\/uploads\/2026\/02\/Capture-Alma_Demande-de-reservation-du-lecteur_exemplaire-en-transit-1024x356.png 1024w, https:\/\/rebub.u-bordeaux.fr\/wp-content\/uploads\/2026\/02\/Capture-Alma_Demande-de-reservation-du-lecteur_exemplaire-en-transit-300x104.png 300w, https:\/\/rebub.u-bordeaux.fr\/wp-content\/uploads\/2026\/02\/Capture-Alma_Demande-de-reservation-du-lecteur_exemplaire-en-transit-768x267.png 768w, https:\/\/rebub.u-bordeaux.fr\/wp-content\/uploads\/2026\/02\/Capture-Alma_Demande-de-reservation-du-lecteur_exemplaire-en-transit-1536x533.png 1536w, https:\/\/rebub.u-bordeaux.fr\/wp-content\/uploads\/2026\/02\/Capture-Alma_Demande-de-reservation-du-lecteur_exemplaire-en-transit.png 1590w\" sizes=\"(max-width: 1024px) 100vw, 1024px\" \/><\/figure><\/div>\n\n\n<ul>\n<li>Visualisation de l\u2019historique de l\u2019exemplaire en cliquant sur le code-barres de l\u2019exemplaire (affichage dans l\u2019\u00e9diteur d\u2019exemplaire physique)&nbsp;:<\/li>\n<\/ul>\n\n\n<div class=\"wp-block-image\">\n<figure class=\"aligncenter size-large\"><img decoding=\"async\" loading=\"lazy\" width=\"1024\" height=\"327\" src=\"https:\/\/rebub.u-bordeaux.fr\/wp-content\/uploads\/2026\/02\/Capture-Alma_Demande-de-reservation-du-lecteur_historique-de-lexemplaire-1024x327.png\" alt=\"\" class=\"wp-image-24523\" srcset=\"https:\/\/rebub.u-bordeaux.fr\/wp-content\/uploads\/2026\/02\/Capture-Alma_Demande-de-reservation-du-lecteur_historique-de-lexemplaire-1024x327.png 1024w, https:\/\/rebub.u-bordeaux.fr\/wp-content\/uploads\/2026\/02\/Capture-Alma_Demande-de-reservation-du-lecteur_historique-de-lexemplaire-300x96.png 300w, https:\/\/rebub.u-bordeaux.fr\/wp-content\/uploads\/2026\/02\/Capture-Alma_Demande-de-reservation-du-lecteur_historique-de-lexemplaire-768x245.png 768w, https:\/\/rebub.u-bordeaux.fr\/wp-content\/uploads\/2026\/02\/Capture-Alma_Demande-de-reservation-du-lecteur_historique-de-lexemplaire.png 1493w\" sizes=\"(max-width: 1024px) 100vw, 1024px\" \/><\/figure><\/div>\n\n\n<ul>\n<li>Visualisation depuis Babord+ (<strong>sans authentification<\/strong>)&nbsp;:<\/li>\n<\/ul>\n\n\n<div class=\"wp-block-image\">\n<figure class=\"aligncenter size-large\"><img decoding=\"async\" loading=\"lazy\" width=\"1024\" height=\"511\" src=\"https:\/\/rebub.u-bordeaux.fr\/wp-content\/uploads\/2026\/02\/Capture-B_sans-identification_Demande-de-reservation-du-lecteur-1024x511.png\" alt=\"\" class=\"wp-image-24524\" srcset=\"https:\/\/rebub.u-bordeaux.fr\/wp-content\/uploads\/2026\/02\/Capture-B_sans-identification_Demande-de-reservation-du-lecteur-1024x511.png 1024w, https:\/\/rebub.u-bordeaux.fr\/wp-content\/uploads\/2026\/02\/Capture-B_sans-identification_Demande-de-reservation-du-lecteur-300x150.png 300w, https:\/\/rebub.u-bordeaux.fr\/wp-content\/uploads\/2026\/02\/Capture-B_sans-identification_Demande-de-reservation-du-lecteur-768x383.png 768w, https:\/\/rebub.u-bordeaux.fr\/wp-content\/uploads\/2026\/02\/Capture-B_sans-identification_Demande-de-reservation-du-lecteur.png 1037w\" sizes=\"(max-width: 1024px) 100vw, 1024px\" \/><\/figure><\/div>\n\n\n<ul>\n<li>Visualisation depuis Babord+ (<strong>avec authentification<\/strong>)&nbsp;:<\/li>\n<\/ul>\n\n\n<div class=\"wp-block-image\">\n<figure class=\"aligncenter size-full\"><img decoding=\"async\" loading=\"lazy\" width=\"1011\" height=\"506\" src=\"https:\/\/rebub.u-bordeaux.fr\/wp-content\/uploads\/2026\/02\/Capture-B-identification_Demande-de-reservation-du-lecteur.png\" alt=\"\" class=\"wp-image-24522\" srcset=\"https:\/\/rebub.u-bordeaux.fr\/wp-content\/uploads\/2026\/02\/Capture-B-identification_Demande-de-reservation-du-lecteur.png 1011w, https:\/\/rebub.u-bordeaux.fr\/wp-content\/uploads\/2026\/02\/Capture-B-identification_Demande-de-reservation-du-lecteur-300x150.png 300w, https:\/\/rebub.u-bordeaux.fr\/wp-content\/uploads\/2026\/02\/Capture-B-identification_Demande-de-reservation-du-lecteur-768x384.png 768w\" sizes=\"(max-width: 1011px) 100vw, 1011px\" \/><\/figure><\/div>\n\n\n<h2 id=\"stoc-document-demande-ou-rendu-dans-une-autre-bibliotheque\" class=\"wpig-heading\">Document demand\u00e9 ou rendu dans une autre biblioth\u00e8que<\/h2>\n\n\n\n<p>Un service de navette documentaire est propos\u00e9 au public dans les biblioth\u00e8ques de l\u2019Universit\u00e9 de Bordeaux. Depuis le 1<sup>er<\/sup> octobre 2025, les lecteurs peuvent r\u00e9server des documents et les retirer dans une autre biblioth\u00e8que de l\u2019Universit\u00e9 de Bordeaux. Ce service est ouvert \u00e0 tous les lecteurs quelle que soit leur institution d\u2019appartenance.<\/p>\n\n\n\n<p>Par ailleurs, sur l\u2019ensemble du r\u00e9seau, les exemplaires rendus dans une autre biblioth\u00e8que suivent le m\u00eame circuit de transit vers leur biblioth\u00e8que d\u2019origine.<\/p>\n\n\n<div class=\"wp-block-image\">\n<figure class=\"aligncenter size-full\"><img decoding=\"async\" loading=\"lazy\" width=\"761\" height=\"571\" src=\"https:\/\/rebub.u-bordeaux.fr\/wp-content\/uploads\/2026\/02\/Processus-demande-de-reservation-dun-document-en-transit-pret.drawio-1.png\" alt=\"\" class=\"wp-image-24639\" srcset=\"https:\/\/rebub.u-bordeaux.fr\/wp-content\/uploads\/2026\/02\/Processus-demande-de-reservation-dun-document-en-transit-pret.drawio-1.png 761w, https:\/\/rebub.u-bordeaux.fr\/wp-content\/uploads\/2026\/02\/Processus-demande-de-reservation-dun-document-en-transit-pret.drawio-1-300x225.png 300w\" sizes=\"(max-width: 761px) 100vw, 761px\" \/><\/figure><\/div>\n\n\n<p>L\u2019exemplaire est <strong>en rayon<\/strong>. Une fois le document scann\u00e9 pour r\u00e9pondre \u00e0 la demande du lecteur, l\u2019exemplaire prend le statut \u00ab&nbsp;<strong>Pas en rayon<\/strong>&nbsp;\u00bb dans Alma&nbsp;: il passe alors <strong>en transit<\/strong>. Dans Babord+, il est indiqu\u00e9 <strong>indisponible<\/strong> et <strong>en transit<\/strong> <strong>jusqu\u2019au \u2026<\/strong><\/p>\n\n\n\n<p>Une fois l\u2019exemplaire r\u00e9ceptionn\u00e9, il est scann\u00e9 par la biblioth\u00e8que&nbsp;: il a toujours le statut \u00ab&nbsp;<strong>Pas en rayon<\/strong>&nbsp;\u00bb. En revanche, le processus indiqu\u00e9 dans Alma est \u00ab&nbsp;<strong>Rayon des r\u00e9servations<\/strong>&nbsp;\u00bb. Dans Babord+, il est indiqu\u00e9 <strong>indisponible<\/strong> et <strong>r\u00e9serv\u00e9<\/strong> <strong>jusqu\u2019au \u2026<\/strong><\/p>\n\n\n\n<p>Lorsque le lecteur se pr\u00e9sente pour emprunter le document, le statut est toujours \u00ab&nbsp;<strong>Pas en rayon<\/strong>&nbsp;\u00bb mais le processus est d\u00e9sormais \u00ab&nbsp;<strong>Pr\u00eat<\/strong>&nbsp;\u00bb. Dans Babord+, il est indiqu\u00e9 <strong>indisponible<\/strong> et <strong>pr\u00eat\u00e9<\/strong> <strong>jusqu\u2019au \u2026<\/strong><\/p>\n\n\n\n<div class=\"is-layout-constrained wp-block-group bord-bloc-reutilisable\"><div class=\"wp-block-group__inner-container\">\n<div class=\"is-layout-flex wp-container-3 wp-block-columns alignfull bord-bloc-reutilisable has-background\" style=\"background-color:#ff303047\">\n<div class=\"is-layout-flow wp-block-column is-vertically-aligned-center\" style=\"flex-basis:7%\">\n<figure class=\"wp-block-image alignfull size-full\"><img decoding=\"async\" loading=\"lazy\" width=\"512\" height=\"512\" src=\"https:\/\/rebub.u-bordeaux.fr\/wp-content\/uploads\/2024\/04\/point-dexclamation.png\" alt=\"\" class=\"wp-image-19898\" srcset=\"https:\/\/rebub.u-bordeaux.fr\/wp-content\/uploads\/2024\/04\/point-dexclamation.png 512w, https:\/\/rebub.u-bordeaux.fr\/wp-content\/uploads\/2024\/04\/point-dexclamation-300x300.png 300w, https:\/\/rebub.u-bordeaux.fr\/wp-content\/uploads\/2024\/04\/point-dexclamation-150x150.png 150w\" sizes=\"(max-width: 512px) 100vw, 512px\" \/><\/figure>\n<\/div>\n\n\n\n<div class=\"is-layout-flow wp-block-column is-vertically-aligned-center\" style=\"flex-basis:85%\">\n<p><strong>Attention !<\/strong>  Un document demand\u00e9 par un lecteur ne peut \u00eatre emprunt\u00e9 que par le lecteur qui a fait la demande.<\/p>\n<\/div>\n<\/div>\n<\/div><\/div>\n\n\n\n<p>Une fois que le lecteur rend le document, deux possibilit\u00e9s existent&nbsp;: si le document est rendu sur place, le document est remis en rayon. Si le document est rendu dans une autre biblioth\u00e8que, le retour fait dans Alma fait repartir le document en <strong>transit<\/strong> vers la biblioth\u00e8que d\u2019appartenance.<\/p>\n\n\n\n<h2 id=\"stoc-les-demandes-de-reservation-annulees\" class=\"wpig-heading\">Les demandes de r\u00e9servation annul\u00e9es<\/h2>\n\n\n\n<p>Toute demande peut \u00eatre annul\u00e9e \u00e0 tout moment, par le lecteur ou par la biblioth\u00e8que. Si la demande est annul\u00e9e avant qu\u2019un document soit scann\u00e9 pour la satisfaire, cette annulation n\u2019a aucune incidence. Si une demande est annul\u00e9e apr\u00e8s le d\u00e9marrage du circuit, le document concern\u00e9 suit diff\u00e9rentes \u00e9tapes.<\/p>\n\n\n<div class=\"wp-block-image\">\n<figure class=\"aligncenter size-full\"><img decoding=\"async\" loading=\"lazy\" width=\"761\" height=\"238\" src=\"https:\/\/rebub.u-bordeaux.fr\/wp-content\/uploads\/2026\/02\/Processus-demande-de-reservation-dun-document-en-transit-annulation-1.png\" alt=\"\" class=\"wp-image-24640\" srcset=\"https:\/\/rebub.u-bordeaux.fr\/wp-content\/uploads\/2026\/02\/Processus-demande-de-reservation-dun-document-en-transit-annulation-1.png 761w, https:\/\/rebub.u-bordeaux.fr\/wp-content\/uploads\/2026\/02\/Processus-demande-de-reservation-dun-document-en-transit-annulation-1-300x94.png 300w\" sizes=\"(max-width: 761px) 100vw, 761px\" \/><\/figure><\/div>\n\n\n<p>L\u2019exemplaire est <strong>en rayon<\/strong>. Une fois le document scann\u00e9 pour satisfaire la demande, il prend le statut \u00ab&nbsp;<strong>Pas en rayon<\/strong>&nbsp;\u00bb dans Alma&nbsp;: il passe alors <strong>en transit<\/strong>. Dans Babord+, il est indiqu\u00e9 <strong>indisponible<\/strong> et <strong>en transit<\/strong> <strong>jusqu\u2019au \u2026<\/strong><\/p>\n\n\n\n<p>Si la demande est annul\u00e9e pendant le transit vers la biblioth\u00e8que de retrait, une fois le document scann\u00e9, il repart en transit vers la biblioth\u00e8que d\u2019origine.<\/p>\n\n\n\n<p>Si la demande est toujours valide, une fois l\u2019exemplaire r\u00e9ceptionn\u00e9 par la biblioth\u00e8que de retrait, il est de nouveau scann\u00e9. Il a toujours le statut \u00ab&nbsp;<strong>Pas en rayon<\/strong>&nbsp;\u00bb&nbsp;; en revanche, le processus indiqu\u00e9 dans Alma est \u00ab&nbsp;<strong>Rayon des r\u00e9servations<\/strong>&nbsp;\u00bb. Dans Babord+, il est indiqu\u00e9 <strong>indisponible<\/strong> et <strong>r\u00e9serv\u00e9<\/strong> <strong>jusqu\u2019au \u2026<\/strong><\/p>\n\n\n\n<p>Lorsque la demande est expir\u00e9e ou annul\u00e9e, le statut de l\u2019exemplaire reste \u00ab&nbsp;Pas en rayon&nbsp;\u00bb mais le processus est \u00ab&nbsp;en transit&nbsp;\u00bb. Dans Babord+, il est indiqu\u00e9 <strong>indisponible<\/strong> et <strong>en transit<\/strong> <strong>jusqu\u2019au \u2026<\/strong><\/p>\n\n\n\n<p>Enfin, lorsque l\u2019exemplaire retourne dans sa biblioth\u00e8que d\u2019appartenance, il reprend le statut \u00ab&nbsp;En rayon&nbsp;\u00bb et appara\u00eet de nouveau <strong>disponible<\/strong> et <strong>pr\u00eatable<\/strong> dans Babord+.<\/p>\n","protected":false},"excerpt":{"rendered":"<p>Table des mati\u00e8res[ Show ]Document demand\u00e9 ou rendu dans une autre biblioth\u00e8queLes demandes de r\u00e9servation annul\u00e9esPour mieux visualiser les diff\u00e9rentes situations d\u2019un exemplaire dans Alma et dans le Babord +, nous avons repr\u00e9sent\u00e9 les \u00e9tapes sous forme de sch\u00e9mas. En&#8230;<\/p>\n","protected":false},"author":83,"featured_media":0,"parent":18470,"menu_order":7,"comment_status":"closed","ping_status":"closed","template":"","meta":[],"post_mailing_queue_ids":[],"_links":{"self":[{"href":"https:\/\/rebub.u-bordeaux.fr\/index.php\/wp-json\/wp\/v2\/pages\/24518"}],"collection":[{"href":"https:\/\/rebub.u-bordeaux.fr\/index.php\/wp-json\/wp\/v2\/pages"}],"about":[{"href":"https:\/\/rebub.u-bordeaux.fr\/index.php\/wp-json\/wp\/v2\/types\/page"}],"author":[{"embeddable":true,"href":"https:\/\/rebub.u-bordeaux.fr\/index.php\/wp-json\/wp\/v2\/users\/83"}],"replies":[{"embeddable":true,"href":"https:\/\/rebub.u-bordeaux.fr\/index.php\/wp-json\/wp\/v2\/comments?post=24518"}],"version-history":[{"count":7,"href":"https:\/\/rebub.u-bordeaux.fr\/index.php\/wp-json\/wp\/v2\/pages\/24518\/revisions"}],"predecessor-version":[{"id":24641,"href":"https:\/\/rebub.u-bordeaux.fr\/index.php\/wp-json\/wp\/v2\/pages\/24518\/revisions\/24641"}],"up":[{"embeddable":true,"href":"https:\/\/rebub.u-bordeaux.fr\/index.php\/wp-json\/wp\/v2\/pages\/18470"}],"wp:attachment":[{"href":"https:\/\/rebub.u-bordeaux.fr\/index.php\/wp-json\/wp\/v2\/media?parent=24518"}],"curies":[{"name":"wp","href":"https:\/\/api.w.org\/{rel}","templated":true}]}}