	{"id":587,"date":"2016-12-21T14:50:40","date_gmt":"2016-12-21T13:50:40","guid":{"rendered":"http:\/\/rebub.u-bordeaux.fr\/?page_id=587"},"modified":"2024-06-06T16:50:41","modified_gmt":"2024-06-06T14:50:41","slug":"catalogage-des-autorites-auteurs-et-collectivites-dans-winibw","status":"publish","type":"page","link":"https:\/\/rebub.u-bordeaux.fr\/index.php\/le-patrimoine-documentaire\/le-signalement\/les-signalement-des-autorites\/catalogage-des-autorites-auteurs-et-collectivites-dans-winibw\/","title":{"rendered":"Le catalogage des autorit\u00e9s auteurs et collectivit\u00e9s dans WiniBW"},"content":{"rendered":"<div id='wpig-floatingbar' class='wpig-floatingbar'><div id='wpig-switch-wrapper' class='wpig-switch-wrapper'><span id='wpig-floating-switch' class='wpig-floating-switch'><img src='https:\/\/rebub.u-bordeaux.fr\/wp-content\/plugins\/sticky-toc-advance-table-of-contents\/\\assets\\menu.png'><\/span><\/div><div id='wpig-contents' class='wpig-contents  wpig-sidebar-widget wpig-style-3'><span class='wpig-headline'>Table des mati\u00e8res<span><a data-action='show' class='wpig-btn-toggledisplay'>[ Show ]<\/a><\/span><\/span><!-- Table of Contents --><div id='wpig-table-of-content' class='wpig-table-of-content'><ol><li class='stoc-creation-consignes'><a href='#stoc-creation-consignes'>Cr\u00e9ation : consignes<\/a><ol><li class='stoc-dans-la-base-de-production'><a href='#stoc-dans-la-base-de-production'>Dans la base de production<\/a><\/li><li class='stoc-derivation-de-la-base-dappui'><a href='#stoc-derivation-de-la-base-dappui'>D\u00e9rivation de la base d\u2019appui<\/a><\/li><li class='stoc-creation-ex-nihilo-si-la-notice-nexiste-pas-dans-la-base-dappui'><a href='#stoc-creation-ex-nihilo-si-la-notice-nexiste-pas-dans-la-base-dappui'>Cr\u00e9ation ex-nihilo (si la notice n\u2019existe pas dans la base d\u2019appui)<\/a><\/li><\/ol><li class='stoc-exemple-de-creation-zone-par-zone'><a href='#stoc-exemple-de-creation-zone-par-zone'>Exemple de cr\u00e9ation zone par zone<\/a><ol><li class='stoc-notice-derivee'><a href='#stoc-notice-derivee'>Notice d\u00e9riv\u00e9e<\/a><\/li><li class='stoc-notice-creee-dans-la-base-de-production-non-presente-dans-la-base-dappui'><a href='#stoc-notice-creee-dans-la-base-de-production-non-presente-dans-la-base-dappui'>Notice cr\u00e9\u00e9e dans la base de production (non pr\u00e9sente dans la base d\u2019appui)<\/a><\/li><\/ol><li class='stoc-cas-particuliers'><a href='#stoc-cas-particuliers'>Cas particuliers<\/a><ol><li class='stoc-collectivite-avec-differentes-appellations-ou-changement-de-nom-mais-sans-changement-de-perimetre-dactivite'><a href='#stoc-collectivite-avec-differentes-appellations-ou-changement-de-nom-mais-sans-changement-de-perimetre-dactivite'>Collectivit\u00e9 avec diff\u00e9rentes appellations ou changement de nom (mais sans changement de p\u00e9rim\u00e8tre d\u2019activit\u00e9)<\/a><\/li><li class='stoc-collectivites-changeant-de-perimetre-dactivite'><a href='#stoc-collectivites-changeant-de-perimetre-dactivite'>Collectivit\u00e9s changeant de p\u00e9rim\u00e8tre d\u2019activit\u00e9<\/a><\/li><li class='stoc-pseudonymes-personne-ecrivant-sous-differents-pseudos'><a href='#stoc-pseudonymes-personne-ecrivant-sous-differents-pseudos'>Pseudonymes (personne \u00e9crivant sous diff\u00e9rents pseudos)<\/a><\/li><\/ol><li class='stoc-modifications-richesse-et-completude-dune-notice'><a href='#stoc-modifications-richesse-et-completude-dune-notice'>Modifications : richesse et compl\u00e9tude d&rsquo;une notice<\/a><\/li><li class='stoc-doublons'><a href='#stoc-doublons'>Doublons<\/a><\/li><li class='stoc-dans-le-guide-methodologique-de-labes'><a href='#stoc-dans-le-guide-methodologique-de-labes'>Dans le guide m\u00e9thodologique de l&rsquo;ABES<\/a><ol><li class='stoc-creation'><a href='#stoc-creation'>Cr\u00e9ation<\/a><\/li><li class='stoc-en-unimarc-version-sudoc'><a href='#stoc-en-unimarc-version-sudoc'>En UNIMARC version SUDOC<\/a><\/li><\/ol><\/li><\/li><\/li><\/li><\/div><!-- END OF Table of Contents --><\/div><\/div><p><div id='wpig-contents' class='wpig-contents  wpig-sidebar-widget wpig-style-1'><span class='wpig-headline'>Table des mati\u00e8res<span><a data-action='show' class='wpig-btn-toggledisplay'>[ Show ]<\/a><\/span><\/span><!-- Table of Contents --><div id='wpig-table-of-content' class='wpig-table-of-content' ><ol><li class='stoc-creation-consignes'><a href='#stoc-creation-consignes'>Cr\u00e9ation : consignes<\/a><ol><li class='stoc-dans-la-base-de-production'><a href='#stoc-dans-la-base-de-production'>Dans la base de production<\/a><\/li><li class='stoc-derivation-de-la-base-dappui'><a href='#stoc-derivation-de-la-base-dappui'>D\u00e9rivation de la base d\u2019appui<\/a><\/li><li class='stoc-creation-ex-nihilo-si-la-notice-nexiste-pas-dans-la-base-dappui'><a href='#stoc-creation-ex-nihilo-si-la-notice-nexiste-pas-dans-la-base-dappui'>Cr\u00e9ation ex-nihilo (si la notice n\u2019existe pas dans la base d\u2019appui)<\/a><\/li><\/ol><li class='stoc-exemple-de-creation-zone-par-zone'><a href='#stoc-exemple-de-creation-zone-par-zone'>Exemple de cr\u00e9ation zone par zone<\/a><ol><li class='stoc-notice-derivee'><a href='#stoc-notice-derivee'>Notice d\u00e9riv\u00e9e<\/a><\/li><li class='stoc-notice-creee-dans-la-base-de-production-non-presente-dans-la-base-dappui'><a href='#stoc-notice-creee-dans-la-base-de-production-non-presente-dans-la-base-dappui'>Notice cr\u00e9\u00e9e dans la base de production (non pr\u00e9sente dans la base d\u2019appui)<\/a><\/li><\/ol><li class='stoc-cas-particuliers'><a href='#stoc-cas-particuliers'>Cas particuliers<\/a><ol><li class='stoc-collectivite-avec-differentes-appellations-ou-changement-de-nom-mais-sans-changement-de-perimetre-dactivite'><a href='#stoc-collectivite-avec-differentes-appellations-ou-changement-de-nom-mais-sans-changement-de-perimetre-dactivite'>Collectivit\u00e9 avec diff\u00e9rentes appellations ou changement de nom (mais sans changement de p\u00e9rim\u00e8tre d\u2019activit\u00e9)<\/a><\/li><li class='stoc-collectivites-changeant-de-perimetre-dactivite'><a href='#stoc-collectivites-changeant-de-perimetre-dactivite'>Collectivit\u00e9s changeant de p\u00e9rim\u00e8tre d\u2019activit\u00e9<\/a><\/li><li class='stoc-pseudonymes-personne-ecrivant-sous-differents-pseudos'><a href='#stoc-pseudonymes-personne-ecrivant-sous-differents-pseudos'>Pseudonymes (personne \u00e9crivant sous diff\u00e9rents pseudos)<\/a><\/li><\/ol><li class='stoc-modifications-richesse-et-completude-dune-notice'><a href='#stoc-modifications-richesse-et-completude-dune-notice'>Modifications : richesse et compl\u00e9tude d&rsquo;une notice<\/a><\/li><li class='stoc-doublons'><a href='#stoc-doublons'>Doublons<\/a><\/li><li class='stoc-dans-le-guide-methodologique-de-labes'><a href='#stoc-dans-le-guide-methodologique-de-labes'>Dans le guide m\u00e9thodologique de l&rsquo;ABES<\/a><ol><li class='stoc-creation'><a href='#stoc-creation'>Cr\u00e9ation<\/a><\/li><li class='stoc-en-unimarc-version-sudoc'><a href='#stoc-en-unimarc-version-sudoc'>En UNIMARC version SUDOC<\/a><\/li><\/ol><\/li><\/li><\/li><\/li><\/div><!-- END OF Table of Contents --><\/div><\/p><h1 id=\"stoc-creation-consignes\" class=\"wpig-heading\">Cr\u00e9ation : consignes<\/h1>\n<h2 id=\"stoc-dans-la-base-de-production\" class=\"wpig-heading\">Dans la base de production<\/h2>\n<p>Il s\u2019agit d\u2019\u00e9viter au maximum la cr\u00e9ation de doublon et de lever des doutes en cas d\u2019homonymie.<\/p>\n<p class=\"message warning\">TOUJOURS rechercher l\u2019auteur via F9 (\u00e0 partir de la notice bibliographie) en faisant bien attention \u00e0 l\u2019orthographe du nom recherch\u00e9 et en ne s\u00e9lectionnant que l\u2019initiale du pr\u00e9nom (au cas o\u00f9 une notice existe et qu\u2019elle n\u2019ait pas la forme compl\u00e8te du pr\u00e9nom).<\/p>\n<p>Si on ne trouve pas de r\u00e9ponse : par pr\u00e9caution, faire une recherche via les index (bal per : qui permet de balayer par ordre alphab\u00e9tique).<\/p>\n<h2 id=\"stoc-derivation-de-la-base-dappui\" class=\"wpig-heading\">D\u00e9rivation de la base d\u2019appui<\/h2>\n<p>Si la recherche est infructueuse dans la base de production, chercher dans la base d\u2019appui via le petit cochon.<\/p>\n<p>Si la notice est pr\u00e9sente dans base d\u2019appui : on la copie dans la base de production en conservant bien les num\u00e9ros d\u2019identification (010 si l\u2019ISNI est pr\u00e9sent, les 035, les 801, les 810) et en transformant la notice pour qu\u2019elle soit conforme au catalogage SUDOC (340 pr\u00e9f\u00e9r\u00e9e \u00e0 la 300).<\/p>\n<div class=\"message warning\">\n<p>Ne pas saisir manuellement l&rsquo;ISNI (mais on le garde si on d\u00e9rive de la base d&rsquo;appui).<\/p>\n<\/div>\n<div class=\"message warning\">\n<p>Ne pas oublier de lier l&rsquo;autorit\u00e9 \u00e0 sa notice bibliographique.<\/p>\n<\/div>\n<h2 id=\"stoc-creation-ex-nihilo-si-la-notice-nexiste-pas-dans-la-base-dappui\" class=\"wpig-heading\">Cr\u00e9ation ex-nihilo (si la notice n\u2019existe pas dans la base d\u2019appui)<\/h2>\n<p>Cr\u00e9ation \u00e0 partir d\u2019un mod\u00e8le de notice :<\/p>\n<ul>\n<li>Via le script CAT_Notice_Autorit\u00e9<\/li>\n<li>En tapant la commande cre e<\/li>\n<\/ul>\n<p>Voir exemples ci-dessous .<\/p>\n<h1 id=\"stoc-exemple-de-creation-zone-par-zone\" class=\"wpig-heading\">Exemple de cr\u00e9ation zone par zone<\/h1>\n<p>Autorit\u00e9 auteur \u00ab classique \u00bb :<\/p>\n<h2 id=\"stoc-notice-derivee\" class=\"wpig-heading\">Notice d\u00e9riv\u00e9e<\/h2>\n<p>035 ##\u200e$aFRBNF125039193\u200e$zFRBNF12503919<br>\n101 ##\u200e$aeng<br>\n102 ##\u200e$aUS<br>\n103 ##\u200e$a19220103 \u200e$b19940724<br>\n106 ##\u200e$a0\u200e$b1\u200e$c0<br>\n200 #1$8freeng\u200e$90y\u200e$aNorton\u200e$bEdward W. D.\u200e$f1922-1994<br>\n340 ##\u200e$aOphtalmologiste. &#8211; Professeur, Bascom Palmer eye institute, University of Miami School of medicine, Floride<br>\n801 #0\u200e$aFR\u200e$bBnF\u200e$c19960308<br>\n810 ##\u200e$aSource book of ophthalmology \/ Daniel M. Albert, Edward W. D. Norton, Reva Hurtes ; [ed.] Sheila S. Intner, 1995<br>\n810 ##\u200e$aLCNA (CD-OCLC), 1995-09<br>\n899 ##\u200e$aIdentifiant p\u00e9renne de la notice BnF : http:\/\/catalogue.bnf.fr\/ark:\/12148\/cb12503919x<br>\n899 ##\u200e$aAncienne num\u00e9rotation BnF de la notice : frBN012256566<\/p>\n<h2 id=\"stoc-notice-creee-dans-la-base-de-production-non-presente-dans-la-base-dappui\" class=\"wpig-heading\">Notice cr\u00e9\u00e9e dans la base de production (non pr\u00e9sente dans la base d\u2019appui)<\/h2>\n<p>200 #1\u200e$90y\u200e$aMartin\u200e$bJean\u200e$f1940-\u2026.<br>\n340 ##\u200e$aM\u00e9decin option sant\u00e9 publique, dipl\u00f4m\u00e9 en m\u00e9decine tropicale, il a travaill\u00e9 \u00e0 l&rsquo;OMS sur 3 continents. M\u00e9decin cantonal de 1976 \u00e0 2003, a particip\u00e9 \u00e0 la Conf\u00e9rence d&rsquo;Alma Ata en 1978. Il publie dans des revues scientifiques et r\u00e9agit dans les journaux ( rubrique \u00a0\u00bb Opinion \u00a0\u00bb du quotidien \u00a0\u00bb 24 heures \u00a0\u00bb ). Il publie par ailleurs de nombreuses monographies et participe \u00e0 des ouvrages collectifs en tant que coauteur.<br>\n810 ##\u200e$aDes racines pour avancer \/ Jean Martin, 2005<br>\n810 ##\u200e$aInternet : http:\/\/www.davel.vd.ch\/partnerdetail.aspx?ID=1642\/2014\/12\/01)\u200e$bMartin, Jean (1940-&#8230;.)<\/p>\n<h1 id=\"stoc-cas-particuliers\" class=\"wpig-heading\">Cas particuliers<\/h1>\n<h2 id=\"stoc-collectivite-avec-differentes-appellations-ou-changement-de-nom-mais-sans-changement-de-perimetre-dactivite\" class=\"wpig-heading\">Collectivit\u00e9 avec diff\u00e9rentes appellations ou changement de nom (mais sans changement de p\u00e9rim\u00e8tre d\u2019activit\u00e9)<\/h2>\n<p>On fait des renvois en 410 (en conservant en 210 l\u2019appellation la plus r\u00e9cente). Expliciter les renvois en zones de notes. Par exemple :<\/p>\n<p>210 0#\u200e$91y\u200e$a@Universit\u00e9 Bordeaux Montaigne<br>\n340 ##\u200e$aEn 1970, cr\u00e9ation de trois universit\u00e9s \u00e0 Bordeaux (auparavant regroup\u00e9es dans \u00ab\u00a0Universit\u00e9 de Bordeaux\u00a0\u00bb) dont \u00ab\u00a0l\u2019universit\u00e9 des lettres et sciences humaines Bordeaux 3\u00a0\u00bb<br>\n340 ##\u200e$aD\u00e9nomination (Universit\u00e9 Michel de Montaigne-Bordeaux III) adopt\u00e9e par le Conseil d&rsquo;administration le 17-12-1990. Nouvelle d\u00e9nomination (Universit\u00e9 Bordeaux Montaigne) adopt\u00e9e par le Conseil d&rsquo;administration le 18-10-2013, applicable \u00e0 partir de janvier 2014<br>\n340 ##\u200e$aEsplanade des Antilles, Domaine Universitaire, 33607 Pessac cedex<br>\n410 0#\u200e$91y\u200e$a@Universit\u00e9 Michel de Montaigne-Bordeaux III<br>\n410 0#\u200e$91y\u200e$a@Universit\u00e9 Michel de Montaigne-Bordeaux 3<br>\n410 0#\u200e$91y\u200e$a@Universit\u00e9 de Bordeaux III<br>\n410 0#\u200e$91y\u200e$a@Universit\u00e9 de Bordeaux 3<br>\n410 0#\u200e$91y\u200e$a@Universit\u00e9 de Gascogne<\/p>\n<h2 id=\"stoc-collectivites-changeant-de-perimetre-dactivite\" class=\"wpig-heading\">Collectivit\u00e9s changeant de p\u00e9rim\u00e8tre d\u2019activit\u00e9<\/h2>\n<p>On fait une nouvelle autorit\u00e9 en faisant les renvois r\u00e9ciproques entre les diff\u00e9rentes notices en 510. Expliciter les renvois en zones de notes. Par exemple :<\/p>\n<p>210 02\u200e$90y\u200e$a@Universit\u00e9 de Bordeaux\u200e$c2014-&#8230;.<br>\n300 0#\u200e$aEn 2014, cr\u00e9ation de l\u2019Universit\u00e9 de Bordeaux (D\u00e9cret n\u00b0 2013-805) regroupant les universit\u00e9s Bordeaux-I, Bordeaux-II et Bordeaux-IV.<br>\n305 0#\u200e$aVoir aussi aux noms ant\u00e9rieurs de l&rsquo;Universit\u00e9<br>\n320 ##\u200e$aL&rsquo;appellation Nouvelle Universit\u00e9 de Bordeaux (NUB) est le nom de l&rsquo;Universit\u00e9 de Bordeaux \u00e0 l&rsquo;\u00e9tat de projet (avant le 1er janvier 2014)<br>\n340 ##\u200e$a35 place Pey Berland, 33000 BORDEAUX. Page de l&rsquo;universit\u00e9 : http:\/\/www.u-bordeaux.fr\/<br>\n410 02\u200e$a@Nouvelle universit\u00e9 de Bordeaux<br>\n410 02\u200e$a@NUB<br>\n510 02\u200e$0Avant 2014, voir\u200e$5a\u200e$3027548341@Universit\u00e9 de Bordeaux I<br>\n510 02\u200e$0Avant 2014, voir\u200e$5a\u200e$3026403005@Universit\u00e9 de Bordeaux II<br>\n510 02\u200e$0Avant 2014, voir\u200e$5a\u200e$3034137823@Universit\u00e9 Montesquieu-Bordeaux IV<br>\n810 ##\u200e$aJORF n\u00b00206 du 5 septembre 2013 page 15020 texte n\u00b0 34 &#8211; D\u00e9cret n\u00b0 2013-805 du 3 septembre 2013 portant cr\u00e9ation de l&rsquo;Universit\u00e9 de Bordeaux<\/p>\n<h2 id=\"stoc-pseudonymes-personne-ecrivant-sous-differents-pseudos\" class=\"wpig-heading\">Pseudonymes (personne \u00e9crivant sous diff\u00e9rents pseudos)<\/h2>\n<p>Des consignes plus claires sont certainement \u00e0 venir de la part de l\u2019ABES : travail coop\u00e9ratif en cours avec la BnF.<\/p>\n<p>Un exemple (pour chaque notice, ne pas oublier les liens r\u00e9ciproques) :<\/p>\n<p>200 #1\u200e$90y\u200e$aAngremy\u200e$bJean-Pierre\u200e$f1937-2010<br>\n340 ##\u200e$aDiplomate. Romancier (depuis 1962). Grand prix du roman de l&rsquo;Acad\u00e9mie fran\u00e7aise 1986. Membre de l&rsquo;Acad\u00e9mie fran\u00e7aise (\u00e9lu en 1988). Directeur de l&rsquo;Acad\u00e9mie de France \u00e0 Rome (la Villa M\u00e9dicis) (1994-1997). Pr\u00e9sident de la Biblioth\u00e8que nationale de France (1997-2002). A aussi \u00e9crit sous le nom Pierre-Jean R\u00e9my, Nicolas Meilcour, Raymond Marlot, Jean-Ren\u00e9 Pallas, Pierre Lempety.<br>\n500 ##\u200e$5e\u200e$3029072964Marlot, Raymond (1937-2010)<br>\n500 ##\u200e$5e\u200e$302709412XR\u00e9my, Pierre-Jean (1937-2010)<br>\n500 ##\u200e$5e\u200e$3027056414Pallas, Jean-Ren\u00e9 (1937-2010)<br>\n500 ##\u200e$5e\u200e$3026982870Lempety, Pierre (1937-2010)<br>\n500 ##\u200e$5e\u200e$3078628601Meilcour, Nicolas (1937-2010)<br>\n810 ##\u200e$aEt Gulliver mourut de sommeil \/ Jean-Pierre Angremy, 1962<br>\n810 ##\u200e$aWW, France 1987-1988<br>\n810 ##\u200e$aBN Cat. g\u00e9n. 1960-1969 [sous l&rsquo;entr\u00e9e : R\u00e9my, Pierre-Jean]<br>\n810 ##\u200e$aLe Monde (2010-04-29)\u200e$bMort dans la nuit du 27 au 28 avril 2010<\/p>\n<p class=\"message important\">Demande de modification\/correction des donn\u00e9es personnelles par un auteur : \u00e0 signaler au correspondant autorit\u00e9s : francoise.coulon@u-bordeaux.fr<\/p>\n<h1 id=\"stoc-modifications-richesse-et-completude-dune-notice\" class=\"wpig-heading\">Modifications : richesse et compl\u00e9tude d&rsquo;une notice<\/h1>\n<p>On compl\u00e8te un maximum la notice autorit\u00e9 avec les informations dont on dispose en CITANT BIEN les sources en 810 : attention, si elle doit \u00eatre compl\u00e8te, une notice autorit\u00e9 n\u2019est pas non plus une notice biographique.<\/p>\n<p>Si une notice est \u00ab pauvre \u00bb et qu\u2019on peut l\u2019am\u00e9liorer, il faut absolument le faire.<\/p>\n<h1 id=\"stoc-doublons\" class=\"wpig-heading\">Doublons<\/h1>\n<p class=\"message important\">Tous les doublons rencontr\u00e9s doivent \u00eatre signal\u00e9s au correspondant autorit\u00e9s : francoise.coulon@u-bordeaux.fr<\/p>\n<ul>\n<li>Le traitement des doublons autorit\u00e9s est assez rapide.<\/li>\n<li>On ne fait pas soi-m\u00eame les modifications : les notices seront fusionn\u00e9es.<\/li>\n<li>De m\u00eame, on ne supprime pas une autorit\u00e9 doublon.<\/li>\n<\/ul>\n<h1 id=\"stoc-dans-le-guide-methodologique-de-labes\" class=\"wpig-heading\">Dans le guide m\u00e9thodologique de l&rsquo;ABES<\/h1>\n<h2 id=\"stoc-creation\" class=\"wpig-heading\">Cr\u00e9ation<\/h2>\n<p>http:\/\/carmin.sudoc.abes.fr\/cgi-bin\/access\/guide\/manuels\/catalogage\/catalogage_autorites\/index.html<\/p>\n<h2 id=\"stoc-en-unimarc-version-sudoc\" class=\"wpig-heading\">En UNIMARC version SUDOC<\/h2>\n<p>http:\/\/carmin.sudoc.abes.fr\/cgi-bin\/access\/guide\/formats\/unma\/index.htm#TOP<\/p>\n\n\n<div class=\"is-layout-flex wp-container-6 wp-block-columns bord-bloc-reutilisable has-background\" style=\"background-color:#d9edf7\">\n<div class=\"is-layout-flow wp-block-column is-vertically-aligned-center\" style=\"font-size:15px;flex-basis:20%\">\n<p style=\"font-size:15px\"><strong>Date de publication<\/strong> <\/p>\n\n\n<div style=\"font-size:15px;\" class=\"wp-block-post-date\"><time datetime=\"2016-12-21T14:50:40+01:00\">21 d\u00e9cembre 2016<\/time><\/div><\/div>\n\n\n\n<div class=\"is-layout-flow wp-block-column is-vertically-aligned-center\" style=\"font-size:15px;flex-basis:20%\">\n<p><strong>Mis \u00e0 jour le <\/strong><\/p>\n\n\n<div style=\"font-size:15px;\" class=\"wp-block-post-date\"><time datetime=\"2024-06-06T16:50:41+02:00\">6 juin 2024<\/time><\/div><\/div>\n\n\n\n<div class=\"is-layout-flow wp-block-column is-vertically-aligned-center\" style=\"font-size:15px;flex-basis:40%\">\n<p><\/p>\n\n\n\n<p><strong>Attention ! <\/strong>Certains \u00e9tablissements utilisent parfois de proc\u00e9dures compl\u00e9mentaires <\/p>\n<\/div>\n\n\n\n<div class=\"is-layout-flow wp-block-column is-vertically-aligned-center\" style=\"font-size:15px;flex-basis:25%\">\n<div class=\"is-horizontal is-content-justification-center is-layout-flex wp-container-4 wp-block-buttons alignfull has-custom-font-size\" style=\"font-size:16px\">\n<div class=\"wp-block-button has-custom-width wp-block-button__width-75 has-custom-font-size is-style-fill\" style=\"font-size:15px\"><a class=\"wp-block-button__link has-white-color has-text-color has-background wp-element-button\" href=\"mailto:scoop@u-bordeaux.fr\" style=\"border-radius:65px;background-color:#000000db\"><strong>Signaler une erreur<\/strong><\/a><\/div>\n<\/div>\n<\/div>\n<\/div>\n","protected":false},"excerpt":{"rendered":"<p>Table des mati\u00e8res[ Show ]Cr\u00e9ation : consignesDans la base de productionD\u00e9rivation de la base d\u2019appuiCr\u00e9ation ex-nihilo (si la notice n\u2019existe pas dans la base d\u2019appui)Exemple de cr\u00e9ation zone par zoneNotice d\u00e9riv\u00e9eNotice cr\u00e9\u00e9e dans la base de production (non pr\u00e9sente dans&#8230;<\/p>\n","protected":false},"author":2,"featured_media":0,"parent":19326,"menu_order":0,"comment_status":"closed","ping_status":"closed","template":"","meta":[],"post_mailing_queue_ids":[],"_links":{"self":[{"href":"https:\/\/rebub.u-bordeaux.fr\/index.php\/wp-json\/wp\/v2\/pages\/587"}],"collection":[{"href":"https:\/\/rebub.u-bordeaux.fr\/index.php\/wp-json\/wp\/v2\/pages"}],"about":[{"href":"https:\/\/rebub.u-bordeaux.fr\/index.php\/wp-json\/wp\/v2\/types\/page"}],"author":[{"embeddable":true,"href":"https:\/\/rebub.u-bordeaux.fr\/index.php\/wp-json\/wp\/v2\/users\/2"}],"replies":[{"embeddable":true,"href":"https:\/\/rebub.u-bordeaux.fr\/index.php\/wp-json\/wp\/v2\/comments?post=587"}],"version-history":[{"count":4,"href":"https:\/\/rebub.u-bordeaux.fr\/index.php\/wp-json\/wp\/v2\/pages\/587\/revisions"}],"predecessor-version":[{"id":21335,"href":"https:\/\/rebub.u-bordeaux.fr\/index.php\/wp-json\/wp\/v2\/pages\/587\/revisions\/21335"}],"up":[{"embeddable":true,"href":"https:\/\/rebub.u-bordeaux.fr\/index.php\/wp-json\/wp\/v2\/pages\/19326"}],"wp:attachment":[{"href":"https:\/\/rebub.u-bordeaux.fr\/index.php\/wp-json\/wp\/v2\/media?parent=587"}],"curies":[{"name":"wp","href":"https:\/\/api.w.org\/{rel}","templated":true}]}}