	{"id":588,"date":"2016-12-21T14:51:36","date_gmt":"2016-12-21T13:51:36","guid":{"rendered":"http:\/\/rebub.u-bordeaux.fr\/?page_id=588"},"modified":"2024-06-06T16:51:50","modified_gmt":"2024-06-06T14:51:50","slug":"catalogage-dans-le-sudoc-dun-document-patrimonial-numerise","status":"publish","type":"page","link":"https:\/\/rebub.u-bordeaux.fr\/index.php\/le-patrimoine-documentaire\/le-signalement\/les-signalement-des-fonds-anciens\/catalogage-dans-le-sudoc-dun-document-patrimonial-numerise\/","title":{"rendered":"Le catalogage d\u2019un document patrimonial num\u00e9ris\u00e9"},"content":{"rendered":"<div id='wpig-floatingbar' class='wpig-floatingbar'><div id='wpig-switch-wrapper' class='wpig-switch-wrapper'><span id='wpig-floating-switch' class='wpig-floating-switch'><img src='https:\/\/rebub.u-bordeaux.fr\/wp-content\/plugins\/sticky-toc-advance-table-of-contents\/\\assets\\menu.png'><\/span><\/div><div id='wpig-contents' class='wpig-contents  wpig-sidebar-widget wpig-style-3'><span class='wpig-headline'>Table des mati\u00e8res<span><a data-action='show' class='wpig-btn-toggledisplay'>[ Show ]<\/a><\/span><\/span><!-- Table of Contents --><div id='wpig-table-of-content' class='wpig-table-of-content'><ol><li class='stoc-1-mise-a-jour-de-la-notice-du-document-papier-original'><a href='#stoc-1-mise-a-jour-de-la-notice-du-document-papier-original'>1. Mise \u00e0 jour de la notice du document papier original<\/a><ol><li class='stoc-consignes-detaillees'><a href='#stoc-consignes-detaillees'>Consignes d\u00e9taill\u00e9es<\/a><\/li><li class='stoc-2-creation-de-la-notice-du-document-numerise'><a href='#stoc-2-creation-de-la-notice-du-document-numerise'>2. Cr\u00e9ation de la notice du document num\u00e9ris\u00e9<\/a><ol><li class='stoc-modele-a-suivre-ppn-178049506'><a href='#stoc-modele-a-suivre-ppn-178049506'>Mod\u00e8le \u00e0 suivre : PPN 178049506<\/a><\/li><li class='stoc-consignes-detaillees-de-catalogage'><a href='#stoc-consignes-detaillees-de-catalogage'>Consignes d\u00e9taill\u00e9es de catalogage<\/a><\/li><li class='stoc-donnees-dexemplaire'><a href='#stoc-donnees-dexemplaire'>Donn\u00e9es d\u2019exemplaire<\/a><\/li><\/ol><\/li><\/li><\/div><!-- END OF Table of Contents --><\/div><\/div><p><div id='wpig-contents' class='wpig-contents  wpig-sidebar-widget wpig-style-1'><span class='wpig-headline'>Table des mati\u00e8res<span><a data-action='show' class='wpig-btn-toggledisplay'>[ Show ]<\/a><\/span><\/span><!-- Table of Contents --><div id='wpig-table-of-content' class='wpig-table-of-content' ><ol><li class='stoc-1-mise-a-jour-de-la-notice-du-document-papier-original'><a href='#stoc-1-mise-a-jour-de-la-notice-du-document-papier-original'>1. Mise \u00e0 jour de la notice du document papier original<\/a><ol><li class='stoc-consignes-detaillees'><a href='#stoc-consignes-detaillees'>Consignes d\u00e9taill\u00e9es<\/a><\/li><li class='stoc-2-creation-de-la-notice-du-document-numerise'><a href='#stoc-2-creation-de-la-notice-du-document-numerise'>2. Cr\u00e9ation de la notice du document num\u00e9ris\u00e9<\/a><ol><li class='stoc-modele-a-suivre-ppn-178049506'><a href='#stoc-modele-a-suivre-ppn-178049506'>Mod\u00e8le \u00e0 suivre : PPN 178049506<\/a><\/li><li class='stoc-consignes-detaillees-de-catalogage'><a href='#stoc-consignes-detaillees-de-catalogage'>Consignes d\u00e9taill\u00e9es de catalogage<\/a><\/li><li class='stoc-donnees-dexemplaire'><a href='#stoc-donnees-dexemplaire'>Donn\u00e9es d\u2019exemplaire<\/a><\/li><\/ol><\/li><\/li><\/div><!-- END OF Table of Contents --><\/div><\/p><h2 id=\"stoc-1-mise-a-jour-de-la-notice-du-document-papier-original\" class=\"wpig-heading\">1. Mise \u00e0 jour de la notice du document papier original<\/h2>\n<div class=\"message important\">\n<p><strong>MOD\u00c8LE A SUIVRE : PPN 069303967<\/strong><\/p>\n<\/div>\n<p class=\"message warning\">Ne pas oublier les donn\u00e9es cod\u00e9es, en particulier les 140<\/p>\n<p class=\"unimarc\">000 \u200e$015,56,67<br \/>003 http:\/\/www.sudoc.fr\/069303967<br \/>034 \u200e$aOCoLC\u200e$0491897823<br \/>181 ##\u200e$P01\u200e$ctxt<br \/>182 ##\u200e$P01\u200e$cn<br \/>183 ##$aP01$anga<br \/>200 1#\u200e$a@Anciens et nouveaux reglemens de la cour du parlement de Guienne\u200e$r, concernant l&rsquo;instruction pour l&rsquo;exercice de la justice, ausquels on a joint les \u00e9dits &amp; d\u00e9clarations du Roy, arr\u00eats du Conseil d&rsquo;Etat &amp; lettres patentes de Sa Majest\u00e9 ; nouveaux arr\u00eats &amp; reglemens des droits des greffes, de la conciergerie de la cour &amp; pour les emprisonnemens ; ensemble le stile du si\u00e8ge s\u00e9n\u00e9chal de Guienne, &amp; le reglement fait par la cour entre les procureurs d&rsquo;icelle, &amp; ceux du s\u00e9n\u00e9chal de Guienne. Derniere edition, rev\u00fbe, corrig\u00e9e &amp; augment\u00e9e de deux tables, l&rsquo;une par ordre alphabetique, &amp; l&rsquo;autre chronologique. Le tout imprim\u00e9 par ordre de la cour, &amp; par les soins de ma\u00eetres Jean Verninac &amp; Jean Lhommeau, sindics des procureurs<br \/>219 ##\u200e$rA Bordeaux, chez Jean-Baptiste Lacorn\u00e9e, imprimeur de la cour de parlement, &amp; de l&rsquo;H\u00f4tel de ville, ru\u00eb St. J\u00e2mes. M. DCC. XLIII<br \/>215 ##\u200e$a[12]-446-[4] p.\u200e$dIn-4<br \/>300 ##\u200e$aTable des titres et des mati\u00e8res<br \/>307 ##\u200e$aSig. [ ]6, A-3I\/4, [ ]2<br \/>307 ##\u200e$aBandeaux, lettrines<br \/>321 ##\u200e$aConlon<br \/>456 ##\u200e$0178049506@Anciens et nouveaux reglemens de la cour du parlement de Guienne, concernant l&rsquo;instruction pour l&rsquo;exercice de la justice, ausquels on a joint les \u00e9dits &amp; d\u00e9clarations du Roy, arr\u00eats du Conseil d&rsquo;Etat &amp; lettres patentes de Sa Majest\u00e9 ; nouveaux arr\u00eats &amp; reglemens des droits des greffes, de la conciergerie de la cour &amp; pour les emprisonnemens ; ensemble le stile du si\u00e8ge s\u00e9n\u00e9chal de Guienne, &amp; le reglement fait par la cour entre les procureurs d&rsquo;icelle, &amp; ceux du s\u00e9n\u00e9chal de Guienne. Derniere edition, rev\u00fbe, corrig\u00e9e &amp; augment\u00e9e de deux tables, l&rsquo;une par ordre alphabetique, &amp; l&rsquo;autre chronologique. Le tout imprim\u00e9 par ordre de la cour, &amp; par les soins de ma\u00eetres Jean Verninac &amp; Jean Lhommeau, sindics des procureurs \/ [Jean Verninac]. &#8211; Bordeaux : Universit\u00e9 de Bordeaux &#8211; Direction de la documentation, 2012<br \/>503 ##\u200e$a@Arr\u00eats\u200e$nParlement de Guienne\u200e$j1743<br \/>606 ##\u200e$3028237668Parlements &#8212; France &#8212; Ancien R\u00e9gime\u200e$3027797376Ouvrages avant 1800\u200e$2rameau<br \/>620 ##\u200e$dBordeaux<br \/>686 ##\u200e$a234CD2\u200e$2brp-sys<br \/>702 #1\u200e$3080465269Verninac, Jean (16..?-17..)\u200e$4340<br \/>702 #1\u200e$3080465358Lhommeau, Jean (16..?-17..)\u200e$4340<br \/>702 #1\u200e$3060267445Lacorn\u00e9e, Jean-Baptiste (1697-1772)\u200e$4610<br \/>710 01\u200e$3027692515@France. Parlement de Bordeaux\u200e$4070<br \/>e01 \u200e$a15-03-12\u200e$bx<br \/>930 ##\u200e$b335222102\u200e$aB 6379\u200e$jg<br \/>991 ##\u200e$aRETRO-2012-LOC-BU Droit\u200e$bFonds ancien<br \/>A97 10-11-14 11:19:13.000<br \/>A98 335222102:15-03-12<br \/>A99 446350125<br \/>E316 ##\u200e$aReliure basane marbr\u00e9e, dos dor\u00e9 \u00e0 5 nerfs, 18e s.<br \/>E317 ##\u200e$aEx-libris ms. sur page de titre : \u00ab\u00a0J-B-S. Rambault\u00a0\u00bb.<br \/>E317 ##\u200e$aCachet de la biblioth\u00e8que du s\u00e9minaire de Bordeaux : \u00ab\u00a0Ex biblio. Semin. Burdigala\u00a0\u00bb.<br \/>E317 ##\u200e$aCachet de la Biblioth\u00e8que Universit\u00e9 de Bordeaux, Section Droit<br \/>E712 01\u200e$3165796766@Grand s\u00e9minaire (Bordeaux). Biblioth\u00e8que\u200e$4390<\/p>\n<h3 id=\"stoc-consignes-detaillees\" class=\"wpig-heading\">Consignes d\u00e9taill\u00e9es<\/h3>\n<p>Rajouter, sur la notice du document original papier :<\/p>\n<ol>\n<li>Les zones 181 et 182<\/li>\n<li>Ajout de la zone 183 qui sert \u00e0 d\u00e9signer le type de support mat\u00e9riel<\/li>\n<li>Le 200 $r (\u00ab Autres donn\u00e9es issues de la page de titre en compl\u00e9ment du titre propre \u00bb)<\/li>\n<li>Ajout de la zone 219 qui remplace la zone 210 depuis avril 2017 et sert \u00e0 pr\u00e9ciser l&rsquo;adresse. Si adresse compl\u00e8te sur page de titre + adresse au colophon, employer la formule : 219 ##$r + $s<\/li>\n<li>Un lien vers la notice du document num\u00e9ris\u00e9 en 456<\/li>\n<\/ol>\n<h2 id=\"stoc-2-creation-de-la-notice-du-document-numerise\" class=\"wpig-heading\">2. Cr\u00e9ation de la notice du document num\u00e9ris\u00e9<\/h2>\n<p class=\"message important\">Babord-Num : cataloguer sur le RCR UB-Bib. \u00e9lectronique 335229901<br \/>1886 : cataloguer sur le RCR 335229906<br \/>Si besoin demander le code au correspondant catalogage ou au coordinateur SUDOC<\/p>\n<h3 id=\"stoc-modele-a-suivre-ppn-178049506\" class=\"wpig-heading\">Mod\u00e8le \u00e0 suivre : PPN 178049506<\/h3>\n<p class=\"unimarc\">000 \u200e$015<br \/>003 http:\/\/www.sudoc.fr\/178049506<br \/>008 \u200e$aOax3<br \/>034 \u200e$aOCoLC\u200e$0878926901<br \/>100 0#\u200e$a2012\u200e$e1743<br \/>101 0#\u200e$afre<br \/>102 ##\u200e$aFR<br \/>104 ##\u200e$ak\u200e$by\u200e$cy\u200e$dba\u200e$e0\u200e$ffre<br \/>105 ##\u200e$ay\u200e$bz\u200e$c0\u200e$d0\u200e$e0\u200e$fy\u200e$gy<br \/>106 ##\u200e$ar<br \/>135 ##\u200e$aj\u200e$br\u200e$cg\u200e$dn\u200e$e#\u200e$f024\u200e$ga\u200e$hp\u200e$ia\u200e$ja\u200e$ku<br \/>181 ##\u200e$P01\u200e$ctxt<br \/>182 ##\u200e$P01\u200e$cc<br \/>183 ##\u200e$P01\u200e$aceb<br \/>200 1#\u200e$a@Anciens et nouveaux reglemens de la cour du parlement de Guienne, concernant l&rsquo;instruction pour l&rsquo;exercice de la justice, ausquels on a joint les \u00e9dits &amp; d\u00e9clarations du Roy, arr\u00eats du Conseil d&rsquo;Etat &amp; lettres patentes de Sa Majest\u00e9 ; nouveaux arr\u00eats &amp; reglemens des droits des greffes, de la conciergerie de la cour &amp; pour les emprisonnemens ; ensemble le stile du si\u00e8ge s\u00e9n\u00e9chal de Guienne, &amp; le reglement fait par la cour entre les procureurs d&rsquo;icelle, &amp; ceux du s\u00e9n\u00e9chal de Guienne. Derniere edition, rev\u00fbe, corrig\u00e9e &amp; augment\u00e9e de deux tables, l&rsquo;une par ordre alphabetique, &amp; l&rsquo;autre chronologique. Le tout imprim\u00e9 par ordre de la cour, &amp; par les soins de ma\u00eetres Jean Verninac &amp; Jean Lhommeau, sindics des procureurs\u200e$f[Jean Verninac]\u200e$g[Jean Lhommeau]<br \/>205 ##\u200e$aFac-simil\u00e9 num\u00e9rique : Babord-Num 2012<br \/>219 #0\u200e$aBordeaux\u200e$cUniversit\u00e9 de Bordeaux &#8211; Direction de la documentation\u200e$d2012<br \/>230 ##\u200e$aDonn\u00e9es textuelles (464 fichiers)<br \/>305 ##\u200e$aDocument num\u00e9ris\u00e9 dans le cadre du projet : \u00ab\u00a0Sources juridiques du Sud-Ouest\u00a0\u00bb (coop\u00e9ration avec la BnF)<br \/>324 ##\u200e$aNum\u00e9risation de l&rsquo;\u00e9dition de Bordeaux : Jean-Baptiste Lacorn\u00e9e, 1743<br \/>455 ##\u200e$0069303967@Anciens et nouveaux reglemens de la cour du Parlement de Guienne, concernant l&rsquo;instruction pour l&rsquo;exercice de la justice, ausquels on a joint les Edits &amp; D\u00e9clarations du Roy, Arr\u00eats du Conseil d&rsquo;Etat &amp; Lettres Patentes de Sa Majest\u00e9; nouveaux Arr\u00eats &amp; Reglemens des Droits des Greffes, de la Conciergerie de la Cour &amp; pour les Emprisonnemens; ensemble le Stile du Si\u00e8ge S\u00e9n\u00e9chal de Guienne, &amp; le Reglement fait par la Cour entre les Procureurs d&rsquo;icelle, &amp; ceux du S\u00e9n\u00e9chal de Guienne. &#8211; A Bordeaux, Chez Jean-Baptiste Lacorn\u00e9e, Imprimeur de la Cour de Parlement, &amp; de l&rsquo;H\u00f4tel de Ville, ru\u00eb St. J\u00e2mes. M. DCC. XLIII. &#8211; [12],446,[4] p.<br \/>606 ##\u200e$3028237668Parlements &#8212; France &#8212; Ancien R\u00e9gime\u200e$3027797376Ouvrages avant 1800\u200e$2rameau<br \/>702 #1\u200e$3080465269Verninac, Jean (16..?-17..)\u200e$4340<br \/>702 #1\u200e$3080465358Lhommeau, Jean (16..?-17..)\u200e$4340<br \/>702 #1\u200e$3060267445Lacorn\u00e9e, Jean-Baptiste (1697-1772)\u200e$4610<br \/>710 01\u200e$3027692515@France. Parlement de Bordeaux\u200e$4070<br \/>856 4#\u200e$uhttp:\/\/www.babordnum.fr\/items\/show\/153<br \/>e01 \u200e$a02-05-14\u200e$bx<br \/>930 ##\u200e$b335229901<br \/>A97 02-05-14 10:48:23.000<br \/>A98 335229901:02-05-14<br \/>A99 505237059<\/p>\n<h3 id=\"stoc-consignes-detaillees-de-catalogage\" class=\"wpig-heading\">Consignes d\u00e9taill\u00e9es de catalogage<\/h3>\n<ul>\n<li>1XX \u2013 Informations cod\u00e9es\n<ul>\n<li>100 0#$a[Date de la num\u00e9risation]$e[Date du document original]<\/li>\n<\/ul>\n<ul>\n<li>135 ##\n<ul>\n<li>Type de fichier informatique : j<\/li>\n<li>Sp\u00e9cificit\u00e9s mat\u00e9rielles : r<\/li>\n<\/ul>\n<ul>\n<li>Couleur : polychrome ou gris<\/li>\n<li>Dimensions : nSon : #<\/li>\n<li>Bits par pixel : 024<\/li>\n<li>Nombre de formats de fichiers : a<\/li>\n<li>Assurance de qualit\u00e9 : p<\/li>\n<li>Source ou ant\u00e9c\u00e9dent : a<\/li>\n<li>Compression : b<\/li>\n<li>Qualit\u00e9 du reformatage : u<\/li>\n<\/ul>\n<\/li>\n<li>181 ##\u200e$P01\u200e$ctxt<\/li>\n<li>182 ##\u200e$P01\u200e$cc2XX \u2013 Informations descriptives<\/li>\n<li>183 ##\u200e$P01\u200e$aceb\u00a0\u2013 Type de support : Ressource d\u00e9mat\u00e9rialis\u00e9e<\/li>\n<\/ul>\n<\/li>\n<li>200 1#$a[Copier \u00e0 l\u2019identique la totalit\u00e9 du titre original : fondre en un seul $a le $a et le $r du document papier]$f[Ajouter l\u2019auteur signal\u00e9 en 7XX]$g[ Ajouter le(s) auteur(s) secondaire(s) signal\u00e9(s) en 7XX]<\/li>\n<li>205 ##$aFac-simil\u00e9 num\u00e9rique : Babord-Num\/1886 [+ date de num\u00e9risation]<\/li>\n<li>219\u00a0<span style=\"color: #ff0000;\">Diff\u00e9rents cas de figure :<\/span>\n<ul>\n<li>219 #0$aBordeaux\u200e$c[Nom de l\u2019\u00e9tablissement]\u200e$d[Date de num\u00e9risation identique \u00e0 celle signal\u00e9e en 100$a] + donn\u00e9es de l&rsquo;\u00e9tablissement <span style=\"color: #ff0000;\">(dans le cas d&rsquo;une num\u00e9risation avec ajout \u00e9ditorial : travail technique visant \u00e0 valoriser le document num\u00e9ris\u00e9\u00a0 comme des ajouts de m\u00e9tadonn\u00e9es, une indexation plus fine, des retouches d\u2019images, des fonctionnalit\u00e9s sp\u00e9cifiques de visionnage, une table des mati\u00e8res, etc.)<\/span><\/li>\n<li>219 #0$a[Lieu de publication inconnu]$c[\u00e9diteur inconnu] + 219 #2$aBordeaux\u200e$c[Nom de l\u2019\u00e9tablissement]\u200e$d[Date de num\u00e9risation identique \u00e0 celle signal\u00e9e en 100$a] <span style=\"color: #ff0000;\">(dans le cas d&rsquo;une num\u00e9risation sans ajout \u00e9ditorial)<\/span><\/li>\n<\/ul>\n<\/li>\n<li>230 ##\u200e$aDonn\u00e9es textuelles (X fichiers) [reporter ici le nombre de pages du document num\u00e9ris\u00e9]<\/li>\n<li>305 ##$a[A remplir uniquement lorsque le document fait partie d\u2019un corpus qui a b\u00e9n\u00e9fici\u00e9 d\u2019une subvention ext\u00e9rieure]<\/li>\n<li>324##$aNum\u00e9risation de l&rsquo;\u00e9dition de [Ville] : [Editeur (Pr\u00e9nom Nom)], [Date en chiffres arabes] [Reprendre ici les informations de la zone 210 du document original]<\/li>\n<li>455 (Reproduction de) ##[Ne pas oublier de faire le lien vers la notice du document original ; ne pas oublier, dans le document original, de faire le lien vers la notice \u00e9lectronique]<\/li>\n<li>856 4#$u[Faire un copier-coller de l\u2019URL du document num\u00e9ris\u00e9]<\/li>\n<\/ul>\n<h3 id=\"stoc-donnees-dexemplaire\" class=\"wpig-heading\">Donn\u00e9es d\u2019exemplaire<\/h3>\n<p>Cr\u00e9er un exemplaire simple, sans cl\u00e9, sans cote et sans code PEB.<\/p>\n\n\n<div class=\"is-layout-flex wp-container-6 wp-block-columns bord-bloc-reutilisable has-background\" style=\"background-color:#d9edf7\">\n<div class=\"is-layout-flow wp-block-column is-vertically-aligned-center\" style=\"font-size:15px;flex-basis:20%\">\n<p style=\"font-size:15px\"><strong>Date de publication<\/strong> <\/p>\n\n\n<div style=\"font-size:15px;\" class=\"wp-block-post-date\"><time datetime=\"2016-12-21T14:51:36+01:00\">21 d\u00e9cembre 2016<\/time><\/div><\/div>\n\n\n\n<div class=\"is-layout-flow wp-block-column is-vertically-aligned-center\" style=\"font-size:15px;flex-basis:20%\">\n<p><strong>Mis \u00e0 jour le <\/strong><\/p>\n\n\n<div style=\"font-size:15px;\" class=\"wp-block-post-date\"><time datetime=\"2024-06-06T16:51:50+02:00\">6 juin 2024<\/time><\/div><\/div>\n\n\n\n<div class=\"is-layout-flow wp-block-column is-vertically-aligned-center\" style=\"font-size:15px;flex-basis:40%\">\n<p><\/p>\n\n\n\n<p><strong>Attention ! <\/strong>Certains \u00e9tablissements utilisent parfois de proc\u00e9dures compl\u00e9mentaires <\/p>\n<\/div>\n\n\n\n<div class=\"is-layout-flow wp-block-column is-vertically-aligned-center\" style=\"font-size:15px;flex-basis:25%\">\n<div class=\"is-horizontal is-content-justification-center is-layout-flex wp-container-4 wp-block-buttons alignfull has-custom-font-size\" style=\"font-size:16px\">\n<div class=\"wp-block-button has-custom-width wp-block-button__width-75 has-custom-font-size is-style-fill\" style=\"font-size:15px\"><a class=\"wp-block-button__link has-white-color has-text-color has-background wp-element-button\" href=\"mailto:scoop@u-bordeaux.fr\" style=\"border-radius:65px;background-color:#000000db\"><strong>Signaler une erreur<\/strong><\/a><\/div>\n<\/div>\n<\/div>\n<\/div>\n","protected":false},"excerpt":{"rendered":"<p>Table des mati\u00e8res[ Show ]1. Mise \u00e0 jour de la notice du document papier originalConsignes d\u00e9taill\u00e9es2. Cr\u00e9ation de la notice du document num\u00e9ris\u00e9Mod\u00e8le \u00e0 suivre : PPN 178049506Consignes d\u00e9taill\u00e9es de catalogageDonn\u00e9es d\u2019exemplaire1. Mise \u00e0 jour de la notice du document&#8230;<\/p>\n","protected":false},"author":2,"featured_media":0,"parent":19324,"menu_order":1,"comment_status":"closed","ping_status":"closed","template":"","meta":[],"post_mailing_queue_ids":[],"_links":{"self":[{"href":"https:\/\/rebub.u-bordeaux.fr\/index.php\/wp-json\/wp\/v2\/pages\/588"}],"collection":[{"href":"https:\/\/rebub.u-bordeaux.fr\/index.php\/wp-json\/wp\/v2\/pages"}],"about":[{"href":"https:\/\/rebub.u-bordeaux.fr\/index.php\/wp-json\/wp\/v2\/types\/page"}],"author":[{"embeddable":true,"href":"https:\/\/rebub.u-bordeaux.fr\/index.php\/wp-json\/wp\/v2\/users\/2"}],"replies":[{"embeddable":true,"href":"https:\/\/rebub.u-bordeaux.fr\/index.php\/wp-json\/wp\/v2\/comments?post=588"}],"version-history":[{"count":10,"href":"https:\/\/rebub.u-bordeaux.fr\/index.php\/wp-json\/wp\/v2\/pages\/588\/revisions"}],"predecessor-version":[{"id":21337,"href":"https:\/\/rebub.u-bordeaux.fr\/index.php\/wp-json\/wp\/v2\/pages\/588\/revisions\/21337"}],"up":[{"embeddable":true,"href":"https:\/\/rebub.u-bordeaux.fr\/index.php\/wp-json\/wp\/v2\/pages\/19324"}],"wp:attachment":[{"href":"https:\/\/rebub.u-bordeaux.fr\/index.php\/wp-json\/wp\/v2\/media?parent=588"}],"curies":[{"name":"wp","href":"https:\/\/api.w.org\/{rel}","templated":true}]}}