	{"id":659,"date":"2016-12-22T09:36:15","date_gmt":"2016-12-22T08:36:15","guid":{"rendered":"http:\/\/rebub.u-bordeaux.fr\/?page_id=659"},"modified":"2021-09-10T14:31:03","modified_gmt":"2021-09-10T12:31:03","slug":"cidemis-circuit-dematerialise-de-demandes-dissn","status":"publish","type":"page","link":"https:\/\/rebub.u-bordeaux.fr\/index.php\/lanimation-du-reseau\/les-formations\/les-supports-de-formation\/cidemis\/cidemis-circuit-dematerialise-de-demandes-dissn\/","title":{"rendered":"CIDEMIS : CIrcuit d\u00e9mat\u00e9rialis\u00e9 de DEMandes d&rsquo;ISSN"},"content":{"rendered":"<div id='wpig-floatingbar' class='wpig-floatingbar'><div id='wpig-switch-wrapper' class='wpig-switch-wrapper'><span id='wpig-floating-switch' class='wpig-floating-switch'><img src='https:\/\/rebub.u-bordeaux.fr\/wp-content\/plugins\/sticky-toc-advance-table-of-contents\/\\assets\\menu.png'><\/span><\/div><\/div><p><\/p><p>Vous trouverez ci-dessous le support de formation \u00e0 l&rsquo;utilisation de la plateforme CIDEMIS<\/p>\n<div class=\"message important\">\n<p><a href=\"http:\/\/rebub.u-bordeaux.fr\/wp-content\/uploads\/2017\/07\/Support-pr%C3%A9sentation-CIDEMIS.pdf\">Support formation CIDEMIS<\/a><\/p>\n<\/div>\n<p>Une question, une interrogation sur cet article ? <a title=\"SOOS SCOOP\" href=\"https:\/\/assistance.u-bordeaux.fr\/\" target=\"_blank\" rel=\"noopener noreferrer\">SOS SCOOP<\/a><\/p>\n","protected":false},"excerpt":{"rendered":"<p>Vous trouverez ci-dessous le support de formation \u00e0 l&rsquo;utilisation de la plateforme CIDEMIS Support formation CIDEMIS Une question, une interrogation sur cet article ? SOS SCOOP<\/p>\n","protected":false},"author":2,"featured_media":0,"parent":12492,"menu_order":0,"comment_status":"closed","ping_status":"closed","template":"","meta":[],"post_mailing_queue_ids":[],"_links":{"self":[{"href":"https:\/\/rebub.u-bordeaux.fr\/index.php\/wp-json\/wp\/v2\/pages\/659"}],"collection":[{"href":"https:\/\/rebub.u-bordeaux.fr\/index.php\/wp-json\/wp\/v2\/pages"}],"about":[{"href":"https:\/\/rebub.u-bordeaux.fr\/index.php\/wp-json\/wp\/v2\/types\/page"}],"author":[{"embeddable":true,"href":"https:\/\/rebub.u-bordeaux.fr\/index.php\/wp-json\/wp\/v2\/users\/2"}],"replies":[{"embeddable":true,"href":"https:\/\/rebub.u-bordeaux.fr\/index.php\/wp-json\/wp\/v2\/comments?post=659"}],"version-history":[{"count":4,"href":"https:\/\/rebub.u-bordeaux.fr\/index.php\/wp-json\/wp\/v2\/pages\/659\/revisions"}],"predecessor-version":[{"id":12493,"href":"https:\/\/rebub.u-bordeaux.fr\/index.php\/wp-json\/wp\/v2\/pages\/659\/revisions\/12493"}],"up":[{"embeddable":true,"href":"https:\/\/rebub.u-bordeaux.fr\/index.php\/wp-json\/wp\/v2\/pages\/12492"}],"wp:attachment":[{"href":"https:\/\/rebub.u-bordeaux.fr\/index.php\/wp-json\/wp\/v2\/media?parent=659"}],"curies":[{"name":"wp","href":"https:\/\/api.w.org\/{rel}","templated":true}]}}